{"id":9976,"date":"2023-10-27T14:38:11","date_gmt":"2023-10-27T13:38:11","guid":{"rendered":"https:\/\/mittelschule-hofeck.de\/wordpress\/?page_id=9976"},"modified":"2025-02-21T16:25:49","modified_gmt":"2025-02-21T15:25:49","slug":"deutsches-sprachdiplom","status":"publish","type":"page","link":"https:\/\/mittelschule-hofeck.de\/wordpress\/deutsches-sprachdiplom\/","title":{"rendered":"Deutsches Sprachdiplom"},"content":{"rendered":"\n<p>Seit 2023 nehmen wir am Deutschen Sprachdiplom teil!<\/p>\n\n\n\n<div class=\"wp-block-media-text is-stacked-on-mobile\" style=\"grid-template-columns:34% auto\"><figure class=\"wp-block-media-text__media\"><img loading=\"lazy\" decoding=\"async\" width=\"374\" height=\"271\" src=\"https:\/\/mittelschule-hofeck.de\/wordpress\/wp-content\/uploads\/2023\/10\/image.png\" alt=\"\" class=\"wp-image-9977 size-full\" srcset=\"https:\/\/mittelschule-hofeck.de\/wordpress\/wp-content\/uploads\/2023\/10\/image.png 374w, https:\/\/mittelschule-hofeck.de\/wordpress\/wp-content\/uploads\/2023\/10\/image-300x217.png 300w\" sizes=\"auto, (max-width: 374px) 100vw, 374px\" \/><\/figure><div class=\"wp-block-media-text__content\">\n<p>&#8222;Das \u201eDeutsche Sprachdiplom der Kultusministerkonferenz\u201c (DSD)&nbsp;ist eine schulische Sprachpr\u00fcfung, die seit 40 Jahren im Ausland auf verschiedenen Niveaustufen abgelegt werden kann. Seit 2010 wird das DSD I auch an Schulen in einigen Bundesl\u00e4ndern angeboten; es richtet sich an junge Menschen, die sich in der Phase der schulischen Erstintegration befinden. 2015 haben erstmals Sch\u00fclerinnen und Sch\u00fcler [&#8230;] von vier bayerischen Mittelschulen die Sprachpr\u00fcfung abgelegt. &#8222;<\/p>\n<\/div><\/div>\n\n\n<h6>(Quelle: https:\/\/www.km.bayern.de\/lehrer\/meldung\/3655\/mittelschueler-mit-migrationsgeschichte-legen-deutsches-sprachdiplom-ab.html und https:\/\/www.kmk.org\/themen\/deutsches-sprachdiplom-dsd.html)<\/h6>\n\n\n<p><\/p>\n\n\n\n<div class=\"wp-block-group\"><div class=\"wp-block-group__inner-container is-layout-constrained wp-block-group-is-layout-constrained\">\n<p>Sch\u00fclerinnen und Sch\u00fcler der Hofecker-Mittelschule, die erst kurze Zeit Deutsch lernen, k\u00f6nnen sich seitdem dieser Herausforderung stellen. Betreut werden Sie von DaZ-Lehrkr\u00e4ften. Sie bereiten die Sch\u00fclerinnen und Sch\u00fcler in den Pr\u00fcfungsteilen<\/p>\n\n\n\n<ul class=\"wp-block-list\">\n<li>H\u00f6rverstehen<\/li>\n\n\n\n<li>Leseverstehen<\/li>\n\n\n\n<li>schriftliche Kommunikation <\/li>\n\n\n\n<li>m\u00fcndliche Kommunikation <\/li>\n<\/ul>\n<\/div><\/div>\n\n\n\n<p>vor.<\/p>\n\n\n\n<p>Wir w\u00fcnschen allen Teilnehmerinnen und Teilnehmern viel Erfolg!<\/p>\n\n\n\n<hr class=\"wp-block-separator has-alpha-channel-opacity\"\/>\n\n\n\n<p>Zur Vorbereitung auf das Sprachdiplom konnten unsere Sch\u00fclerinnen und Sch\u00fcler eine Woche in Bayreuth verbringen und sich intensiv auf die Pr\u00fcfung vorbereiten:<\/p>\n\n\n<blockquote class=\"wp-embedded-content\" data-secret=\"lOE1hZXZ5Q\"><p><a href=\"https:\/\/mittelschule-hofeck.de\/wordpress\/10239\/\">Sprachcamp in Bayreuth<\/a><\/p><\/blockquote>\n<p><iframe loading=\"lazy\" class=\"wp-embedded-content\" sandbox=\"allow-scripts\" security=\"restricted\" style=\"position: absolute; visibility: hidden;\" title=\"&#8222;Sprachcamp in Bayreuth&#8220; &#8212; \" src=\"https:\/\/mittelschule-hofeck.de\/wordpress\/10239\/embed\/#?secret=rhPO4yecQj#?secret=lOE1hZXZ5Q\" data-secret=\"lOE1hZXZ5Q\" width=\"600\" height=\"338\" frameborder=\"0\" marginwidth=\"0\" marginheight=\"0\" scrolling=\"no\"><\/iframe><\/p>\n","protected":false},"excerpt":{"rendered":"<p>Seit 2023 nehmen wir am Deutschen Sprachdiplom teil! &#8222;Das \u201eDeutsche Sprachdiplom der Kultusministerkonferenz\u201c (DSD)&nbsp;ist eine schulische Sprachpr\u00fcfung, die seit 40 Jahren im Ausland auf verschiedenen Niveaustufen abgelegt werden kann. Seit 2010 wird das DSD I auch an Schulen in einigen Bundesl\u00e4ndern angeboten; es richtet sich an junge Menschen, die sich in der Phase der schulischen&#8230;<\/p>\n","protected":false},"author":1,"featured_media":0,"parent":0,"menu_order":0,"comment_status":"closed","ping_status":"closed","template":"","meta":{"footnotes":""},"class_list":["post-9976","page","type-page","status-publish","hentry"],"_links":{"self":[{"href":"https:\/\/mittelschule-hofeck.de\/wordpress\/wp-json\/wp\/v2\/pages\/9976","targetHints":{"allow":["GET"]}}],"collection":[{"href":"https:\/\/mittelschule-hofeck.de\/wordpress\/wp-json\/wp\/v2\/pages"}],"about":[{"href":"https:\/\/mittelschule-hofeck.de\/wordpress\/wp-json\/wp\/v2\/types\/page"}],"author":[{"embeddable":true,"href":"https:\/\/mittelschule-hofeck.de\/wordpress\/wp-json\/wp\/v2\/users\/1"}],"replies":[{"embeddable":true,"href":"https:\/\/mittelschule-hofeck.de\/wordpress\/wp-json\/wp\/v2\/comments?post=9976"}],"version-history":[{"count":5,"href":"https:\/\/mittelschule-hofeck.de\/wordpress\/wp-json\/wp\/v2\/pages\/9976\/revisions"}],"predecessor-version":[{"id":10899,"href":"https:\/\/mittelschule-hofeck.de\/wordpress\/wp-json\/wp\/v2\/pages\/9976\/revisions\/10899"}],"wp:attachment":[{"href":"https:\/\/mittelschule-hofeck.de\/wordpress\/wp-json\/wp\/v2\/media?parent=9976"}],"curies":[{"name":"wp","href":"https:\/\/api.w.org\/{rel}","templated":true}]}}