{"id":8413,"date":"2021-10-20T17:06:17","date_gmt":"2021-10-20T16:06:17","guid":{"rendered":"https:\/\/mittelschule-hofeck.de\/wordpress\/?page_id=8413"},"modified":"2023-01-31T12:55:34","modified_gmt":"2023-01-31T11:55:34","slug":"schuelerlotsen","status":"publish","type":"page","link":"https:\/\/mittelschule-hofeck.de\/wordpress\/schuelerlotsen\/","title":{"rendered":"Sch\u00fclerlotsen"},"content":{"rendered":"\n<p>Jeden Morgen vor Schulbeginn, herrscht an der Kreuzung Quetschenweg \/ Joditzer Weg reger Verkehr. Autos fahren z\u00fcgig von beiden Seiten heran, halten, um Sch\u00fcler aussteigen zu lassen. Dazu viele parkende Autos, zwischen denen Fu\u00dfg\u00e4nger die Stra\u00dfe \u00fcberqueren und etliche Fahrr\u00e4der, die teils auf dem Gehweg, teils auf der Stra\u00dfe fahren. Da gestaltet es sich f\u00fcr viele j\u00fcngere Sch\u00fcler schwierig, die Stra\u00dfenkreuzung gefahrlos zu \u00fcberqueren.<\/p>\n\n\n<div class=\"wp-block-image\">\n<figure class=\"aligncenter is-resized\"><img loading=\"lazy\" decoding=\"async\" src=\"https:\/\/mittelschule-hofeck.de\/wordpress\/wp-content\/uploads\/2021\/11\/IMG_2729-3-min-768x1024.jpg\" alt=\"\" class=\"wp-image-8436\" width=\"576\" height=\"768\" srcset=\"https:\/\/mittelschule-hofeck.de\/wordpress\/wp-content\/uploads\/2021\/11\/IMG_2729-3-min-768x1025.jpg 768w, https:\/\/mittelschule-hofeck.de\/wordpress\/wp-content\/uploads\/2021\/11\/IMG_2729-3-min-225x300.jpg 225w, https:\/\/mittelschule-hofeck.de\/wordpress\/wp-content\/uploads\/2021\/11\/IMG_2729-3-min-1151x1536.jpg 1151w, https:\/\/mittelschule-hofeck.de\/wordpress\/wp-content\/uploads\/2021\/11\/IMG_2729-3-min-1535x2048.jpg 1535w, https:\/\/mittelschule-hofeck.de\/wordpress\/wp-content\/uploads\/2021\/11\/IMG_2729-3-min-scaled.jpg 1919w\" sizes=\"auto, (max-width: 576px) 100vw, 576px\" \/><\/figure>\n<\/div>\n\n\n<p>Hierbei bekommen sie nun tatkr\u00e4ftige Hilfe. Sieben Sch\u00fclerinnen und Sch\u00fcler der 7. und 8. Klassen der Hofecker Mittelschule erkl\u00e4rten sich dazu bereit, die Ausbildung f\u00fcr den Sch\u00fclerlotsendienst zu absolvieren. In f\u00fcnf Doppelstunden verfolgten sie interessiert, aufmerksam und motiviert die Ausbildung bei Herrn Axel Hofmann, dem Verkehrserzieher der Polizeiinspektion Hof. Hierbei erhielten sie nicht nur wichtige Informationen zur Sicherung des \u00dcberweges, sondern ebenso \u00fcber Verkehrsregeln und -zeichen, Gefahren des toten Winkels, Berechnungen des Bremswegs und zum Einsch\u00e4tzen des Verhaltens verschiedenster Verkehrsteilnehmer.<\/p>\n\n\n\n<p>Am Ende gab es nach erfolgreich abgelegter Theoriepr\u00fcfung noch eine praktische Einweisung vor Ort, sodass die neuen Sch\u00fclerlotsen ihren Dienst nach den Herbstferien antreten k\u00f6nnen.<\/p>\n\n\n\n<p>Der F\u00f6rderverein bedankte sich bei ihnen f\u00fcr ihr soziales Engagement mit einem kleinen Pr\u00e4sent.<\/p>\n\n\n\n<p>Den neuen Sch\u00fclerlotsen an dieser Stelle herzlichen Gl\u00fcckwunsch und viel Freude an der neuen Aufgabe!<\/p>\n\n\n\n<figure class=\"wp-block-gallery has-nested-images columns-default is-cropped wp-block-gallery-1 is-layout-flex wp-block-gallery-is-layout-flex\">\n<figure class=\"wp-block-image size-large\"><img loading=\"lazy\" decoding=\"async\" width=\"1024\" height=\"670\" data-id=\"8439\" src=\"https:\/\/mittelschule-hofeck.de\/wordpress\/wp-content\/uploads\/2021\/11\/IMG_2719-2-min-1024x670.jpg\" alt=\"\" class=\"wp-image-8439\" srcset=\"https:\/\/mittelschule-hofeck.de\/wordpress\/wp-content\/uploads\/2021\/11\/IMG_2719-2-min-1024x670.jpg 1024w, https:\/\/mittelschule-hofeck.de\/wordpress\/wp-content\/uploads\/2021\/11\/IMG_2719-2-min-300x196.jpg 300w, https:\/\/mittelschule-hofeck.de\/wordpress\/wp-content\/uploads\/2021\/11\/IMG_2719-2-min-768x502.jpg 768w, https:\/\/mittelschule-hofeck.de\/wordpress\/wp-content\/uploads\/2021\/11\/IMG_2719-2-min-1536x1004.jpg 1536w, https:\/\/mittelschule-hofeck.de\/wordpress\/wp-content\/uploads\/2021\/11\/IMG_2719-2-min-2048x1339.jpg 2048w\" sizes=\"auto, (max-width: 1024px) 100vw, 1024px\" \/><\/figure>\n\n\n\n<figure class=\"wp-block-image size-large\"><img loading=\"lazy\" decoding=\"async\" width=\"1024\" height=\"685\" data-id=\"8438\" src=\"https:\/\/mittelschule-hofeck.de\/wordpress\/wp-content\/uploads\/2021\/11\/IMG_2717-2-min-1024x685.jpg\" alt=\"\" class=\"wp-image-8438\" srcset=\"https:\/\/mittelschule-hofeck.de\/wordpress\/wp-content\/uploads\/2021\/11\/IMG_2717-2-min-1024x685.jpg 1024w, https:\/\/mittelschule-hofeck.de\/wordpress\/wp-content\/uploads\/2021\/11\/IMG_2717-2-min-300x201.jpg 300w, https:\/\/mittelschule-hofeck.de\/wordpress\/wp-content\/uploads\/2021\/11\/IMG_2717-2-min-768x514.jpg 768w, https:\/\/mittelschule-hofeck.de\/wordpress\/wp-content\/uploads\/2021\/11\/IMG_2717-2-min-1536x1028.jpg 1536w, https:\/\/mittelschule-hofeck.de\/wordpress\/wp-content\/uploads\/2021\/11\/IMG_2717-2-min-2048x1370.jpg 2048w\" sizes=\"auto, (max-width: 1024px) 100vw, 1024px\" \/><\/figure>\n\n\n\n<figure class=\"wp-block-image size-large\"><img loading=\"lazy\" decoding=\"async\" width=\"1024\" height=\"822\" data-id=\"8437\" src=\"https:\/\/mittelschule-hofeck.de\/wordpress\/wp-content\/uploads\/2021\/11\/IMG_2714-2-min-1024x822.jpg\" alt=\"\" class=\"wp-image-8437\" srcset=\"https:\/\/mittelschule-hofeck.de\/wordpress\/wp-content\/uploads\/2021\/11\/IMG_2714-2-min-1024x822.jpg 1024w, https:\/\/mittelschule-hofeck.de\/wordpress\/wp-content\/uploads\/2021\/11\/IMG_2714-2-min-300x241.jpg 300w, https:\/\/mittelschule-hofeck.de\/wordpress\/wp-content\/uploads\/2021\/11\/IMG_2714-2-min-768x617.jpg 768w, https:\/\/mittelschule-hofeck.de\/wordpress\/wp-content\/uploads\/2021\/11\/IMG_2714-2-min-1536x1233.jpg 1536w, https:\/\/mittelschule-hofeck.de\/wordpress\/wp-content\/uploads\/2021\/11\/IMG_2714-2-min-2048x1644.jpg 2048w\" sizes=\"auto, (max-width: 1024px) 100vw, 1024px\" \/><\/figure>\n<\/figure>\n\n\n\n<div style=\"height:42px\" aria-hidden=\"true\" class=\"wp-block-spacer\"><\/div>\n\n\n\n<p><strong>Schuljahr 2022\/2023:<\/strong><\/p>\n\n\n\n<figure class=\"wp-block-embed is-type-wp-embed is-provider-hofecker-mittelschule wp-block-embed-hofecker-mittelschule\"><div class=\"wp-block-embed__wrapper\">\n<blockquote class=\"wp-embedded-content\" data-secret=\"n4vIUOFsmV\"><a href=\"https:\/\/mittelschule-hofeck.de\/wordpress\/9548\/\">Neue Sch\u00fclerlotsen f\u00fcr die Hofecker Mittelschule<\/a><\/blockquote><iframe loading=\"lazy\" class=\"wp-embedded-content\" sandbox=\"allow-scripts\" security=\"restricted\" style=\"position: absolute; clip: rect(1px, 1px, 1px, 1px);\" title=\"&#8222;Neue Sch\u00fclerlotsen f\u00fcr die Hofecker Mittelschule&#8220; &#8212; \" src=\"https:\/\/mittelschule-hofeck.de\/wordpress\/9548\/embed\/#?secret=2RnYc5Yulf#?secret=n4vIUOFsmV\" data-secret=\"n4vIUOFsmV\" width=\"600\" height=\"338\" frameborder=\"0\" marginwidth=\"0\" marginheight=\"0\" scrolling=\"no\"><\/iframe>\n<\/div><\/figure>\n","protected":false},"excerpt":{"rendered":"<p>Jeden Morgen vor Schulbeginn, herrscht an der Kreuzung Quetschenweg \/ Joditzer Weg reger Verkehr. Autos fahren z\u00fcgig von beiden Seiten heran, halten, um Sch\u00fcler aussteigen zu lassen. Dazu viele parkende Autos, zwischen denen Fu\u00dfg\u00e4nger die Stra\u00dfe \u00fcberqueren und etliche Fahrr\u00e4der, die teils auf dem Gehweg, teils auf der Stra\u00dfe fahren. Da gestaltet es sich f\u00fcr&#8230;<\/p>\n","protected":false},"author":1,"featured_media":0,"parent":0,"menu_order":0,"comment_status":"closed","ping_status":"closed","template":"","meta":{"footnotes":""},"class_list":["post-8413","page","type-page","status-publish","hentry"],"_links":{"self":[{"href":"https:\/\/mittelschule-hofeck.de\/wordpress\/wp-json\/wp\/v2\/pages\/8413","targetHints":{"allow":["GET"]}}],"collection":[{"href":"https:\/\/mittelschule-hofeck.de\/wordpress\/wp-json\/wp\/v2\/pages"}],"about":[{"href":"https:\/\/mittelschule-hofeck.de\/wordpress\/wp-json\/wp\/v2\/types\/page"}],"author":[{"embeddable":true,"href":"https:\/\/mittelschule-hofeck.de\/wordpress\/wp-json\/wp\/v2\/users\/1"}],"replies":[{"embeddable":true,"href":"https:\/\/mittelschule-hofeck.de\/wordpress\/wp-json\/wp\/v2\/comments?post=8413"}],"version-history":[{"count":5,"href":"https:\/\/mittelschule-hofeck.de\/wordpress\/wp-json\/wp\/v2\/pages\/8413\/revisions"}],"predecessor-version":[{"id":9557,"href":"https:\/\/mittelschule-hofeck.de\/wordpress\/wp-json\/wp\/v2\/pages\/8413\/revisions\/9557"}],"wp:attachment":[{"href":"https:\/\/mittelschule-hofeck.de\/wordpress\/wp-json\/wp\/v2\/media?parent=8413"}],"curies":[{"name":"wp","href":"https:\/\/api.w.org\/{rel}","templated":true}]}}