{"id":7714,"date":"2021-03-21T09:31:21","date_gmt":"2021-03-21T08:31:21","guid":{"rendered":"https:\/\/mittelschule-hofeck.de\/wordpress\/?page_id=7714"},"modified":"2026-02-27T11:02:27","modified_gmt":"2026-02-27T10:02:27","slug":"fussballklasse","status":"publish","type":"page","link":"https:\/\/mittelschule-hofeck.de\/wordpress\/fussballklasse\/","title":{"rendered":"Fu\u00dfballklassen"},"content":{"rendered":"\n<p class=\"has-text-align-center\"><\/p>\n\n\n\n<figure class=\"wp-block-embed aligncenter is-type-video is-provider-youtube wp-block-embed-youtube wp-embed-aspect-16-9 wp-has-aspect-ratio\"><div class=\"wp-block-embed__wrapper\">\n<iframe loading=\"lazy\" title=\"Die Fu\u00dfballklasse der Hofecker-Mittelschule\" width=\"640\" height=\"360\" src=\"https:\/\/www.youtube.com\/embed\/csiBj2TaHOw?feature=oembed\" frameborder=\"0\" allow=\"accelerometer; autoplay; clipboard-write; encrypted-media; gyroscope; picture-in-picture; web-share\" referrerpolicy=\"strict-origin-when-cross-origin\" allowfullscreen><\/iframe>\n<\/div><\/figure>\n\n\n\n<p class=\"has-text-align-center has-cyan-bluish-gray-color has-vivid-red-background-color has-text-color has-background\">Unsere Fu\u00dfballklasse (5.  und 6. Jahrgangsstufe)<\/p>\n\n\n\n<p class=\"has-text-align-left has-black-color has-text-color\">Seit 2021 gibt es bei uns in den Jahrgangsstufen 5 und 6 die Fu\u00dfballklassen. Hier k\u00f6nnen Jungen und M\u00e4dchen zus\u00e4tzlich zu Sportunterricht eine F\u00f6rderung im Bereich Fu\u00dfball erhalten. Dabei steht nicht nur der Spielspa\u00df und die Freude am Fu\u00dfball, sondern auch der Leistungsgedanke im Zentrum des Trainings.<\/p>\n\n\n\n<p>Aus diesem Grund nehmen unsere Sch\u00fclerinnen und Sch\u00fcler auch an zahlreichen Fu\u00dfballturnieren teil. <\/p>\n\n\n\n<p class=\"has-text-align-left has-black-color has-text-color\">In der Fu\u00dfballklasse k\u00f6nnen Jungen und  M\u00e4dchen gef\u00f6rdert werden. Jeder ist herzlich willkommen.<\/p>\n\n\n\n<p><\/p>\n\n\n\n<p class=\"has-normal-font-size\"><\/p>\n\n\n\n<p><\/p>\n\n\n\n<p class=\"has-text-align-center has-cyan-bluish-gray-color has-vivid-red-background-color has-text-color has-background\"><strong>Unser Fu\u00dfball &#8211; Schuljahr:<\/strong><\/p>\n\n\n\n<p>Im Laufe des Schuljahres nehmen wir regelm\u00e4\u00dfig an Turnieren teil:<\/p>\n\n\n\n<ul class=\"wp-block-list\">\n<li>Jugend trainiert f\u00fcr Olympia (Leistungsklassen Jungen II-IV)<\/li>\n\n\n\n<li>Hallenfu\u00dfballturnier (Stadtmeisterschaft Jungen II-IV)<\/li>\n\n\n\n<li>Jugend trainiert f\u00fcr Olympia (Leistungsklasse M\u00e4dchen II und III)<\/li>\n\n\n\n<li>Hallenfu\u00dfballturnier (Stadtmeisterschaft M\u00e4dchen II und III)<\/li>\n\n\n\n<li>Unterstufenturnier Hallenfu\u00dfball Hofecker-Mittelschule (intern)<\/li>\n\n\n\n<li>Teilnahme am Ballsportturnier der Mittelstufe<\/li>\n<\/ul>\n\n\n\n<div class=\"wp-block-group\"><div class=\"wp-block-group__inner-container is-layout-constrained wp-block-group-is-layout-constrained\">\n<p><\/p>\n<\/div><\/div>\n\n\n\n<p class=\"has-text-align-center has-cyan-bluish-gray-color has-vivid-red-background-color has-text-color has-background\"><strong>Impressionenn aus dem Fu\u00dfball &#8211; Schuljahr:<\/strong><\/p>\n\n\n<blockquote class=\"wp-embedded-content\" data-secret=\"IU10UFQBhY\"><p><a href=\"https:\/\/mittelschule-hofeck.de\/wordpress\/11461\/\">M\u00e4dchenhallenfu\u00dfballturnier 06.02.2026 in Hof \u2013 Teamgeist, Einsatz und jede Menge Spa\u00df!<\/a><\/p><\/blockquote>\n<p><iframe loading=\"lazy\" class=\"wp-embedded-content\" sandbox=\"allow-scripts\" security=\"restricted\" style=\"position: absolute; visibility: hidden;\" title=\"&#8222;M\u00e4dchenhallenfu\u00dfballturnier 06.02.2026 in Hof \u2013 Teamgeist, Einsatz und jede Menge Spa\u00df!&#8220; &#8211; Hofecker Mittelschule\" src=\"https:\/\/mittelschule-hofeck.de\/wordpress\/11461\/embed\/#?secret=UjSkjNJX0J#?secret=IU10UFQBhY\" data-secret=\"IU10UFQBhY\" width=\"600\" height=\"338\" frameborder=\"0\" marginwidth=\"0\" marginheight=\"0\" scrolling=\"no\"><\/iframe><\/p>\n\n\n<blockquote class=\"wp-embedded-content\" data-secret=\"3UL9Q2oLvq\"><p><a href=\"https:\/\/mittelschule-hofeck.de\/wordpress\/11050\/\">Hofecker M\u00e4dchenfu\u00dfballteam begeistert mit starkem Auftritt und belegt damit den 3.Platz in der bayernweiten Gesamtwertung<\/a><\/p><\/blockquote>\n<p><iframe loading=\"lazy\" class=\"wp-embedded-content\" sandbox=\"allow-scripts\" security=\"restricted\" style=\"position: absolute; visibility: hidden;\" title=\"&#8222;Hofecker M\u00e4dchenfu\u00dfballteam begeistert mit starkem Auftritt und belegt damit den 3.Platz in der bayernweiten Gesamtwertung&#8220; &#8212; \" src=\"https:\/\/mittelschule-hofeck.de\/wordpress\/11050\/embed\/#?secret=UqHFsL3W3S#?secret=3UL9Q2oLvq\" data-secret=\"3UL9Q2oLvq\" width=\"600\" height=\"338\" frameborder=\"0\" marginwidth=\"0\" marginheight=\"0\" scrolling=\"no\"><\/iframe><\/p>\n\n\n<blockquote class=\"wp-embedded-content\" data-secret=\"dzVbdhg1Jf\"><p><a href=\"https:\/\/mittelschule-hofeck.de\/wordpress\/11029\/\">Starker 2. Platz beim Stadtentscheid \u2013 Unsere Jungs der Wettkampfklasse IV zeigen Teamgeist und K\u00f6nnen<\/a><\/p><\/blockquote>\n<p><iframe loading=\"lazy\" class=\"wp-embedded-content\" sandbox=\"allow-scripts\" security=\"restricted\" style=\"position: absolute; visibility: hidden;\" title=\"&#8222;Starker 2. Platz beim Stadtentscheid \u2013 Unsere Jungs der Wettkampfklasse IV zeigen Teamgeist und K\u00f6nnen&#8220; &#8212; \" src=\"https:\/\/mittelschule-hofeck.de\/wordpress\/11029\/embed\/#?secret=FKD5UwRSEb#?secret=dzVbdhg1Jf\" data-secret=\"dzVbdhg1Jf\" width=\"600\" height=\"338\" frameborder=\"0\" marginwidth=\"0\" marginheight=\"0\" scrolling=\"no\"><\/iframe><\/p>\n\n\n<blockquote class=\"wp-embedded-content\" data-secret=\"kv8Gmdm3MT\"><p><a href=\"https:\/\/mittelschule-hofeck.de\/wordpress\/11011\/\">1. Platz im Bezirksfinale<\/a><\/p><\/blockquote>\n<p><iframe loading=\"lazy\" class=\"wp-embedded-content\" sandbox=\"allow-scripts\" security=\"restricted\" style=\"position: absolute; visibility: hidden;\" title=\"&#8222;1. Platz im Bezirksfinale&#8220; &#8212; \" src=\"https:\/\/mittelschule-hofeck.de\/wordpress\/11011\/embed\/#?secret=hU9hpmQJDK#?secret=kv8Gmdm3MT\" data-secret=\"kv8Gmdm3MT\" width=\"600\" height=\"338\" frameborder=\"0\" marginwidth=\"0\" marginheight=\"0\" scrolling=\"no\"><\/iframe><\/p>\n\n\n\n<div class=\"wp-block-columns is-layout-flex wp-container-core-columns-is-layout-9d6595d7 wp-block-columns-is-layout-flex\">\n<div class=\"wp-block-column is-layout-flow wp-block-column-is-layout-flow\" style=\"flex-basis:100%\"><blockquote class=\"wp-embedded-content\" data-secret=\"txaaNh9l41\"><p><a href=\"https:\/\/mittelschule-hofeck.de\/wordpress\/10364\/\">Ernennung zur St\u00fctzpunktschule Fu\u00dfball<\/a><\/p><\/blockquote>\n<p><iframe loading=\"lazy\" class=\"wp-embedded-content\" sandbox=\"allow-scripts\" security=\"restricted\" style=\"position: absolute; visibility: hidden;\" title=\"&#8222;Ernennung zur St\u00fctzpunktschule Fu\u00dfball&#8220; &#8212; \" src=\"https:\/\/mittelschule-hofeck.de\/wordpress\/10364\/embed\/#?secret=UiWMJwFVyp#?secret=txaaNh9l41\" data-secret=\"txaaNh9l41\" width=\"600\" height=\"338\" frameborder=\"0\" marginwidth=\"0\" marginheight=\"0\" scrolling=\"no\"><\/iframe><\/p>\n<\/div>\n<\/div>\n\n\n<blockquote class=\"wp-embedded-content\" data-secret=\"OAcEBS9mTI\"><p><a href=\"https:\/\/mittelschule-hofeck.de\/wordpress\/10115\/\">Kooperation mit dem TSV K\u00f6ditz<\/a><\/p><\/blockquote>\n<p><iframe loading=\"lazy\" class=\"wp-embedded-content\" sandbox=\"allow-scripts\" security=\"restricted\" style=\"position: absolute; visibility: hidden;\" title=\"&#8222;Kooperation mit dem TSV K\u00f6ditz&#8220; &#8212; \" src=\"https:\/\/mittelschule-hofeck.de\/wordpress\/10115\/embed\/#?secret=Yk424YmBbD#?secret=OAcEBS9mTI\" data-secret=\"OAcEBS9mTI\" width=\"600\" height=\"338\" frameborder=\"0\" marginwidth=\"0\" marginheight=\"0\" scrolling=\"no\"><\/iframe><\/p>\n\n\n<blockquote class=\"wp-embedded-content\" data-secret=\"AXBrcGBEvA\"><p><a href=\"https:\/\/mittelschule-hofeck.de\/wordpress\/10096\/\">Weihnachts-Fu\u00dfballturnier<\/a><\/p><\/blockquote>\n<p><iframe loading=\"lazy\" class=\"wp-embedded-content\" sandbox=\"allow-scripts\" security=\"restricted\" style=\"position: absolute; visibility: hidden;\" title=\"&#8222;Weihnachts-Fu\u00dfballturnier&#8220; &#8212; \" src=\"https:\/\/mittelschule-hofeck.de\/wordpress\/10096\/embed\/#?secret=AJuMfridh5#?secret=AXBrcGBEvA\" data-secret=\"AXBrcGBEvA\" width=\"600\" height=\"338\" frameborder=\"0\" marginwidth=\"0\" marginheight=\"0\" scrolling=\"no\"><\/iframe><\/p>\n\n\n<blockquote class=\"wp-embedded-content\" data-secret=\"npbmVCZhcf\"><p><a href=\"https:\/\/mittelschule-hofeck.de\/wordpress\/9947\/\">Fu\u00dfballer freuen sich \u00fcber Spende<\/a><\/p><\/blockquote>\n<p><iframe loading=\"lazy\" class=\"wp-embedded-content\" sandbox=\"allow-scripts\" security=\"restricted\" style=\"position: absolute; visibility: hidden;\" title=\"&#8222;Fu\u00dfballer freuen sich \u00fcber Spende&#8220; &#8212; \" src=\"https:\/\/mittelschule-hofeck.de\/wordpress\/9947\/embed\/#?secret=sCI0kYSf10#?secret=npbmVCZhcf\" data-secret=\"npbmVCZhcf\" width=\"600\" height=\"338\" frameborder=\"0\" marginwidth=\"0\" marginheight=\"0\" scrolling=\"no\"><\/iframe><\/p>\n\n\n<blockquote class=\"wp-embedded-content\" data-secret=\"2MmeshqwYb\"><p><a href=\"https:\/\/mittelschule-hofeck.de\/wordpress\/9742\/\">Graffiti \u2013 Workshop f\u00fcr die Hofecker-Mittelschule<\/a><\/p><\/blockquote>\n<p><iframe loading=\"lazy\" class=\"wp-embedded-content\" sandbox=\"allow-scripts\" security=\"restricted\" style=\"position: absolute; visibility: hidden;\" title=\"&#8222;Graffiti \u2013 Workshop f\u00fcr die Hofecker-Mittelschule&#8220; &#8212; \" src=\"https:\/\/mittelschule-hofeck.de\/wordpress\/9742\/embed\/#?secret=nPupToz0Nx#?secret=2MmeshqwYb\" data-secret=\"2MmeshqwYb\" width=\"600\" height=\"338\" frameborder=\"0\" marginwidth=\"0\" marginheight=\"0\" scrolling=\"no\"><\/iframe><\/p>\n\n\n<blockquote class=\"wp-embedded-content\" data-secret=\"cJ6QfBPy0d\"><p><a href=\"https:\/\/mittelschule-hofeck.de\/wordpress\/9692\/\">Fu\u00dfballturnier der M\u00e4dchen<\/a><\/p><\/blockquote>\n<p><iframe loading=\"lazy\" class=\"wp-embedded-content\" sandbox=\"allow-scripts\" security=\"restricted\" style=\"position: absolute; visibility: hidden;\" title=\"&#8222;Fu\u00dfballturnier der M\u00e4dchen&#8220; &#8212; \" src=\"https:\/\/mittelschule-hofeck.de\/wordpress\/9692\/embed\/#?secret=FaGnKivkSf#?secret=cJ6QfBPy0d\" data-secret=\"cJ6QfBPy0d\" width=\"600\" height=\"338\" frameborder=\"0\" marginwidth=\"0\" marginheight=\"0\" scrolling=\"no\"><\/iframe><\/p>\n\n\n<blockquote class=\"wp-embedded-content\" data-secret=\"co5zRVB23c\"><p><a href=\"https:\/\/mittelschule-hofeck.de\/wordpress\/9450\/\">Die Fu\u00dfballklasse der Hofecker-Mittelschule organisiert Fu\u00dfballprojekt<\/a><\/p><\/blockquote>\n<p><iframe loading=\"lazy\" class=\"wp-embedded-content\" sandbox=\"allow-scripts\" security=\"restricted\" style=\"position: absolute; visibility: hidden;\" title=\"&#8222;Die Fu\u00dfballklasse der Hofecker-Mittelschule organisiert Fu\u00dfballprojekt&#8220; &#8212; \" src=\"https:\/\/mittelschule-hofeck.de\/wordpress\/9450\/embed\/#?secret=jBh1sSVvC4#?secret=co5zRVB23c\" data-secret=\"co5zRVB23c\" width=\"600\" height=\"338\" frameborder=\"0\" marginwidth=\"0\" marginheight=\"0\" scrolling=\"no\"><\/iframe><\/p>\n\n\n<blockquote class=\"wp-embedded-content\" data-secret=\"CN1ba3k1DH\"><p><a href=\"https:\/\/mittelschule-hofeck.de\/wordpress\/8936\/\">Fu\u00dfballklasse und Respekt<\/a><\/p><\/blockquote>\n<p><iframe loading=\"lazy\" class=\"wp-embedded-content\" sandbox=\"allow-scripts\" security=\"restricted\" style=\"position: absolute; visibility: hidden;\" title=\"&#8222;Fu\u00dfballklasse und Respekt&#8220; &#8212; \" src=\"https:\/\/mittelschule-hofeck.de\/wordpress\/8936\/embed\/#?secret=jyDBMzL5qz#?secret=CN1ba3k1DH\" data-secret=\"CN1ba3k1DH\" width=\"600\" height=\"338\" frameborder=\"0\" marginwidth=\"0\" marginheight=\"0\" scrolling=\"no\"><\/iframe><\/p>\n\n\n\n<p class=\"has-text-align-center has-cyan-bluish-gray-color has-vivid-red-background-color has-text-color has-background\"><strong>Kooperation mit dem TSV K\u00f6ditz:<\/strong><\/p>\n\n\n\n<iframe loading=\"lazy\" src=\"https:\/\/www.facebook.com\/plugins\/post.php?href=https%3A%2F%2Fwww.facebook.com%2FTsvKoditz%2Fposts%2Fpfbid0Je97A7zy5TJoTmqM5JvW34keFHYg7QdX6xV4WF72oLUHJTrs2bTERtWtKab8GEssl&#038;show_text=true&#038;width=500\" width=\"500\" height=\"613\" style=\"border:none;overflow:hidden\" scrolling=\"no\" frameborder=\"0\" allowfullscreen=\"true\" allow=\"autoplay; clipboard-write; encrypted-media; picture-in-picture; web-share\"><\/iframe>\n\n\n\n<p class=\"has-text-align-center has-cyan-bluish-gray-color has-vivid-red-background-color has-text-color has-background\"><strong>Aus der Presse:<\/strong><\/p>\n\n\n\n<figure class=\"wp-block-image size-large\"><img loading=\"lazy\" decoding=\"async\" width=\"649\" height=\"1024\" src=\"https:\/\/mittelschule-hofeck.de\/wordpress\/wp-content\/uploads\/2021\/05\/Fussballklasse-649x1024.jpg\" alt=\"\" class=\"wp-image-7954\" srcset=\"https:\/\/mittelschule-hofeck.de\/wordpress\/wp-content\/uploads\/2021\/05\/Fussballklasse-649x1024.jpg 649w, https:\/\/mittelschule-hofeck.de\/wordpress\/wp-content\/uploads\/2021\/05\/Fussballklasse-190x300.jpg 190w, https:\/\/mittelschule-hofeck.de\/wordpress\/wp-content\/uploads\/2021\/05\/Fussballklasse-768x1213.jpg 768w, https:\/\/mittelschule-hofeck.de\/wordpress\/wp-content\/uploads\/2021\/05\/Fussballklasse-973x1536.jpg 973w, https:\/\/mittelschule-hofeck.de\/wordpress\/wp-content\/uploads\/2021\/05\/Fussballklasse-1297x2048.jpg 1297w, https:\/\/mittelschule-hofeck.de\/wordpress\/wp-content\/uploads\/2021\/05\/Fussballklasse.jpg 1427w\" sizes=\"auto, (max-width: 649px) 100vw, 649px\" \/><figcaption class=\"wp-element-caption\">Frankenpost vom 11.05.2021<\/figcaption><\/figure>\n\n\n\n<figure class=\"wp-block-image size-large\"><img loading=\"lazy\" decoding=\"async\" width=\"581\" height=\"954\" src=\"https:\/\/mittelschule-hofeck.de\/wordpress\/wp-content\/uploads\/2021\/06\/Fussballklasse-Artikel.jpg\" alt=\"\" class=\"wp-image-8029\" srcset=\"https:\/\/mittelschule-hofeck.de\/wordpress\/wp-content\/uploads\/2021\/06\/Fussballklasse-Artikel.jpg 581w, https:\/\/mittelschule-hofeck.de\/wordpress\/wp-content\/uploads\/2021\/06\/Fussballklasse-Artikel-183x300.jpg 183w\" sizes=\"auto, (max-width: 581px) 100vw, 581px\" \/><figcaption class=\"wp-element-caption\">Blickpunkt vom 05.06.2021<\/figcaption><\/figure>\n\n\n\n<hr class=\"wp-block-separator has-css-opacity\"\/>\n\n\n\n<p class=\"has-text-align-center has-cyan-bluish-gray-color has-vivid-red-background-color has-text-color has-background\"><strong>Konzept Fu\u00dfballklasse 5 im Schuljahr 2021\/2022<\/strong><\/p>\n\n\n\n<p>Bitte anklicken:<\/p>\n\n\n\n<figure class=\"wp-block-image size-large\"><a href=\"https:\/\/mittelschule-hofeck.de\/wordpress\/wp-content\/uploads\/2021\/04\/Finale-Pra%CC%88sentation-Fussballklasse-komprimiert.pdf\"><img decoding=\"async\" src=\"https:\/\/mittelschule-hofeck.de\/wordpress\/wp-content\/uploads\/2021\/04\/Praesentation-Fussballklasse-1024x567.jpg\" alt=\"\" class=\"wp-image-7862\"\/><\/a><\/figure>\n","protected":false},"excerpt":{"rendered":"<p>Unsere Fu\u00dfballklasse (5. und 6. Jahrgangsstufe) Seit 2021 gibt es bei uns in den Jahrgangsstufen 5 und 6 die Fu\u00dfballklassen. Hier k\u00f6nnen Jungen und M\u00e4dchen zus\u00e4tzlich zu Sportunterricht eine F\u00f6rderung im Bereich Fu\u00dfball erhalten. Dabei steht nicht nur der Spielspa\u00df und die Freude am Fu\u00dfball, sondern auch der Leistungsgedanke im Zentrum des Trainings. Aus diesem&#8230;<\/p>\n","protected":false},"author":1,"featured_media":0,"parent":0,"menu_order":0,"comment_status":"closed","ping_status":"closed","template":"","meta":{"footnotes":""},"class_list":["post-7714","page","type-page","status-publish","hentry"],"_links":{"self":[{"href":"https:\/\/mittelschule-hofeck.de\/wordpress\/wp-json\/wp\/v2\/pages\/7714","targetHints":{"allow":["GET"]}}],"collection":[{"href":"https:\/\/mittelschule-hofeck.de\/wordpress\/wp-json\/wp\/v2\/pages"}],"about":[{"href":"https:\/\/mittelschule-hofeck.de\/wordpress\/wp-json\/wp\/v2\/types\/page"}],"author":[{"embeddable":true,"href":"https:\/\/mittelschule-hofeck.de\/wordpress\/wp-json\/wp\/v2\/users\/1"}],"replies":[{"embeddable":true,"href":"https:\/\/mittelschule-hofeck.de\/wordpress\/wp-json\/wp\/v2\/comments?post=7714"}],"version-history":[{"count":99,"href":"https:\/\/mittelschule-hofeck.de\/wordpress\/wp-json\/wp\/v2\/pages\/7714\/revisions"}],"predecessor-version":[{"id":11463,"href":"https:\/\/mittelschule-hofeck.de\/wordpress\/wp-json\/wp\/v2\/pages\/7714\/revisions\/11463"}],"wp:attachment":[{"href":"https:\/\/mittelschule-hofeck.de\/wordpress\/wp-json\/wp\/v2\/media?parent=7714"}],"curies":[{"name":"wp","href":"https:\/\/api.w.org\/{rel}","templated":true}]}}