{"id":403,"date":"2016-10-21T23:19:08","date_gmt":"2016-10-21T21:19:08","guid":{"rendered":"http:\/\/mittelschule-hofeck.de\/wordpress\/?page_id=403"},"modified":"2020-01-30T19:36:03","modified_gmt":"2020-01-30T18:36:03","slug":"impressum","status":"publish","type":"page","link":"https:\/\/mittelschule-hofeck.de\/wordpress\/impressum\/","title":{"rendered":"Impressum"},"content":{"rendered":"\n<p><strong>Herausgeber<\/strong><strong><\/strong><\/p>\n\n\n<p>Hofecker-Mittelschule<br>Quetschenweg 4<br>95030 Hof<br>Telefon: 09281 8153100<br>Fax: 09281 8153199<br>E-Mail: verwaltung [at] mittelschule-hofeck.de<br>Vor- und Nachname des Vertretungsberechtigten: Laila Pedall<\/p>\n\n\n<hr class=\"wp-block-separator\"\/>\n\n\n\n<p><strong>Verantwortlich f\u00fcr den Inhalt <\/strong><strong><\/strong><\/p>\n\n\n\n<p>Laila Pedall<em> <\/em>(Anschrift siehe oben)<em>.<\/em><\/p>\n\n\n\n<p>Namentlich gekennzeichnete\nInternetseiten geben die Auffassungen und Erkenntnisse der genannten Personen\nwieder.<\/p>\n\n\n\n<hr class=\"wp-block-separator\"\/>\n\n\n\n<p><strong>Nutzungsbedingungen<\/strong><\/p>\n\n\n\n<p>Texte,\nBilder, Grafiken sowie die Gestaltung dieser Internetseiten k\u00f6nnen dem\nUrheberrecht unterliegen.<\/p>\n\n\n\n<p>Nicht\nurheberrechtlich gesch\u00fctzt sind nach \u00a7 5 des Urheberrechtsgesetzes (UrhG)<\/p>\n\n\n\n<ul class=\"wp-block-list\"><li>Gesetze, Verordnungen, amtliche Erlasse\nund Bekanntmachungen sowie Entscheidungen und amtlich verfasste Leits\u00e4tze zu\nEntscheidungen und<\/li><li>andere amtliche Werke, die im amtlichen\nInteresse zur allgemeinen Kenntnisnahme ver\u00f6ffentlicht worden sind, mit der\nEinschr\u00e4nkung, dass die Bestimmungen \u00fcber \u00c4nderungsverbot und Quellenangabe in\n\u00a7 62 Abs. 1 bis 3 und \u00a7 63 Abs. 1 und 2 UrhG entsprechend anzuwenden sind.<\/li><\/ul>\n\n\n\n<p>Als\nPrivatperson d\u00fcrfen Sie urheberrechtlich gesch\u00fctztes Material zum privaten und\nsonstigen eigenen Gebrauch im Rahmen des \u00a7 53 UrhG verwenden. Eine\nVervielf\u00e4ltigung oder Verwendung urheberrechtlich gesch\u00fctzten Materials dieser\nSeiten oder Teilen davon in anderen elektronischen oder gedruckten\nPublikationen und deren Ver\u00f6ffentlichung ist nur mit unserer Einwilligung\ngestattet. Diese Einwilligung erteilen auf Anfrage die f\u00fcr den Inhalt\nVerantwortlichen. Der Nachdruck und die Auswertung von Pressemitteilungen und\nReden sind mit Quellenangabe allgemein gestattet.<\/p>\n\n\n\n<p>Weiterhin\nk\u00f6nnen Texte, Bilder, Grafiken und sonstige Dateien ganz oder teilweise dem\nUrheberrecht Dritter unterliegen. Auch \u00fcber das Bestehen m\u00f6glicher Rechte\nDritter geben Ihnen die f\u00fcr den Inhalt Verantwortlichen n\u00e4here Ausk\u00fcnfte.<\/p>\n\n\n\n<hr class=\"wp-block-separator\"\/>\n\n\n\n<p><strong>Haftungsausschluss<\/strong><\/p>\n\n\n\n<p>Alle\nauf dieser Internetseite bereitgestellten Informationen haben wir nach bestem\nWissen und Gewissen erarbeitet und gepr\u00fcft. Eine Gew\u00e4hr f\u00fcr die jederzeitige\nAktualit\u00e4t, Richtigkeit, Vollst\u00e4ndigkeit und Verf\u00fcgbarkeit der bereit\ngestellten Informationen k\u00f6nnen wir allerdings nicht \u00fcbernehmen. Ein\nVertragsverh\u00e4ltnis mit den Nutzern des Internetangebots kommt nicht zustande.<\/p>\n\n\n\n<p>Wir\nhaften nicht f\u00fcr Sch\u00e4den, die durch die Nutzung dieses Internetangebots\nentstehen. Dieser Haftungsausschluss gilt nicht, soweit die Vorschriften des \u00a7\n839 BGB (Haftung bei Amtspflichtverletzung) einschl\u00e4gig sind. F\u00fcr etwaige\nSch\u00e4den, die beim Aufrufen oder Herunterladen von Daten durch Schadsoftware\noder der Installation oder Nutzung von Software verursacht werden, \u00fcbernehmen\nwir keine Haftung. <\/p>\n\n\n\n<p><em>Falls im Einzelfall erforderlich: <\/em>Der Haftungsausschluss gilt  nicht f\u00fcr Informationen, die in den Anwendungsbereich der Europ\u00e4ischen  Dienstleistungsrichtlinie (Richtlinie 2006\/123\/EG \u2013 DLRL) fallen. F\u00fcr  diese Informationen wird die Richtigkeit und Aktualit\u00e4t gew\u00e4hrleistet. <\/p>\n\n\n\n<hr class=\"wp-block-separator\"\/>\n\n\n\n<p><strong>Links <\/strong><\/p>\n\n\n\n<p>Von unseren eigenen Inhalten sind\nQuerverweise (\u201eLinks\u201c) auf die Webseiten anderer Anbieter zu unterscheiden.\nDurch diese Links erm\u00f6glichen wir lediglich den Zugang zur Nutzung fremder\nInhalte nach \u00a7 8 Telemediengesetz. Bei der erstmaligen Verkn\u00fcpfung mit diesen\nInternetangeboten haben wir diese fremden Inhalte daraufhin \u00fcberpr\u00fcft, ob durch\nsie eine m\u00f6gliche zivilrechtliche oder strafrechtliche Verantwortlichkeit\nausgel\u00f6st wird. Wir k\u00f6nnen diese fremden Inhalte aber nicht st\u00e4ndig auf\nVer\u00e4nderungen \u00fcberpr\u00fcfen und daher auch keine Verantwortung daf\u00fcr \u00fcbernehmen.\nF\u00fcr illegale, fehlerhafte oder unvollst\u00e4ndige Inhalte und insbesondere f\u00fcr\nSch\u00e4den, die aus der Nutzung oder Nichtnutzung von Informationen Dritter\nentstehen, haftet allein der jeweilige Anbieter der Seite.<\/p>\n","protected":false},"excerpt":{"rendered":"<p>Herausgeber Hofecker-MittelschuleQuetschenweg 495030 HofTelefon: 09281 8153100Fax: 09281 8153199E-Mail: verwaltung [at] mittelschule-hofeck.deVor- und Nachname des Vertretungsberechtigten: Laila Pedall Verantwortlich f\u00fcr den Inhalt Laila Pedall (Anschrift siehe oben). Namentlich gekennzeichnete Internetseiten geben die Auffassungen und Erkenntnisse der genannten Personen wieder. Nutzungsbedingungen Texte, Bilder, Grafiken sowie die Gestaltung dieser Internetseiten k\u00f6nnen dem Urheberrecht unterliegen. Nicht urheberrechtlich gesch\u00fctzt sind&#8230;<\/p>\n","protected":false},"author":1,"featured_media":0,"parent":0,"menu_order":0,"comment_status":"closed","ping_status":"closed","template":"","meta":{"footnotes":""},"class_list":["post-403","page","type-page","status-publish","hentry"],"_links":{"self":[{"href":"https:\/\/mittelschule-hofeck.de\/wordpress\/wp-json\/wp\/v2\/pages\/403","targetHints":{"allow":["GET"]}}],"collection":[{"href":"https:\/\/mittelschule-hofeck.de\/wordpress\/wp-json\/wp\/v2\/pages"}],"about":[{"href":"https:\/\/mittelschule-hofeck.de\/wordpress\/wp-json\/wp\/v2\/types\/page"}],"author":[{"embeddable":true,"href":"https:\/\/mittelschule-hofeck.de\/wordpress\/wp-json\/wp\/v2\/users\/1"}],"replies":[{"embeddable":true,"href":"https:\/\/mittelschule-hofeck.de\/wordpress\/wp-json\/wp\/v2\/comments?post=403"}],"version-history":[{"count":22,"href":"https:\/\/mittelschule-hofeck.de\/wordpress\/wp-json\/wp\/v2\/pages\/403\/revisions"}],"predecessor-version":[{"id":3006,"href":"https:\/\/mittelschule-hofeck.de\/wordpress\/wp-json\/wp\/v2\/pages\/403\/revisions\/3006"}],"wp:attachment":[{"href":"https:\/\/mittelschule-hofeck.de\/wordpress\/wp-json\/wp\/v2\/media?parent=403"}],"curies":[{"name":"wp","href":"https:\/\/api.w.org\/{rel}","templated":true}]}}