{"id":315,"date":"2016-09-17T21:58:38","date_gmt":"2016-09-17T19:58:38","guid":{"rendered":"http:\/\/mittelschule-hofeck.de\/wordpress\/?page_id=315"},"modified":"2023-07-16T10:23:31","modified_gmt":"2023-07-16T09:23:31","slug":"cubed-music","status":"publish","type":"page","link":"https:\/\/mittelschule-hofeck.de\/wordpress\/cubed-music\/","title":{"rendered":"Cubed-Music"},"content":{"rendered":"<p>Die Arbeitsgemeinschaft \u201eSchulband\u201c hat an der Hofecker-Mittelschule eine lange Tradition. Talentierten Sch\u00fclern soll die M\u00f6glichkeit geboten werden, sich an modernen Instrumenten&nbsp; zu erproben, um einen ersten Ansto\u00df f\u00fcr eine musikalische Freizeitbesch\u00e4ftigung zu geben.<img loading=\"lazy\" decoding=\"async\" class=\"alignleft\" tabindex=\"0\" src=\"https:\/\/mittelschule-hofeck.de\/wordpress\/wp-content\/uploads\/2016\/09\/Cubed_Music1-1024x1024.jpg\" alt=\"\" data-id=\"324\" aria-label=\"Bild 2 von 2 in der Galerie\" width=\"169\" height=\"169\"><\/p>\n<p>Die Jugendlichen, die im fast j\u00e4hrlichen Wechsel neu in die Schulband eintreten, haben kaum musikalische Erfahrung, geschweige denn instrumentale Spielfertigkeiten. Im Schulbandbetrieb erfahren sie das gemeinsames Musizieren und erlernen einfache musikalische Strukturen. Au\u00dferdem erarbeiten die Mitglieder der Schulband einfache Spieltechniken am Instrument, die es zumindest f\u00fcr kleinere Konzerte m\u00f6glich machen, auf der B\u00fchne zu bestehen und Beifall zu ernten.<\/p>\n<p>Die Untermalung bei schulinternen Veranstaltungen z\u00e4hlt zwar zu den Hauptaufgaben der Musikgruppe \u201eCubed Music\u201c, doch konnten auch schon \u00fcber die Stadtgrenzen Hofs hinaus Erfolge bei Auftritten und Musikwettbewerben erzielt werden. H\u00f6hepunkt war dabei sicherlich das Konzert als Vorband bei dem national und auch international erfolgreichen Musiker \u201eMellowmark\u201c.<\/p>\n<p>Unsere Schulband Cubed-Music wurde in den letzten Jahren unter der Leitung von Lehrer Matthias M\u00fcnch, der sie unter diesem Namen auch gr\u00fcndete, weit \u00fcber die Grenzen der eigenen Schule durch ihre Qualit\u00e4t bekannt.<\/p>\n\n\n<div class=\"wp-block-image\"><figure class=\"aligncenter\"><img loading=\"lazy\" decoding=\"async\" width=\"1024\" height=\"881\" src=\"https:\/\/mittelschule-hofeck.de\/wordpress\/wp-content\/uploads\/2017\/10\/Schulband_2017-1024x881.png\" alt=\"\" class=\"wp-image-1142\"\/><\/figure><\/div>\n\n\n<p>Du interessierst dich f\u00fcr Musik und m\u00f6chtest in der Band mitmachen? Zu Beginn jeden Schuljahres ist es m\u00f6glich, der AG Schulband beizutreten. Sprich Herrn M\u00fcnch deshalb einfach an.<\/p>\n<p><\/p>\n\n<blockquote class=\"wp-embedded-content\" data-secret=\"o6j9YzYMP4\"><p><a href=\"https:\/\/mittelschule-hofeck.de\/wordpress\/9725\/\">Spende f\u00fcr &#8222;cubed music&#8220;<\/a><\/p><\/blockquote>\n<p><iframe loading=\"lazy\" class=\"wp-embedded-content\" sandbox=\"allow-scripts\" security=\"restricted\" style=\"position: absolute; clip: rect(1px, 1px, 1px, 1px);\" title=\"&#8222;Spende f\u00fcr &#8222;cubed music&#8220;&#8220; &#8212; \" src=\"https:\/\/mittelschule-hofeck.de\/wordpress\/9725\/embed\/#?secret=cAjdhkosJC#?secret=o6j9YzYMP4\" data-secret=\"o6j9YzYMP4\" width=\"600\" height=\"338\" frameborder=\"0\" marginwidth=\"0\" marginheight=\"0\" scrolling=\"no\"><\/iframe><\/p>\n\n\n<blockquote class=\"wp-embedded-content\" data-secret=\"tA1qS8L0C5\"><p><a href=\"https:\/\/mittelschule-hofeck.de\/wordpress\/9034\/\">Dr. Hans Vie\u00dfmann-Stiftung f\u00f6rdert die Schulband \u201eCubed Music\u201c<\/a><\/p><\/blockquote>\n<p><iframe loading=\"lazy\" class=\"wp-embedded-content\" sandbox=\"allow-scripts\" security=\"restricted\" style=\"position: absolute; clip: rect(1px, 1px, 1px, 1px);\" title=\"&#8222;Dr. Hans Vie\u00dfmann-Stiftung f\u00f6rdert die Schulband \u201eCubed Music\u201c&#8220; &#8212; \" src=\"https:\/\/mittelschule-hofeck.de\/wordpress\/9034\/embed\/#?secret=pEzwv4UoBN#?secret=tA1qS8L0C5\" data-secret=\"tA1qS8L0C5\" width=\"600\" height=\"338\" frameborder=\"0\" marginwidth=\"0\" marginheight=\"0\" scrolling=\"no\"><\/iframe><\/p>\n","protected":false},"excerpt":{"rendered":"<p>Die Arbeitsgemeinschaft \u201eSchulband\u201c hat an der Hofecker-Mittelschule eine lange Tradition. Talentierten Sch\u00fclern soll die M\u00f6glichkeit geboten werden, sich an modernen Instrumenten&nbsp; zu erproben, um einen ersten Ansto\u00df f\u00fcr eine musikalische Freizeitbesch\u00e4ftigung zu geben. Die Jugendlichen, die im fast j\u00e4hrlichen Wechsel neu in die Schulband eintreten, haben kaum musikalische Erfahrung, geschweige denn instrumentale Spielfertigkeiten. Im Schulbandbetrieb&#8230;<\/p>\n","protected":false},"author":52,"featured_media":0,"parent":0,"menu_order":0,"comment_status":"closed","ping_status":"closed","template":"","meta":{"footnotes":""},"class_list":["post-315","page","type-page","status-publish","hentry"],"_links":{"self":[{"href":"https:\/\/mittelschule-hofeck.de\/wordpress\/wp-json\/wp\/v2\/pages\/315","targetHints":{"allow":["GET"]}}],"collection":[{"href":"https:\/\/mittelschule-hofeck.de\/wordpress\/wp-json\/wp\/v2\/pages"}],"about":[{"href":"https:\/\/mittelschule-hofeck.de\/wordpress\/wp-json\/wp\/v2\/types\/page"}],"author":[{"embeddable":true,"href":"https:\/\/mittelschule-hofeck.de\/wordpress\/wp-json\/wp\/v2\/users\/52"}],"replies":[{"embeddable":true,"href":"https:\/\/mittelschule-hofeck.de\/wordpress\/wp-json\/wp\/v2\/comments?post=315"}],"version-history":[{"count":15,"href":"https:\/\/mittelschule-hofeck.de\/wordpress\/wp-json\/wp\/v2\/pages\/315\/revisions"}],"predecessor-version":[{"id":9765,"href":"https:\/\/mittelschule-hofeck.de\/wordpress\/wp-json\/wp\/v2\/pages\/315\/revisions\/9765"}],"wp:attachment":[{"href":"https:\/\/mittelschule-hofeck.de\/wordpress\/wp-json\/wp\/v2\/media?parent=315"}],"curies":[{"name":"wp","href":"https:\/\/api.w.org\/{rel}","templated":true}]}}