{"id":2911,"date":"2020-01-26T11:38:42","date_gmt":"2020-01-26T10:38:42","guid":{"rendered":"https:\/\/mittelschule-hofeck.de\/wordpress\/?page_id=2911"},"modified":"2020-02-04T13:50:27","modified_gmt":"2020-02-04T12:50:27","slug":"schulabschluesse","status":"publish","type":"page","link":"https:\/\/mittelschule-hofeck.de\/wordpress\/schulabschluesse\/","title":{"rendered":"Schulabschl\u00fcsse"},"content":{"rendered":"\n<p>An der Hofecker-Mittelschule kann man folgende Schulabschl\u00fcsse erwerben:<\/p>\n\n\n\n<ul class=\"wp-block-list\"><li><strong>Erfolgreichen Abschluss der Mittelschule<\/strong> <\/li><li><strong>Erfolgreichen Mittelschulabschluss der Praxisklasse<\/strong><\/li><li><strong>Qualifizierenden Abschluss der Mittelschule (&#8222;Quali&#8220;)<\/strong>   <\/li><li><strong>Mittleren Schulabschluss an der Mittelschule (&#8222;Mittlere Reife&#8220;) <\/strong> <\/li><li><strong>Qualifizierender Beruflicher Bildungsabschluss (&#8222;Quabi&#8220;)<\/strong> <\/li><\/ul>\n\n\n\n<p>Im Folgenden erhalten Sie einen kurzen \u00dcberblick \u00fcber sie einzelnen Abschl\u00fcsse.<\/p>\n\n\n\n<p class=\"has-text-color has-background has-cyan-bluish-gray-color has-vivid-red-background-color\"><strong>Erfolgreichen Abschluss der Mittelschule:<\/strong><\/p>\n\n\n\n<p>Den erfolgreichen Abschluss der Mkittelschule erh\u00e4lt man, wenn<\/p>\n\n\n\n<ul class=\"wp-block-list\"><li>am Ende der 9. Jahrgangsstufe der Notendurchschnitt in den Vorr\u00fcckungsf\u00e4chern  mindestens 4,00 betr\u00e4gt <strong>und<\/strong> in h\u00f6chstens drei F\u00e4chern eine schlechtere  Note als die Note 4 erzielt wurde; die Note 6 z\u00e4hlt dabei wie zweimal  die Note 5,<\/li><li>nachtr\u00e4glich durch eine Leistungsfeststellung,<\/li><\/ul>\n\n\n\n<p class=\"has-text-color has-background has-cyan-bluish-gray-color has-vivid-red-background-color\"> <strong>Erfolgreichen Mittelschulabschluss der Praxisklasse<\/strong> <\/p>\n\n\n\n<p>Sch\u00fclerinnen  und Sch\u00fcler, die eine  Praxisklasse besuchen, haben die M\u00f6glichkeit, den erfolgreichen  Abschluss der Mittelschule mit dem Bestehen einer Abschlusspr\u00fcfung mit  hoher Praxisorientierung zu erlangen. Die Pr\u00fcfung ist bestanden, wenn  die Durchschnittsnote 4,0 oder besser betr\u00e4gt.<\/p>\n\n\n\n<p class=\"has-text-color has-background has-cyan-bluish-gray-color has-vivid-red-background-color\"><strong>Qualifizierenden Abschluss der Mittelschule (&#8222;Quali&#8220;)<\/strong><\/p>\n\n\n\n<p>Dieser kann durch eine freiwillige besondere Leistungsfeststellung erreicht werden. Diese umfasst folgende F\u00e4cher:<\/p>\n\n\n\n<ul class=\"wp-block-list\"><li> Deutsch und Mathematik<\/li><li> nach Wahl eines der F\u00e4cher Englisch, Physik\/Chemie\/Biologie (PCB) oder Geschichte\/Sozialkunde\/Erdkunde (GSE),<\/li><li> das  Fach Arbeit-Wirtschaft-Technik in Kombination mit einem  berufsorientiertem Zweig: Technik, Wirtschaft oder Soziales als  Projektpr\u00fcfung<\/li><li> nach  Wahl eines der F\u00e4cher Religionslehre beziehungsweise  Ethik, Sport, Musik, Kunst, Informatik, Buchf\u00fchrung, Kurzschrift,  Werken\/Textiles Gestalten; hierbei kann nur ein Fach gew\u00e4hlt werden, das  der Sch\u00fcler als benotetes Fach besucht hat.<\/li><\/ul>\n\n\n\n<p class=\"has-text-color has-vivid-red-color\"><strong>Der Quali kann an der Hofecker-Mittelschule auch als externen Pr\u00fcfungsteilnehmer abgelegt werden. Sie k\u00f6nnen sich dazu bis zum 01.03. des jeweiligen Pr\u00fcfungsjahres bei uns anmelden.<\/strong><\/p>\n\n\n\n<p class=\"has-text-color has-background has-cyan-bluish-gray-color has-vivid-red-background-color\"><strong>Mittleren Schulabschluss an der Mittelschule (&#8222;Mittlere Reife&#8220;) <\/strong><\/p>\n\n\n\n<p>Dieser wird erreichtdurch den Besuch der Jahrgangsstufe 10 (M10-Klasse) und durch eine Abschlusspr\u00fcfung am Ende des Schuljahres erreicht.<br>Die Abschlusspr\u00fcfung umfasst:<\/p>\n\n\n\n<ul class=\"wp-block-list\"><li> die F\u00e4cher Deutsch, Mathematik und Englisch,<\/li><li> Projektpr\u00fcfung<\/li><\/ul>\n\n\n\n<p class=\"has-text-color has-background has-cyan-bluish-gray-color has-vivid-red-background-color\"><strong>Qualifizierender Beruflicher Bildungsabschluss (&#8222;Quabi&#8220;)<\/strong><\/p>\n\n\n\n<p>Mit <strong>abgeschlossener Berufsausbildung<\/strong> k\u00f6nnen Mittelsch\u00fcler einen <strong>mittleren Schulabschluss<\/strong> erwerben:<\/p>\n\n\n\n<ul class=\"wp-block-list\"><li>Voraussetzungen sind der qualifizierende Abschluss der  Mittelschule (Quali) und<\/li><li>Abschluss der Berufsausbildung mit einer  Durchschnittsnote von 3,0 oder besser und der Nachweis \u00fcber mindestens  ausreichende (= Note 4) Englischkenntnisse<\/li><\/ul>\n\n\n\n<p>Das Zeugnis \u00fcber den Quabi wird von der Mittelschule ausgestellt, an der der Quali erworben wurde. <\/p>\n","protected":false},"excerpt":{"rendered":"<p>An der Hofecker-Mittelschule kann man folgende Schulabschl\u00fcsse erwerben: Erfolgreichen Abschluss der Mittelschule Erfolgreichen Mittelschulabschluss der Praxisklasse Qualifizierenden Abschluss der Mittelschule (&#8222;Quali&#8220;) Mittleren Schulabschluss an der Mittelschule (&#8222;Mittlere Reife&#8220;) Qualifizierender Beruflicher Bildungsabschluss (&#8222;Quabi&#8220;) Im Folgenden erhalten Sie einen kurzen \u00dcberblick \u00fcber sie einzelnen Abschl\u00fcsse. Erfolgreichen Abschluss der Mittelschule: Den erfolgreichen Abschluss der Mkittelschule erh\u00e4lt man, wenn&#8230;<\/p>\n","protected":false},"author":1,"featured_media":0,"parent":0,"menu_order":0,"comment_status":"closed","ping_status":"closed","template":"","meta":{"footnotes":""},"class_list":["post-2911","page","type-page","status-publish","hentry"],"_links":{"self":[{"href":"https:\/\/mittelschule-hofeck.de\/wordpress\/wp-json\/wp\/v2\/pages\/2911","targetHints":{"allow":["GET"]}}],"collection":[{"href":"https:\/\/mittelschule-hofeck.de\/wordpress\/wp-json\/wp\/v2\/pages"}],"about":[{"href":"https:\/\/mittelschule-hofeck.de\/wordpress\/wp-json\/wp\/v2\/types\/page"}],"author":[{"embeddable":true,"href":"https:\/\/mittelschule-hofeck.de\/wordpress\/wp-json\/wp\/v2\/users\/1"}],"replies":[{"embeddable":true,"href":"https:\/\/mittelschule-hofeck.de\/wordpress\/wp-json\/wp\/v2\/comments?post=2911"}],"version-history":[{"count":6,"href":"https:\/\/mittelschule-hofeck.de\/wordpress\/wp-json\/wp\/v2\/pages\/2911\/revisions"}],"predecessor-version":[{"id":3019,"href":"https:\/\/mittelschule-hofeck.de\/wordpress\/wp-json\/wp\/v2\/pages\/2911\/revisions\/3019"}],"wp:attachment":[{"href":"https:\/\/mittelschule-hofeck.de\/wordpress\/wp-json\/wp\/v2\/media?parent=2911"}],"curies":[{"name":"wp","href":"https:\/\/api.w.org\/{rel}","templated":true}]}}