{"id":2902,"date":"2020-01-26T10:31:23","date_gmt":"2020-01-26T09:31:23","guid":{"rendered":"https:\/\/mittelschule-hofeck.de\/wordpress\/?page_id=2902"},"modified":"2020-01-26T10:38:30","modified_gmt":"2020-01-26T09:38:30","slug":"mobiler-sonderpaedagogischer-dienst-msd","status":"publish","type":"page","link":"https:\/\/mittelschule-hofeck.de\/wordpress\/mobiler-sonderpaedagogischer-dienst-msd\/","title":{"rendered":"MSD"},"content":{"rendered":"\n<p>Mobiler sonderp\u00e4dagogischer Dienst (MSD)<\/p>\n\n\n\n<p><strong>Was ist der MSD? <\/strong><\/p>\n\n\n\n<p>MSD ist die Abk\u00fcrzung f\u00fcr Mobiler sonderp\u00e4dagogischer Dienst. Der MSD  ist ein integratives und pr\u00e4ventives Angebot der F\u00f6rderschule f\u00fcr  Sch\u00fcler\/innen an den Grund- und Mittelschulen. Ziel des MSD ist die  Integration und Betreuung von Kindern mit (sonderp\u00e4dagogischem)  F\u00f6rderbedarf innerhalb des gewohnten schulischen und sozialen Umfeldes  ihres Wohnortes.<\/p>\n\n\n\n<p><strong>Welche Aufgaben hat der MSD?<\/strong><\/p>\n\n\n\n<p> Im BayEUG (Art. 21 Abs. 1 Satz 2)  werden die Aufgaben des MSD wie folgt beschrieben: \u201eMobile Sonderp\u00e4dagogische Dienste diagnostizieren und  f\u00f6rdern die Sch\u00fclerinnen und Sch\u00fcler, sie beraten Lehrkr\u00e4fte,  Erziehungsberechtigte und Sch\u00fclerinnen und Sch\u00fcler, koordinieren  sonderp\u00e4dagogische F\u00f6rderung und f\u00fchren Fortbildungen f\u00fcr Lehrkr\u00e4fte  durch.\u201c  <\/p>\n\n\n\n<p>Lernst\u00f6rungen,  Verhaltensauff\u00e4lligkeiten und Sprachprobleme sollen also schon im Entstehen  erkannt und mit geeigneten Ma\u00dfnahmen gemindert oder behoben werden,  damit die Sch\u00fclerinnen und Sch\u00fcler ihre Schullaufbahn an ihrer Mittelschule erfolgreich durchlaufen und abschlie\u00dfen k\u00f6nnen.<\/p>\n\n\n\n<p><strong>Es gibt folgende Mobile Sonderp\u00e4dagogische Dienste:<\/strong><\/p>\n\n\n\n<ul class=\"wp-block-list\"><li>MSD Autismus<\/li><li>MSD f\u00fcr den F\u00f6rderschwerpunkt emotionale und soziale Entwicklung<\/li><li>MSD f\u00fcr den F\u00f6rderschwerpunkt geistige Entwicklung<\/li><li>MSD f\u00fcr den F\u00f6rderschwerpunkt H\u00f6ren<\/li><li>MSD f\u00fcr den F\u00f6rderschwerpunkt k\u00f6rperliche und motorische Entwicklung<\/li><li>MSD f\u00fcr den F\u00f6rderschwerpunkt Lernen<\/li><li>MSD f\u00fcr den F\u00f6rderschwerpunkt Sehen<\/li><li>MSD f\u00fcr den F\u00f6rderschwerpunkt Sprache<\/li><\/ul>\n\n\n\n<p><strong>Wie arbeitet der MSD? <\/strong><\/p>\n\n\n\n<p>Der MSD f\u00fchrt eine spezifische  Diagnostik durch, die sich an den Problemen der Kinder orientiert, um  Ursachen und Hintergr\u00fcnde der St\u00f6rungen zu erfassen. Er ber\u00e4t Lehrer  und Eltern, wie sie auf die Problematik ihrer Kinder angemessen  reagieren und wie sie ihnen Hilfestellung geben k\u00f6nnen. Er entwickelt  gemeinsam mit dem Klassenlehrer, dem F\u00f6rderlehrer und den Eltern einen  F\u00f6rderplan, mit dem die F\u00f6rderung und Zusammenarbeit koordiniert wird.  Er vermittelt die Zusammenarbeit mit anderen Beratungsdiensten,  medizinischen und therapeutischen Fachdiensten und bei Bedarf mit den  zust\u00e4ndigen \u00c4mtern.<\/p>\n\n\n\n<p><strong>Wie kontaktiere ich den MSD?<\/strong><\/p>\n\n\n\n<p>In der Regel wenden sich die Lehrkr\u00e4fte der Mittelschule an die zust\u00e4ndigen Mitarbeiter des MSD.<\/p>\n\n\n\n<p>Sie k\u00f6nnen sich aber auch an die Schulberatungsstelle wenden. In der Schule oder bei der Schulberatungsstelle erhalten Sie die notwendigen Informationen zur Vorgehensweise und ggf. die notwendigen Kontaktdaten. <\/p>\n","protected":false},"excerpt":{"rendered":"<p>Mobiler sonderp\u00e4dagogischer Dienst (MSD) Was ist der MSD? MSD ist die Abk\u00fcrzung f\u00fcr Mobiler sonderp\u00e4dagogischer Dienst. Der MSD ist ein integratives und pr\u00e4ventives Angebot der F\u00f6rderschule f\u00fcr Sch\u00fcler\/innen an den Grund- und Mittelschulen. Ziel des MSD ist die Integration und Betreuung von Kindern mit (sonderp\u00e4dagogischem) F\u00f6rderbedarf innerhalb des gewohnten schulischen und sozialen Umfeldes ihres Wohnortes&#8230;.<\/p>\n","protected":false},"author":1,"featured_media":0,"parent":0,"menu_order":0,"comment_status":"closed","ping_status":"closed","template":"","meta":{"footnotes":""},"class_list":["post-2902","page","type-page","status-publish","hentry"],"_links":{"self":[{"href":"https:\/\/mittelschule-hofeck.de\/wordpress\/wp-json\/wp\/v2\/pages\/2902","targetHints":{"allow":["GET"]}}],"collection":[{"href":"https:\/\/mittelschule-hofeck.de\/wordpress\/wp-json\/wp\/v2\/pages"}],"about":[{"href":"https:\/\/mittelschule-hofeck.de\/wordpress\/wp-json\/wp\/v2\/types\/page"}],"author":[{"embeddable":true,"href":"https:\/\/mittelschule-hofeck.de\/wordpress\/wp-json\/wp\/v2\/users\/1"}],"replies":[{"embeddable":true,"href":"https:\/\/mittelschule-hofeck.de\/wordpress\/wp-json\/wp\/v2\/comments?post=2902"}],"version-history":[{"count":2,"href":"https:\/\/mittelschule-hofeck.de\/wordpress\/wp-json\/wp\/v2\/pages\/2902\/revisions"}],"predecessor-version":[{"id":2907,"href":"https:\/\/mittelschule-hofeck.de\/wordpress\/wp-json\/wp\/v2\/pages\/2902\/revisions\/2907"}],"wp:attachment":[{"href":"https:\/\/mittelschule-hofeck.de\/wordpress\/wp-json\/wp\/v2\/media?parent=2902"}],"curies":[{"name":"wp","href":"https:\/\/api.w.org\/{rel}","templated":true}]}}