{"id":2731,"date":"2019-11-03T08:58:09","date_gmt":"2019-11-03T07:58:09","guid":{"rendered":"https:\/\/mittelschule-hofeck.de\/wordpress\/?page_id=2731"},"modified":"2021-11-14T10:00:07","modified_gmt":"2021-11-14T09:00:07","slug":"zweigstelle-stadtbuecherei","status":"publish","type":"page","link":"https:\/\/mittelschule-hofeck.de\/wordpress\/zweigstelle-stadtbuecherei\/","title":{"rendered":"Zweigstelle Stadtb\u00fccherei"},"content":{"rendered":"\n<p>An der Hofecker-Mittelschule befindet sich eine Zweigstelle der Hofer Stadtb\u00fccherei. Hier k\u00f6nnen unsere Sch\u00fcler <strong>jeden Mittwoch<\/strong> B\u00fccher ausleihen.<\/p>\n\n\n\n<p>Weitere Informationen finden Sie auf den <a href=\"https:\/\/www.hof.de\/hof\/stadtbuecherei\/deu\/\">Seiten der Hofer Stadtb\u00fccherei<\/a>.<\/p>\n\n\n\n<p>Unsere Sch\u00fcler*innen k\u00f6nnen immer am Mittwochvormittag die B\u00fccherei besuchen und sich B\u00fccher ausleihen.<\/p>\n\n\n\n<p>Die allgemeinen \u00d6ffnungszeiten der Zweigstelle sind <strong>mittwochs von 15-17 Uhr.<\/strong><\/p>\n\n\n\n<figure class=\"wp-block-gallery columns-2 is-cropped aligncenter wp-block-gallery-1 is-layout-flex wp-block-gallery-is-layout-flex\"><ul class=\"blocks-gallery-grid\"><li class=\"blocks-gallery-item\"><figure><img loading=\"lazy\" decoding=\"async\" width=\"1024\" height=\"768\" src=\"https:\/\/mittelschule-hofeck.de\/wordpress\/wp-content\/uploads\/2019\/11\/IMG_20191106_155356_resized_20191106_042916086-1024x768.jpg\" alt=\"\" data-id=\"2783\" data-link=\"https:\/\/mittelschule-hofeck.de\/wordpress\/zweigstelle-stadtbuecherei\/img_20191106_155356_resized_20191106_042916086\/#main\" class=\"wp-image-2783\" srcset=\"https:\/\/mittelschule-hofeck.de\/wordpress\/wp-content\/uploads\/2019\/11\/IMG_20191106_155356_resized_20191106_042916086-1024x768.jpg 1024w, https:\/\/mittelschule-hofeck.de\/wordpress\/wp-content\/uploads\/2019\/11\/IMG_20191106_155356_resized_20191106_042916086-300x225.jpg 300w, https:\/\/mittelschule-hofeck.de\/wordpress\/wp-content\/uploads\/2019\/11\/IMG_20191106_155356_resized_20191106_042916086-768x576.jpg 768w, https:\/\/mittelschule-hofeck.de\/wordpress\/wp-content\/uploads\/2019\/11\/IMG_20191106_155356_resized_20191106_042916086.jpg 1152w\" sizes=\"auto, (max-width: 1024px) 100vw, 1024px\" \/><\/figure><\/li><li class=\"blocks-gallery-item\"><figure><img loading=\"lazy\" decoding=\"async\" width=\"1024\" height=\"768\" src=\"https:\/\/mittelschule-hofeck.de\/wordpress\/wp-content\/uploads\/2019\/11\/IMG_20191106_155408_resized_20191106_042915620-1024x768.jpg\" alt=\"\" data-id=\"2784\" data-link=\"https:\/\/mittelschule-hofeck.de\/wordpress\/zweigstelle-stadtbuecherei\/img_20191106_155408_resized_20191106_042915620\/#main\" class=\"wp-image-2784\" srcset=\"https:\/\/mittelschule-hofeck.de\/wordpress\/wp-content\/uploads\/2019\/11\/IMG_20191106_155408_resized_20191106_042915620-1024x768.jpg 1024w, https:\/\/mittelschule-hofeck.de\/wordpress\/wp-content\/uploads\/2019\/11\/IMG_20191106_155408_resized_20191106_042915620-300x225.jpg 300w, https:\/\/mittelschule-hofeck.de\/wordpress\/wp-content\/uploads\/2019\/11\/IMG_20191106_155408_resized_20191106_042915620-768x576.jpg 768w, https:\/\/mittelschule-hofeck.de\/wordpress\/wp-content\/uploads\/2019\/11\/IMG_20191106_155408_resized_20191106_042915620.jpg 1152w\" sizes=\"auto, (max-width: 1024px) 100vw, 1024px\" \/><\/figure><\/li><li class=\"blocks-gallery-item\"><figure><img loading=\"lazy\" decoding=\"async\" width=\"1024\" height=\"768\" src=\"https:\/\/mittelschule-hofeck.de\/wordpress\/wp-content\/uploads\/2019\/11\/IMG_20191106_155419_resized_20191106_042914722-1024x768.jpg\" alt=\"\" data-id=\"2785\" data-link=\"https:\/\/mittelschule-hofeck.de\/wordpress\/zweigstelle-stadtbuecherei\/img_20191106_155419_resized_20191106_042914722\/#main\" class=\"wp-image-2785\" srcset=\"https:\/\/mittelschule-hofeck.de\/wordpress\/wp-content\/uploads\/2019\/11\/IMG_20191106_155419_resized_20191106_042914722-1024x768.jpg 1024w, https:\/\/mittelschule-hofeck.de\/wordpress\/wp-content\/uploads\/2019\/11\/IMG_20191106_155419_resized_20191106_042914722-300x225.jpg 300w, https:\/\/mittelschule-hofeck.de\/wordpress\/wp-content\/uploads\/2019\/11\/IMG_20191106_155419_resized_20191106_042914722-768x576.jpg 768w, https:\/\/mittelschule-hofeck.de\/wordpress\/wp-content\/uploads\/2019\/11\/IMG_20191106_155419_resized_20191106_042914722.jpg 1152w\" sizes=\"auto, (max-width: 1024px) 100vw, 1024px\" \/><\/figure><\/li><\/ul><\/figure>\n","protected":false},"excerpt":{"rendered":"<p>An der Hofecker-Mittelschule befindet sich eine Zweigstelle der Hofer Stadtb\u00fccherei. Hier k\u00f6nnen unsere Sch\u00fcler jeden Mittwoch B\u00fccher ausleihen. Weitere Informationen finden Sie auf den Seiten der Hofer Stadtb\u00fccherei. Unsere Sch\u00fcler*innen k\u00f6nnen immer am Mittwochvormittag die B\u00fccherei besuchen und sich B\u00fccher ausleihen. Die allgemeinen \u00d6ffnungszeiten der Zweigstelle sind mittwochs von 15-17 Uhr.<\/p>\n","protected":false},"author":1,"featured_media":0,"parent":0,"menu_order":0,"comment_status":"closed","ping_status":"closed","template":"","meta":{"footnotes":""},"class_list":["post-2731","page","type-page","status-publish","hentry"],"_links":{"self":[{"href":"https:\/\/mittelschule-hofeck.de\/wordpress\/wp-json\/wp\/v2\/pages\/2731","targetHints":{"allow":["GET"]}}],"collection":[{"href":"https:\/\/mittelschule-hofeck.de\/wordpress\/wp-json\/wp\/v2\/pages"}],"about":[{"href":"https:\/\/mittelschule-hofeck.de\/wordpress\/wp-json\/wp\/v2\/types\/page"}],"author":[{"embeddable":true,"href":"https:\/\/mittelschule-hofeck.de\/wordpress\/wp-json\/wp\/v2\/users\/1"}],"replies":[{"embeddable":true,"href":"https:\/\/mittelschule-hofeck.de\/wordpress\/wp-json\/wp\/v2\/comments?post=2731"}],"version-history":[{"count":6,"href":"https:\/\/mittelschule-hofeck.de\/wordpress\/wp-json\/wp\/v2\/pages\/2731\/revisions"}],"predecessor-version":[{"id":8457,"href":"https:\/\/mittelschule-hofeck.de\/wordpress\/wp-json\/wp\/v2\/pages\/2731\/revisions\/8457"}],"wp:attachment":[{"href":"https:\/\/mittelschule-hofeck.de\/wordpress\/wp-json\/wp\/v2\/media?parent=2731"}],"curies":[{"name":"wp","href":"https:\/\/api.w.org\/{rel}","templated":true}]}}