{"id":2672,"date":"2019-11-01T13:02:55","date_gmt":"2019-11-01T11:02:55","guid":{"rendered":"https:\/\/mittelschule-hofeck.de\/wordpress\/?page_id=2672"},"modified":"2025-09-22T11:24:51","modified_gmt":"2025-09-22T10:24:51","slug":"downloads","status":"publish","type":"page","link":"https:\/\/mittelschule-hofeck.de\/wordpress\/downloads\/","title":{"rendered":"Downloads"},"content":{"rendered":"<p><!--StartFragment--><\/p>\n<h2 style=\"text-align: center;\">Krankheit\/ Unterrichtsbefreiung<\/h2>\n<p><!--more--><\/p>\n<p><!--more--><\/p>\n<p>\u00a0<\/p>\n\n\n<div style=\"height:20px\" aria-hidden=\"true\" class=\"wp-block-spacer\"><\/div>\n\n\n\n<div class=\"wp-block-file\"><a id=\"wp-block-file--media-113ddd5f-68de-461c-8185-af8b61006cb6\" href=\"https:\/\/mittelschule-hofeck.de\/wordpress\/wp-content\/uploads\/2025\/09\/Unterrichtsbefreiung-Antrag.pdf\">Unterrichtsbefreiung Antrag<\/a><a href=\"https:\/\/mittelschule-hofeck.de\/wordpress\/wp-content\/uploads\/2025\/09\/Unterrichtsbefreiung-Antrag.pdf\" class=\"wp-block-file__button wp-element-button\" download aria-describedby=\"wp-block-file--media-113ddd5f-68de-461c-8185-af8b61006cb6\">Herunterladen<\/a><\/div>\n\n\n\n<div class=\"wp-block-file\"><a id=\"wp-block-file--media-32f7712d-df6e-4563-8611-fb8d7dc32a29\" href=\"https:\/\/mittelschule-hofeck.de\/wordpress\/wp-content\/uploads\/2025\/09\/Entschuldigung_Vorlage.pdf\">Entschuldigung_Vorlage<\/a><a href=\"https:\/\/mittelschule-hofeck.de\/wordpress\/wp-content\/uploads\/2025\/09\/Entschuldigung_Vorlage.pdf\" class=\"wp-block-file__button wp-element-button\" download aria-describedby=\"wp-block-file--media-32f7712d-df6e-4563-8611-fb8d7dc32a29\">Herunterladen<\/a><\/div>\n\n\n\n<div class=\"wp-block-file\"><a id=\"wp-block-file--media-03f1921c-bd1f-451b-8cff-d78d46c517fb\" href=\"https:\/\/mittelschule-hofeck.de\/wordpress\/wp-content\/uploads\/2025\/02\/belehrungsbogen_eltern.pdf\">belehrungsbogen_eltern<\/a><a href=\"https:\/\/mittelschule-hofeck.de\/wordpress\/wp-content\/uploads\/2025\/02\/belehrungsbogen_eltern.pdf\" class=\"wp-block-file__button wp-element-button\" download aria-describedby=\"wp-block-file--media-03f1921c-bd1f-451b-8cff-d78d46c517fb\">Herunterladen<\/a><\/div>\n\n\n\n<hr class=\"wp-block-separator has-alpha-channel-opacity\"\/>\n\n\n\n<h2 class=\"wp-block-heading has-text-align-center\">Sch\u00fclerbef\u00f6rderung<\/h2>\n\n\n\n<p>Die Antr\u00e4ge auf Sch\u00fclerbef\u00f6rderung k\u00f6nnen bei der Stadt Hof online selbst durch die Eltern ausgef\u00fcllt werden (f\u00fcr die Schulen ab Jahrgangsstufe 5 &#8211; wie bereits beim Landkreis Hof seit L\u00e4ngerem m\u00f6glich).<\/p>\n\n\n\n<p>Nachfolgend der Link zu Schulantrag online:<\/p>\n\n\n\n<p><a href=\"https:\/\/www.schulantrag.de\/?L=00409464000&amp;AntrSchKein=1\">https:\/\/www.schulantrag.de\/?L=00409464000&amp;AntrSchKein=1<\/a><\/p>\n\n\n\n<p>Eltern f\u00fcllen daf\u00fcr die vorgegebenen Felder aus, drucken anschlie\u00dfend den Antrag aus und legen diesen bei uns in der Verwaltung vor.<\/p>\n\n\n\n<div data-wp-interactive=\"core\/file\" class=\"wp-block-file\"><object data-wp-bind--hidden=\"!state.hasPdfPreview\" hidden class=\"wp-block-file__embed\" data=\"https:\/\/mittelschule-hofeck.de\/wordpress\/wp-content\/uploads\/2025\/02\/VGN_smaxi_infoblatt_verbundpass_2025.pdf\" type=\"application\/pdf\" style=\"width:100%;height:380px\" aria-label=\"Einbettung von VGN_smaxi_infoblatt_verbundpass_2025.\"><\/object><a id=\"wp-block-file--media-2f665a24-7f39-4674-8f75-6108925e5c6c\" href=\"https:\/\/mittelschule-hofeck.de\/wordpress\/wp-content\/uploads\/2025\/02\/VGN_smaxi_infoblatt_verbundpass_2025.pdf\">VGN_smaxi_infoblatt_verbundpass_2025<\/a><a href=\"https:\/\/mittelschule-hofeck.de\/wordpress\/wp-content\/uploads\/2025\/02\/VGN_smaxi_infoblatt_verbundpass_2025.pdf\" class=\"wp-block-file__button wp-element-button\" download aria-describedby=\"wp-block-file--media-2f665a24-7f39-4674-8f75-6108925e5c6c\">Herunterladen<\/a><\/div>\n\n\n\n<hr class=\"wp-block-separator has-alpha-channel-opacity\"\/>\n\n\n\n<h2 class=\"wp-block-heading has-text-align-center\">Informationen zum M-Zug<\/h2>\n\n\n\n<p>Die Informationen erhalten Sie zum Ende des jeweiligen Schuljahres.<\/p>\n\n\n\n<hr class=\"wp-block-separator has-alpha-channel-opacity\"\/>\n\n\n\n<h2 class=\"wp-block-heading has-text-align-center\" id=\"informationen-zur-fussballklasse\">Informationen zur Fu\u00dfballklasse<\/h2>\n\n\n\n<div class=\"wp-block-file\"><a id=\"wp-block-file--media-ade9c1de-1dff-46db-8a41-828de52c741f\" href=\"https:\/\/mittelschule-hofeck.de\/wordpress\/wp-content\/uploads\/2021\/06\/Fussballklasse-Anmeldung-2.0.pdf\">Fussballklasse-Anmeldung-2.0<\/a><a href=\"https:\/\/mittelschule-hofeck.de\/wordpress\/wp-content\/uploads\/2021\/06\/Fussballklasse-Anmeldung-2.0.pdf\" class=\"wp-block-file__button wp-element-button\" download aria-describedby=\"wp-block-file--media-ade9c1de-1dff-46db-8a41-828de52c741f\">Herunterladen<\/a><\/div>\n\n\n\n<hr class=\"wp-block-separator has-css-opacity\"\/>\n\n\n<h2 style=\"text-align: center;\">Antr\u00e4ge MSD &#8211; Beratungslehrer\u00a0<\/h2>\n\n\n<div style=\"height:19px\" aria-hidden=\"true\" class=\"wp-block-spacer\"><\/div>\n\n\n\n<div class=\"wp-block-file\"><a id=\"wp-block-file--media-7429e4be-08c0-4048-858f-4e795997e743\" href=\"https:\/\/mittelschule-hofeck.de\/wordpress\/wp-content\/uploads\/2023\/06\/Antrag_Nachteilsausgleich_Notenschutz.pdf\">Antrag_Nachteilsausgleich_Notenschutz<\/a><a href=\"https:\/\/mittelschule-hofeck.de\/wordpress\/wp-content\/uploads\/2023\/06\/Antrag_Nachteilsausgleich_Notenschutz.pdf\" class=\"wp-block-file__button wp-element-button\" download aria-describedby=\"wp-block-file--media-7429e4be-08c0-4048-858f-4e795997e743\">Herunterladen<\/a><\/div>\n\n\n\n<div class=\"wp-block-file\"><a id=\"wp-block-file--media-88c9831b-c765-448e-809f-1b1a3240a33e\" href=\"https:\/\/mittelschule-hofeck.de\/wordpress\/wp-content\/uploads\/2023\/06\/MSD-Schweigepflichtsentbindung.pdf\">MSD-Schweigepflichtsentbindung<\/a><a href=\"https:\/\/mittelschule-hofeck.de\/wordpress\/wp-content\/uploads\/2023\/06\/MSD-Schweigepflichtsentbindung.pdf\" class=\"wp-block-file__button wp-element-button\" download aria-describedby=\"wp-block-file--media-88c9831b-c765-448e-809f-1b1a3240a33e\">Herunterladen<\/a><\/div>\n\n\n\n<div class=\"wp-block-file\"><a id=\"wp-block-file--media-9f793e2e-4355-40a9-9460-dcfb4aadf736\" href=\"https:\/\/mittelschule-hofeck.de\/wordpress\/wp-content\/uploads\/2023\/06\/OFR-Einverstaendnis-der-Erziehungsberechtigten.pdf\">MSD-Einverstaendnis-der-Erziehungsberechtigten<\/a><a href=\"https:\/\/mittelschule-hofeck.de\/wordpress\/wp-content\/uploads\/2023\/06\/OFR-Einverstaendnis-der-Erziehungsberechtigten.pdf\" class=\"wp-block-file__button wp-element-button\" download aria-describedby=\"wp-block-file--media-9f793e2e-4355-40a9-9460-dcfb4aadf736\">Herunterladen<\/a><\/div>\n\n\n\n<hr class=\"wp-block-separator has-alpha-channel-opacity\"\/>\n\n\n<h2 style=\"text-align: center;\">Anleitungen, Nutzungsbedingungen und Datenschutzerkl\u00e4rungen<\/h2>\n\n\n<div style=\"height:25px\" aria-hidden=\"true\" class=\"wp-block-spacer\"><\/div>\n\n\n\n<div class=\"wp-block-file\"><a id=\"wp-block-file--media-16ed6843-6ca2-437d-a75a-e3c784d1ee71\" href=\"https:\/\/mittelschule-hofeck.de\/wordpress\/wp-content\/uploads\/2021\/11\/MS-Teams_Elterninformation-2021.pdf\">MS-Teams_Elterninformation<\/a><a href=\"https:\/\/mittelschule-hofeck.de\/wordpress\/wp-content\/uploads\/2021\/11\/MS-Teams_Elterninformation-2021.pdf\" class=\"wp-block-file__button wp-element-button\" download aria-describedby=\"wp-block-file--media-16ed6843-6ca2-437d-a75a-e3c784d1ee71\">Herunterladen<\/a><\/div>\n\n\n\n<div class=\"wp-block-file\"><a id=\"wp-block-file--media-8f2095e1-2af0-4d2d-9132-6543a164bdd3\" href=\"https:\/\/mittelschule-hofeck.de\/wordpress\/wp-content\/uploads\/2021\/11\/MS-Teams_Nutzungsbedingungen_Datenschutz_2021_-Anlage-2und3.pdf\">MS-Teams_Nutzungsbedingungen_Datenschutz_-Anlage-2und3<\/a><a href=\"https:\/\/mittelschule-hofeck.de\/wordpress\/wp-content\/uploads\/2021\/11\/MS-Teams_Nutzungsbedingungen_Datenschutz_2021_-Anlage-2und3.pdf\" class=\"wp-block-file__button wp-element-button\" download aria-describedby=\"wp-block-file--media-8f2095e1-2af0-4d2d-9132-6543a164bdd3\">Herunterladen<\/a><\/div>\n\n\n\n<p><a href=\"https:\/\/schul.cloud\/nutzungsbedingungen\">schul.cloud_App_Nutzungsbedingungen<\/a><\/p>\n\n\n\n<div class=\"wp-block-file\"><a id=\"wp-block-file--media-198e04d4-714b-4a3e-bcd3-7bfe5930e3a8\" href=\"https:\/\/mittelschule-hofeck.de\/wordpress\/wp-content\/uploads\/2022\/03\/Anleitung-Anmeldung-EduPage-Mittelschule-Hofeck.pdf\">Anleitung-Anmeldung-EduPage-Mittelschule-Hofeck<\/a><a href=\"https:\/\/mittelschule-hofeck.de\/wordpress\/wp-content\/uploads\/2022\/03\/Anleitung-Anmeldung-EduPage-Mittelschule-Hofeck.pdf\" class=\"wp-block-file__button wp-element-button\" download aria-describedby=\"wp-block-file--media-198e04d4-714b-4a3e-bcd3-7bfe5930e3a8\">Herunterladen<\/a><\/div>\n\n\n\n<hr class=\"wp-block-separator has-css-opacity\"\/>\n\n\n\n<p class=\"has-medium-font-size\"><strong>Hilfsangebote:<\/strong><\/p>\n\n\n\n<div class=\"wp-block-file\"><a href=\"https:\/\/mittelschule-hofeck.de\/wordpress\/wp-content\/uploads\/2019\/11\/Hilfsangebote-Depression-Angssto\u0308rungen.pdf\" class=\"wp-block-file__button\" download=\"\" aria-describedby=\"wp-block-file--media-d8d4bc64-7164-4c26-b94d-132799ce8e3f\"> Hilfsangebote Depression Angsst\u00f6rungen <\/a><\/div>\n\n\n\n<hr class=\"wp-block-separator has-css-opacity\"\/>\n","protected":false},"excerpt":{"rendered":"<p>Krankheit\/ Unterrichtsbefreiung<\/p>\n","protected":false},"author":1,"featured_media":0,"parent":0,"menu_order":0,"comment_status":"closed","ping_status":"closed","template":"","meta":{"footnotes":""},"class_list":["post-2672","page","type-page","status-publish","hentry"],"_links":{"self":[{"href":"https:\/\/mittelschule-hofeck.de\/wordpress\/wp-json\/wp\/v2\/pages\/2672","targetHints":{"allow":["GET"]}}],"collection":[{"href":"https:\/\/mittelschule-hofeck.de\/wordpress\/wp-json\/wp\/v2\/pages"}],"about":[{"href":"https:\/\/mittelschule-hofeck.de\/wordpress\/wp-json\/wp\/v2\/types\/page"}],"author":[{"embeddable":true,"href":"https:\/\/mittelschule-hofeck.de\/wordpress\/wp-json\/wp\/v2\/users\/1"}],"replies":[{"embeddable":true,"href":"https:\/\/mittelschule-hofeck.de\/wordpress\/wp-json\/wp\/v2\/comments?post=2672"}],"version-history":[{"count":132,"href":"https:\/\/mittelschule-hofeck.de\/wordpress\/wp-json\/wp\/v2\/pages\/2672\/revisions"}],"predecessor-version":[{"id":11231,"href":"https:\/\/mittelschule-hofeck.de\/wordpress\/wp-json\/wp\/v2\/pages\/2672\/revisions\/11231"}],"wp:attachment":[{"href":"https:\/\/mittelschule-hofeck.de\/wordpress\/wp-json\/wp\/v2\/media?parent=2672"}],"curies":[{"name":"wp","href":"https:\/\/api.w.org\/{rel}","templated":true}]}}