{"id":2617,"date":"2019-10-30T19:02:54","date_gmt":"2019-10-30T17:02:54","guid":{"rendered":"https:\/\/mittelschule-hofeck.de\/wordpress\/?page_id=2617"},"modified":"2025-02-26T10:21:25","modified_gmt":"2025-02-26T09:21:25","slug":"schulfruehstueck","status":"publish","type":"page","link":"https:\/\/mittelschule-hofeck.de\/wordpress\/schulfruehstueck\/","title":{"rendered":"Schulfr\u00fchst\u00fcck"},"content":{"rendered":"\n<p>Von Montag bis Freitag findet unser kostenloses Schulfr\u00fchst\u00fcck f\u00fcr alle Sch\u00fcler der Mittelschule statt.<\/p>\n\n\n\n<p class=\"has-text-align-center has-cyan-bluish-gray-color has-vivid-red-background-color has-text-color has-background\">Wann: <strong>Montag-Donnerstag von 7.00 Uhr bis 7.35 Uhr<\/strong><\/p>\n\n\n\n<p class=\"has-text-align-center has-cyan-bluish-gray-color has-vivid-red-background-color has-text-color has-background\">Wo: <strong>in der Mensa der Ganztagesk\u00fcche neben der Pausenhalle<\/strong><\/p>\n\n\n\n<p class=\"has-text-align-center has-cyan-bluish-gray-color has-vivid-red-background-color has-text-color has-background\">Wer: <strong>f\u00fcr alle Sch\u00fcler der Hofecker-Mittelschule<\/strong><\/p>\n\n\n\n<p>Wir werden von unseren ehrenamtlichen Fr\u00fchst\u00fcckshelferinnen Frau Radenz und Frau Fischer unterst\u00fctzt, die sich mit gro\u00dfem Engagement jeden Morgen um einen gesunden und angenehmen Start in den Schultag bem\u00fchen.<\/p>\n\n\n\n<p><strong>Vielen Dank!<\/strong><\/p>\n\n\n\n<p><strong>Aktuell suchen wir dringend ehrenamtliche Helferinne oder Helfer, die uns bei Schulfr\u00fchst\u00fcck unterst\u00fctzen m\u00f6chten. Sollten Sie Interesse haben, freuen wir uns \u00fcber eine Nachricht per Telefon (09281-8153100) oder Mail (schulleitung(at)mittelschule-hofeck.de).<\/strong><\/p>\n\n\n<div class=\"wp-block-image\">\n<figure class=\"aligncenter size-full is-resized\"><img loading=\"lazy\" decoding=\"async\" width=\"753\" height=\"843\" src=\"https:\/\/mittelschule-hofeck.de\/wordpress\/wp-content\/uploads\/2024\/04\/Schulfruehstueck.jpg\" alt=\"\" class=\"wp-image-10339\" style=\"width:476px;height:auto\" srcset=\"https:\/\/mittelschule-hofeck.de\/wordpress\/wp-content\/uploads\/2024\/04\/Schulfruehstueck.jpg 753w, https:\/\/mittelschule-hofeck.de\/wordpress\/wp-content\/uploads\/2024\/04\/Schulfruehstueck-268x300.jpg 268w, https:\/\/mittelschule-hofeck.de\/wordpress\/wp-content\/uploads\/2024\/04\/Schulfruehstueck-300x336.jpg 300w\" sizes=\"auto, (max-width: 753px) 100vw, 753px\" \/><\/figure>\n<\/div>\n\n\n<hr class=\"wp-block-separator has-css-opacity\"\/>\n\n\n\n<p><strong>\u00dcber unser Angebot:<\/strong><\/p>\n\n\n\n<p>Seit 2013 ist das Schulfr\u00fchst\u00fcck der Hofecker-Mittelschule ein fester Bestandteil.&nbsp;<br> <br>Viele Sch\u00fclerinnen und Sch\u00fcler nehmen aus unterschiedlichsten Gr\u00fcnden  das Angebot wahr, sich f\u00fcr den Tag zu st\u00e4rken und ein  abwechslungsreiches und gesundes Fr\u00fchst\u00fcck zu sich zu nehmen.<\/p>\n\n\n\n<p>In einer angenehmen Atmosph\u00e4re mit reichhaltigem Angebot gemeinsam am  Morgen zu Essen, ist f\u00fcr viele etwas Besonderes und wird stetig immer  mehr angenommen.&nbsp;<br> <\/p>\n\n\n\n<figure class=\"wp-block-image\"><img loading=\"lazy\" decoding=\"async\" width=\"1024\" height=\"768\" src=\"https:\/\/mittelschule-hofeck.de\/wordpress\/wp-content\/uploads\/2019\/10\/img_9319-1024x768.jpg\" alt=\"\" class=\"wp-image-2553\" srcset=\"https:\/\/mittelschule-hofeck.de\/wordpress\/wp-content\/uploads\/2019\/10\/img_9319.jpg 1024w, https:\/\/mittelschule-hofeck.de\/wordpress\/wp-content\/uploads\/2019\/10\/img_9319-300x225.jpg 300w, https:\/\/mittelschule-hofeck.de\/wordpress\/wp-content\/uploads\/2019\/10\/img_9319-768x576.jpg 768w\" sizes=\"auto, (max-width: 1024px) 100vw, 1024px\" \/><figcaption class=\"wp-element-caption\">Hier gibt es immer <strong>von Montag bis Donnerstag<\/strong> unser leckeres Schulfr\u00fchst\u00fcck.<\/figcaption><\/figure>\n\n\n\n<hr class=\"wp-block-separator has-alpha-channel-opacity\"\/>\n\n\n\n<p class=\"has-text-align-center has-cyan-bluish-gray-color has-vivid-red-background-color has-text-color has-background has-link-color wp-elements-d9beacf2a5507f3f024ca8098a97ed5f\"><strong>Spenden:<\/strong><\/p>\n\n\n\n<p>Seit dem Schuljahr 2018 werden wir nicht mehr durch den BLLV finanziell unterst\u00fctzt&nbsp; und stemmen seitdem das Projekt alleine.&nbsp;Wir finanzieren unser Schulfr\u00fchst\u00fcck seitdem durch Spenden. <\/p>\n\n\n\n<p>Seit 2022 werden wir zudem von ortsans\u00e4ssigen Betrieben im Bereich Lebensmittel durch w\u00f6chentliche und gro\u00dfz\u00fcgige Sachspenden unterst\u00fctzt.<strong> Wir danken:<\/strong><\/p>\n\n\n\n<ul class=\"wp-block-list\">\n<li>Metzgerei Herpich<\/li>\n\n\n\n<li>M\u00fcller&#8217;s Backh\u00e4usle<\/li>\n\n\n\n<li>Edeka Center Bruckner<\/li>\n<\/ul>\n\n\n\n<p>An dieser Stelle m\u00f6chten wir uns im Namen unserer Sch\u00fcler f\u00fcr die gro\u00dfz\u00fcgigen Geldspenden bedanken!<\/p>\n\n\n\n<ul class=\"wp-block-list\">\n<li>Rotary Club Hof-Bayern (<a href=\"https:\/\/mittelschule-hofeck.de\/wordpress\/10449\/\">Bericht Homepage<\/a>)<\/li>\n\n\n\n<li>SI Club Hof\/ Saale\u00a0 (<a href=\"https:\/\/clubhof.soroptimist.de\/projektarbeit\">Bericht des SI Club Hof\/ Saale<\/a>\u00a0vom 11.06.2024)<\/li>\n\n\n\n<li>Rotaract Club Hof<\/li>\n\n\n\n<li>Dr.-Hans-Vie\u00dfmann-Stiftung <\/li>\n\n\n\n<li>Rotary Club Hof-Bayer. Vogtland<\/li>\n\n\n\n<li>von Leitner-Grimm-Stiftung<\/li>\n\n\n\n<li>Rolf und Hubertine Schiffbauer-Stiftung<\/li>\n\n\n\n<li>Stiftung der VR-Bank<\/li>\n\n\n\n<li>Freimaurerloge Hof (<a href=\"https:\/\/www.frankenpost.de\/inhalt.hof-5000-euro-fuers-schulfruehstueck.cbba91e2-c3f2-448d-8eb1-8f8fe82669bb.html\">Zeitungsbericht<\/a>)<\/li>\n<\/ul>\n\n\n\n<p><\/p>\n\n\n\n<p class=\"has-text-align-center has-cyan-bluish-gray-color has-vivid-red-background-color has-text-color has-background has-link-color wp-elements-9e305121a391c2ea9a71c2aa4717dce2\"><strong>DANKE an alle ehrenamtlichen Helferinnen und Spender! Ohne sie w\u00e4re unser Schulfr\u00fchst\u00fcck nicht zu erm\u00f6glichen.<\/strong><\/p>\n\n\n\n<p><\/p>\n","protected":false},"excerpt":{"rendered":"<p>Von Montag bis Freitag findet unser kostenloses Schulfr\u00fchst\u00fcck f\u00fcr alle Sch\u00fcler der Mittelschule statt. Wann: Montag-Donnerstag von 7.00 Uhr bis 7.35 Uhr Wo: in der Mensa der Ganztagesk\u00fcche neben der Pausenhalle Wer: f\u00fcr alle Sch\u00fcler der Hofecker-Mittelschule Wir werden von unseren ehrenamtlichen Fr\u00fchst\u00fcckshelferinnen Frau Radenz und Frau Fischer unterst\u00fctzt, die sich mit gro\u00dfem Engagement jeden&#8230;<\/p>\n","protected":false},"author":1,"featured_media":0,"parent":0,"menu_order":0,"comment_status":"closed","ping_status":"closed","template":"","meta":{"footnotes":""},"class_list":["post-2617","page","type-page","status-publish","hentry"],"_links":{"self":[{"href":"https:\/\/mittelschule-hofeck.de\/wordpress\/wp-json\/wp\/v2\/pages\/2617","targetHints":{"allow":["GET"]}}],"collection":[{"href":"https:\/\/mittelschule-hofeck.de\/wordpress\/wp-json\/wp\/v2\/pages"}],"about":[{"href":"https:\/\/mittelschule-hofeck.de\/wordpress\/wp-json\/wp\/v2\/types\/page"}],"author":[{"embeddable":true,"href":"https:\/\/mittelschule-hofeck.de\/wordpress\/wp-json\/wp\/v2\/users\/1"}],"replies":[{"embeddable":true,"href":"https:\/\/mittelschule-hofeck.de\/wordpress\/wp-json\/wp\/v2\/comments?post=2617"}],"version-history":[{"count":44,"href":"https:\/\/mittelschule-hofeck.de\/wordpress\/wp-json\/wp\/v2\/pages\/2617\/revisions"}],"predecessor-version":[{"id":10903,"href":"https:\/\/mittelschule-hofeck.de\/wordpress\/wp-json\/wp\/v2\/pages\/2617\/revisions\/10903"}],"wp:attachment":[{"href":"https:\/\/mittelschule-hofeck.de\/wordpress\/wp-json\/wp\/v2\/media?parent=2617"}],"curies":[{"name":"wp","href":"https:\/\/api.w.org\/{rel}","templated":true}]}}