{"id":2595,"date":"2019-10-30T18:30:57","date_gmt":"2019-10-30T16:30:57","guid":{"rendered":"https:\/\/mittelschule-hofeck.de\/wordpress\/?page_id=2595"},"modified":"2025-09-18T13:46:37","modified_gmt":"2025-09-18T12:46:37","slug":"schulberatung","status":"publish","type":"page","link":"https:\/\/mittelschule-hofeck.de\/wordpress\/schulberatung\/","title":{"rendered":"Schulberatung"},"content":{"rendered":"\n<p class=\"has-text-align-center has-cyan-bluish-gray-color has-vivid-red-background-color has-text-color has-background\"><strong>Was ist Schulberatung?<\/strong><\/p>\n\n\n\n<p>Beratungslehrkr\u00e4fte\nunterst\u00fctzen und beraten Eltern, Sch\u00fcler und Lehrer bei folgenden F\u00e4llen:<br><\/p>\n\n\n<div class=\"wp-block-image\">\n<figure class=\"alignright\"><img loading=\"lazy\" decoding=\"async\" width=\"300\" height=\"165\" src=\"https:\/\/mittelschule-hofeck.de\/wordpress\/wp-content\/uploads\/2019\/10\/Schulberatung.jpg\" alt=\"\" class=\"wp-image-2459\"\/><\/figure>\n<\/div>\n\n\n<ul class=\"wp-block-list\">\n<li>Schullaufbahnberatung<\/li>\n\n\n\n<li>(Teil)leistungsschw\u00e4chen<br>diagnostizieren<\/li>\n\n\n\n<li>LRS<\/li>\n\n\n\n<li>Dyskalkulie<\/li>\n\n\n\n<li>Schulangst<\/li>\n\n\n\n<li>Begabungsdiagnostik<br><\/li>\n\n\n\n<li>Selbstkonzept<br>und Motivation<\/li>\n\n\n\n<li>Konzentrationsschwierigkeiten<\/li>\n\n\n\n<li>Mobbing<\/li>\n\n\n\n<li>Kollegiale<br>Beratung<\/li>\n\n\n\n<li>Beratung<br>von Lehrkr\u00e4ften<\/li>\n<\/ul>\n\n\n\n<p>Sie k\u00f6nnen sich entweder an die staatliche Schulberatungsstelle in  Hof oder an die zust\u00e4ndige Beratungslehrerin, Frau Sandra Marek, wenden.  Die Beratung unterliegt stets der Schweigepflicht, au\u00dfer es liegt eine Entbindung gegen\u00fcber bestimmten Personen vor. <\/p>\n\n\n\n<p class=\"has-text-align-center has-cyan-bluish-gray-color has-vivid-red-background-color has-text-color has-background\"><strong>Unsere Beratungslehrerin:<\/strong><\/p>\n\n\n\n<p><strong>Sandra Marek<\/strong> (Beratungslehrerin)<\/p>\n\n\n\n<ul class=\"wp-block-list\">\n<li>Anschrift:\n<ul class=\"wp-block-list\">\n<li>M\u00fcnster Mittelschule Hof<\/li>\n\n\n\n<li> Egerl\u00e4nderweg 25 <\/li>\n\n\n\n<li> 95032 Hof <\/li>\n<\/ul>\n<\/li>\n\n\n\n<li> Tel. 09281 839 199-0 <\/li>\n\n\n\n<li> Fax. 09281 839 199-25 <\/li>\n\n\n\n<li> E-Mail: verwaltung [at] muensterschule-hof.de <\/li>\n<\/ul>\n\n\n\n<p class=\"has-text-align-center has-cyan-bluish-gray-color has-vivid-red-background-color has-text-color has-background\"><strong>Unsere Schulpsychologin:<\/strong><\/p>\n\n\n\n<p><strong>Lea Richter <\/strong>(Schulpsychologin)<br><\/p>\n\n\n\n<div class=\"wp-block-group\"><div class=\"wp-block-group__inner-container is-layout-flow wp-block-group-is-layout-flow\">\n<p><\/p>\n\n\n\n<p><strong>Adresse: <\/strong><\/p>\n\n\n\n<p>Alexander-von Humboldt-Schule Bad Steben<br>Kellermannstr. 2<br>95138 Bad Steben<\/p>\n\n\n\n<p><strong>Kontakt:<\/strong><\/p>\n\n\n\n<p>Tel.: 09288 &#8211; 925 90 23 <br>Telefonsprechzeit: Montag: 12.15 Uhr &#8211; 13.00 Uhr<\/p>\n\n\n\n<p>E-Mail: lea.richter (at) schule.bayern.de<\/p>\n\n\n\n<p><\/p>\n\n\n\n<p class=\"has-text-align-center has-cyan-bluish-gray-color has-vivid-red-background-color has-text-color has-background\"><strong>Schulberatungsstelle Oberfranken:<\/strong><\/p>\n<\/div><\/div>\n\n\n\n<p>Die staatliche Schulberatungsstelle&nbsp;f\u00fcr Oberfranken finden Sie hier: <\/p>\n\n\n\n<p>Bahnhofsplatz 1a<br>95028 Hof<\/p>\n\n\n\n<p>Tel. 09281 140 036 0<\/p>\n\n\n<p><a href=\"https:\/\/www.km.bayern.de\/ministerium\/institutionen\/schulberatung.html\" data-wplink-edit=\"true\"><strong>Hier<\/strong> <\/a>kommen Sie zum Internetauftritt der staaltlichen Schulberatung.<\/p>\n\n\n<p><\/p>\n","protected":false},"excerpt":{"rendered":"<p>Was ist Schulberatung? Beratungslehrkr\u00e4fte unterst\u00fctzen und beraten Eltern, Sch\u00fcler und Lehrer bei folgenden F\u00e4llen: Sie k\u00f6nnen sich entweder an die staatliche Schulberatungsstelle in Hof oder an die zust\u00e4ndige Beratungslehrerin, Frau Sandra Marek, wenden. Die Beratung unterliegt stets der Schweigepflicht, au\u00dfer es liegt eine Entbindung gegen\u00fcber bestimmten Personen vor. Unsere Beratungslehrerin: Sandra Marek (Beratungslehrerin) Unsere Schulpsychologin:&#8230;<\/p>\n","protected":false},"author":1,"featured_media":0,"parent":0,"menu_order":0,"comment_status":"closed","ping_status":"closed","template":"","meta":{"footnotes":""},"class_list":["post-2595","page","type-page","status-publish","hentry"],"_links":{"self":[{"href":"https:\/\/mittelschule-hofeck.de\/wordpress\/wp-json\/wp\/v2\/pages\/2595","targetHints":{"allow":["GET"]}}],"collection":[{"href":"https:\/\/mittelschule-hofeck.de\/wordpress\/wp-json\/wp\/v2\/pages"}],"about":[{"href":"https:\/\/mittelschule-hofeck.de\/wordpress\/wp-json\/wp\/v2\/types\/page"}],"author":[{"embeddable":true,"href":"https:\/\/mittelschule-hofeck.de\/wordpress\/wp-json\/wp\/v2\/users\/1"}],"replies":[{"embeddable":true,"href":"https:\/\/mittelschule-hofeck.de\/wordpress\/wp-json\/wp\/v2\/comments?post=2595"}],"version-history":[{"count":18,"href":"https:\/\/mittelschule-hofeck.de\/wordpress\/wp-json\/wp\/v2\/pages\/2595\/revisions"}],"predecessor-version":[{"id":11202,"href":"https:\/\/mittelschule-hofeck.de\/wordpress\/wp-json\/wp\/v2\/pages\/2595\/revisions\/11202"}],"wp:attachment":[{"href":"https:\/\/mittelschule-hofeck.de\/wordpress\/wp-json\/wp\/v2\/media?parent=2595"}],"curies":[{"name":"wp","href":"https:\/\/api.w.org\/{rel}","templated":true}]}}