{"id":2588,"date":"2019-10-30T18:22:18","date_gmt":"2019-10-30T16:22:18","guid":{"rendered":"https:\/\/mittelschule-hofeck.de\/wordpress\/?page_id=2588"},"modified":"2025-09-18T15:02:37","modified_gmt":"2025-09-18T14:02:37","slug":"berufsberatung","status":"publish","type":"page","link":"https:\/\/mittelschule-hofeck.de\/wordpress\/berufsberatung\/","title":{"rendered":"Berufsberatung"},"content":{"rendered":"\n<p><\/p>\n\n\n\n<p><strong>Als Berufsberaterin\u2026<\/strong><\/p>\n\n\n\n<div class=\"wp-block-columns is-layout-flex wp-container-core-columns-is-layout-9d6595d7 wp-block-columns-is-layout-flex\">\n<div class=\"wp-block-column is-layout-flow wp-block-column-is-layout-flow\" style=\"flex-basis:100%\">\n<figure class=\"wp-block-image size-large\"><img loading=\"lazy\" decoding=\"async\" width=\"69\" height=\"63\" src=\"https:\/\/mittelschule-hofeck.de\/wordpress\/wp-content\/uploads\/2021\/02\/grafik-1.png\" alt=\"\" class=\"wp-image-7657\"\/><\/figure>\n\n\n\n<div class=\"wp-block-media-text alignwide is-stacked-on-mobile\" style=\"grid-template-columns:37% auto\"><figure class=\"wp-block-media-text__media\"><img loading=\"lazy\" decoding=\"async\" width=\"768\" height=\"1024\" src=\"https:\/\/mittelschule-hofeck.de\/wordpress\/wp-content\/uploads\/2025\/09\/Foto-Walters-768x1024.jpg\" alt=\"\" class=\"wp-image-11222 size-full\" srcset=\"https:\/\/mittelschule-hofeck.de\/wordpress\/wp-content\/uploads\/2025\/09\/Foto-Walters-768x1024.jpg 768w, https:\/\/mittelschule-hofeck.de\/wordpress\/wp-content\/uploads\/2025\/09\/Foto-Walters-225x300.jpg 225w, https:\/\/mittelschule-hofeck.de\/wordpress\/wp-content\/uploads\/2025\/09\/Foto-Walters-1152x1536.jpg 1152w, https:\/\/mittelschule-hofeck.de\/wordpress\/wp-content\/uploads\/2025\/09\/Foto-Walters-1536x2048.jpg 1536w, https:\/\/mittelschule-hofeck.de\/wordpress\/wp-content\/uploads\/2025\/09\/Foto-Walters-300x400.jpg 300w, https:\/\/mittelschule-hofeck.de\/wordpress\/wp-content\/uploads\/2025\/09\/Foto-Walters-850x1133.jpg 850w, https:\/\/mittelschule-hofeck.de\/wordpress\/wp-content\/uploads\/2025\/09\/Foto-Walters-scaled.jpg 1920w\" sizes=\"auto, (max-width: 768px) 100vw, 768px\" \/><\/figure><div class=\"wp-block-media-text__content\">\n<p style=\"font-size:19px\"><strong>Stefanie Walters<\/strong><\/p>\n\n\n\n<p>Agentur f\u00fcr Arbeit Bayreuth-Hof<\/p>\n<\/div><\/div>\n<\/div>\n<\/div>\n\n\n\n<p>&nbsp;<\/p>\n\n\n\n<p>bin ich an der Hofecker Mittelschule Ansprechpartnerin f\u00fcr Sch\u00fcler, Eltern und Lehrer.<\/p>\n\n\n\n<p>Berufswahl ist ein individueller Entwicklungsprozess.<\/p>\n\n\n\n<p>Um diesen auch gut unterst\u00fctzen zu k\u00f6nnen,<\/p>\n\n\n\n<ul class=\"wp-block-list\">\n<li>habe ich psychologische, p\u00e4dagogische und berufskundliche Aus- und Weiterbildungen.<\/li>\n\n\n\n<li>nutze ich vielf\u00e4ltige Kontakte zu Betrieben, Kammern, Schulen und Bildungstr\u00e4gern.<\/li>\n\n\n\n<li>arbeite ich mit anderen Beratungsstellen zusammen.<\/li>\n\n\n\n<li>bin ich neutral und unabh\u00e4ngig.<\/li>\n\n\n\n<li>hilft mir meine langj\u00e4hrige Berufserfahrung.<\/li>\n<\/ul>\n\n\n\n<p>Als Berufsberaterin helfe ich Sch\u00fclern \u2026<\/p>\n\n\n\n<ul class=\"wp-block-list\">\n<li>den richtigen Beruf zu finden.<\/li>\n\n\n\n<li>gute Alternativen zu entwickeln.<\/li>\n\n\n\n<li>bei der Suche nach Ausbildungs-und Praktikumspl\u00e4tzen.<\/li>\n\n\n\n<li>mit Tipps zu ansprechenden Bewerbungsunterlagen.<\/li>\n\n\n\n<li>bei Fragen zum Besuch von weiterf\u00fchrenden Schulen.<\/li>\n\n\n\n<li>die Zeit bis zum neuen Ausbildungsbeginn sinnvoll zu \u00fcberbr\u00fccken.<strong><u><\/u><\/strong><\/li>\n\n\n\n<li>Sorgen, die mit der Berufswahl zusammenh\u00e4ngen, auszusprechen, richtig einzusch\u00e4tzen und den Blick zu ver\u00e4ndern.<\/li>\n<\/ul>\n\n\n\n<hr class=\"wp-block-separator has-alpha-channel-opacity\"\/>\n\n\n\n<p>Meine Angebote f\u00fcr Sch\u00fcler:<\/p>\n\n\n\n<p><strong>Schulsprechstunde \u2013 montags von 08:30 bis 13:00 Uhr<\/strong><\/p>\n\n\n\n<p><strong>Berufsorientierung ab Klasse 8<\/strong><\/p>\n\n\n\n<p><strong>Ansprechpartnerin bei Veranstaltungen wie z.B.<\/strong><\/p>\n\n\n\n<ul class=\"wp-block-list\">\n<li><strong>Hofer Ausbildungsmesse<\/strong><\/li>\n\n\n\n<li><strong>Lehrstellenb\u00f6rsen<\/strong><\/li>\n\n\n\n<li><strong>Girl`s Day\/Boy`s Day<\/strong><\/li>\n<\/ul>\n\n\n\n<p><strong>Berufswahltests und psychologische Eignungstests <\/strong>(Durchf\u00fchrung beim Berufspsychologischen Service der Bundesagentur f\u00fcr Arbeit Bayreuth- Hof)<\/p>\n\n\n\n<p><strong>Abkl\u00e4rung der gesundheitlichen Eignung<\/strong> bei bekannten Vorerkrankungen (in Zusammenarbeit mit dem Arbeitsmedizinischen Dienst der Bundesagentur f\u00fcr Arbeit)<\/p>\n\n\n\n<p><strong>Lehrstellenvermittlung<\/strong><\/p>\n\n\n\n<p><strong>Informationen zu finanziellen Hilfen (rund um die Ausbildung)<\/strong><\/p>\n\n\n\n<p><strong>Angebote, <\/strong>wenn es mit der Lehrstelle nicht sofort klappt<\/p>\n\n\n\n<hr class=\"wp-block-separator has-alpha-channel-opacity\"\/>\n\n\n\n<p>Mein Angebot f\u00fcr Eltern:<\/p>\n\n\n\n<p><strong>Elternveranstaltungen <\/strong>wie z.B.<\/p>\n\n\n\n<ul class=\"wp-block-list\">\n<li>Elterninformationsabende<\/li>\n\n\n\n<li>Ansprechpartnerin bei Elternsprechtagen<\/li>\n<\/ul>\n\n\n\n<p><strong>&nbsp;&nbsp;&nbsp;&nbsp;&nbsp;&nbsp;&nbsp;&nbsp;&nbsp; M\u00f6chten Sie einen Termin abstimmen?<\/strong><\/p>\n\n\n\n<p><strong>&nbsp;&nbsp;&nbsp;&nbsp;&nbsp;&nbsp;&nbsp;&nbsp;&nbsp; Einfach die kostenlose Hotline 0800 4 5555 00 anrufen<\/strong><\/p>\n\n\n\n<p><strong>&nbsp;&nbsp;&nbsp;&nbsp;&nbsp;&nbsp;&nbsp;&nbsp; oder direkt online unter <\/strong><a href=\"mailto:Hof.Berufsberatung@arbeitsagentur.de\"><strong>Hof.Berufsberatung@arbeitsagentur.de<\/strong><\/a><\/p>\n\n\n\n<p>&nbsp;&nbsp;&nbsp;&nbsp;&nbsp;&nbsp;&nbsp;&nbsp;&nbsp;&nbsp;&nbsp;&nbsp;&nbsp; <strong>&nbsp;&nbsp;<\/strong><\/p>\n\n\n\n<p><\/p>\n\n\n\n<h1 class=\"wp-block-heading\">&nbsp;<\/h1>\n","protected":false},"excerpt":{"rendered":"<p>Als Berufsberaterin\u2026 Stefanie Walters Agentur f\u00fcr Arbeit Bayreuth-Hof &nbsp; bin ich an der Hofecker Mittelschule Ansprechpartnerin f\u00fcr Sch\u00fcler, Eltern und Lehrer. Berufswahl ist ein individueller Entwicklungsprozess. Um diesen auch gut unterst\u00fctzen zu k\u00f6nnen, Als Berufsberaterin helfe ich Sch\u00fclern \u2026 Meine Angebote f\u00fcr Sch\u00fcler: Schulsprechstunde \u2013 montags von 08:30 bis 13:00 Uhr Berufsorientierung ab Klasse 8&#8230;<\/p>\n","protected":false},"author":1,"featured_media":0,"parent":0,"menu_order":0,"comment_status":"closed","ping_status":"closed","template":"","meta":{"footnotes":""},"class_list":["post-2588","page","type-page","status-publish","hentry"],"_links":{"self":[{"href":"https:\/\/mittelschule-hofeck.de\/wordpress\/wp-json\/wp\/v2\/pages\/2588","targetHints":{"allow":["GET"]}}],"collection":[{"href":"https:\/\/mittelschule-hofeck.de\/wordpress\/wp-json\/wp\/v2\/pages"}],"about":[{"href":"https:\/\/mittelschule-hofeck.de\/wordpress\/wp-json\/wp\/v2\/types\/page"}],"author":[{"embeddable":true,"href":"https:\/\/mittelschule-hofeck.de\/wordpress\/wp-json\/wp\/v2\/users\/1"}],"replies":[{"embeddable":true,"href":"https:\/\/mittelschule-hofeck.de\/wordpress\/wp-json\/wp\/v2\/comments?post=2588"}],"version-history":[{"count":9,"href":"https:\/\/mittelschule-hofeck.de\/wordpress\/wp-json\/wp\/v2\/pages\/2588\/revisions"}],"predecessor-version":[{"id":11223,"href":"https:\/\/mittelschule-hofeck.de\/wordpress\/wp-json\/wp\/v2\/pages\/2588\/revisions\/11223"}],"wp:attachment":[{"href":"https:\/\/mittelschule-hofeck.de\/wordpress\/wp-json\/wp\/v2\/media?parent=2588"}],"curies":[{"name":"wp","href":"https:\/\/api.w.org\/{rel}","templated":true}]}}