{"id":2584,"date":"2019-10-30T18:11:43","date_gmt":"2019-10-30T16:11:43","guid":{"rendered":"https:\/\/mittelschule-hofeck.de\/wordpress\/?page_id=2584"},"modified":"2021-11-14T10:41:52","modified_gmt":"2021-11-14T09:41:52","slug":"berufseinstiegsbegleitung","status":"publish","type":"page","link":"https:\/\/mittelschule-hofeck.de\/wordpress\/berufseinstiegsbegleitung\/","title":{"rendered":"Berufseinstiegsbegleitung"},"content":{"rendered":"\n<p>Seit Dezember 2010 ist <strong>Sandra Schmidt <\/strong>(Diplom-P\u00e4dagogin) als Berufseinstiegsbegleiterin an der  Hofecker-Mittelschule t\u00e4tig.<\/p>\n\n\n\n<p>Das Angebot f\u00fcr den \u00dcbergang von der Schule in den Beruf wird im \nAuftrag der Agentur f\u00fcr Arbeit Bayreuth-Hof von der Arbeitsgemeinschaft \nder Volkshochschulen im Landkreis Hof e.V. durchgef\u00fchrt.<\/p>\n\n\n\n<p>Die Berufseinstiegsbegleitung ist freiwillig und unterst\u00fctzt \nausgew\u00e4hlte Sch\u00fcler und Sch\u00fclerinnen beim \u00dcbergang von der allgemein \nbildenden Schule in die Berufsausbildung und erleichtert dadurch die \nberufliche Eingliederung und erh\u00f6ht die Chancen f\u00fcr eine Stabilisierung \ndes Ausbildungsverh\u00e4ltnisses. In der Regel beginnt die \nBerufseinstiegsbegleitung in der Vorabgangsklasse und endet ein halbes \nJahr nach Aufnahme einer Berufsausbildung oder \u2013 falls die Aufnahme \neiner Berufsausbildung nicht gelingt \u2013 sp\u00e4testens 24 Monate nach \nBeendigung der allgemein bildenden Schule.<\/p>\n\n\n\n<p>Die Berufseinstiegsbegleitung unterst\u00fctzt den einzelnen Sch\u00fcler \/ die einzelne Sch\u00fclerin:<\/p>\n\n\n\n<ul class=\"wp-block-list\"><li>beim Erreichen des Schulabschlusses<\/li><li>bei pers\u00f6nlichen Problemen<\/li><li>beim Finden eines passenden Berufes<\/li><li>bei der Ausbildungsstellensuche und beim Bewerbungsverfahren<\/li><li>in der ersten Zeit einer Berufsausbildung<\/li><\/ul>\n\n\n\n<p>Das B\u00fcro von Frau Schmidt befindet sich im 2. Stock, Zimmer 336.<\/p>\n","protected":false},"excerpt":{"rendered":"<p>Seit Dezember 2010 ist Sandra Schmidt (Diplom-P\u00e4dagogin) als Berufseinstiegsbegleiterin an der Hofecker-Mittelschule t\u00e4tig. Das Angebot f\u00fcr den \u00dcbergang von der Schule in den Beruf wird im Auftrag der Agentur f\u00fcr Arbeit Bayreuth-Hof von der Arbeitsgemeinschaft der Volkshochschulen im Landkreis Hof e.V. durchgef\u00fchrt. Die Berufseinstiegsbegleitung ist freiwillig und unterst\u00fctzt ausgew\u00e4hlte Sch\u00fcler und Sch\u00fclerinnen beim \u00dcbergang von&#8230;<\/p>\n","protected":false},"author":1,"featured_media":0,"parent":0,"menu_order":0,"comment_status":"closed","ping_status":"closed","template":"","meta":{"footnotes":""},"class_list":["post-2584","page","type-page","status-publish","hentry"],"_links":{"self":[{"href":"https:\/\/mittelschule-hofeck.de\/wordpress\/wp-json\/wp\/v2\/pages\/2584","targetHints":{"allow":["GET"]}}],"collection":[{"href":"https:\/\/mittelschule-hofeck.de\/wordpress\/wp-json\/wp\/v2\/pages"}],"about":[{"href":"https:\/\/mittelschule-hofeck.de\/wordpress\/wp-json\/wp\/v2\/types\/page"}],"author":[{"embeddable":true,"href":"https:\/\/mittelschule-hofeck.de\/wordpress\/wp-json\/wp\/v2\/users\/1"}],"replies":[{"embeddable":true,"href":"https:\/\/mittelschule-hofeck.de\/wordpress\/wp-json\/wp\/v2\/comments?post=2584"}],"version-history":[{"count":4,"href":"https:\/\/mittelschule-hofeck.de\/wordpress\/wp-json\/wp\/v2\/pages\/2584\/revisions"}],"predecessor-version":[{"id":8460,"href":"https:\/\/mittelschule-hofeck.de\/wordpress\/wp-json\/wp\/v2\/pages\/2584\/revisions\/8460"}],"wp:attachment":[{"href":"https:\/\/mittelschule-hofeck.de\/wordpress\/wp-json\/wp\/v2\/media?parent=2584"}],"curies":[{"name":"wp","href":"https:\/\/api.w.org\/{rel}","templated":true}]}}