{"id":2580,"date":"2019-10-30T18:06:58","date_gmt":"2019-10-30T16:06:58","guid":{"rendered":"https:\/\/mittelschule-hofeck.de\/wordpress\/?page_id=2580"},"modified":"2022-10-07T09:57:46","modified_gmt":"2022-10-07T08:57:46","slug":"foerderverein","status":"publish","type":"page","link":"https:\/\/mittelschule-hofeck.de\/wordpress\/foerderverein\/","title":{"rendered":"F\u00f6rderverein"},"content":{"rendered":"\n<p class=\"has-text-align-center has-cyan-bluish-gray-color has-vivid-red-background-color has-text-color has-background\"><strong>F\u00f6rderverein der Hofecker Schulen e.V.<\/strong><\/p>\n\n\n<p><img loading=\"lazy\" decoding=\"async\" class=\"wp-image-421 alignleft\" src=\"https:\/\/mittelschule-hofeck.de\/wordpress\/wp-content\/uploads\/2016\/09\/F\u00f6rderverein_Logo.jpg\" alt=\"\" width=\"206\" height=\"166\" srcset=\"https:\/\/mittelschule-hofeck.de\/wordpress\/wp-content\/uploads\/2016\/09\/F\u00f6rderverein_Logo.jpg 430w, https:\/\/mittelschule-hofeck.de\/wordpress\/wp-content\/uploads\/2016\/09\/F\u00f6rderverein_Logo-300x242.jpg 300w\" sizes=\"auto, (max-width: 206px) 100vw, 206px\" \/><strong data-rich-text-format-boundary=\"true\">Gemeinsam k\u00f6nnen wir viel f\u00fcr unsere Schule erreichen \u2013 das sind unsere Ziele:<\/strong><br data-rich-text-line-break=\"true\">Das Wohl unserer Kinder liegt uns am Herzen. Mit gezielten F\u00f6rderungen investieren wir in die schulische Ausbildung und damit in die Zukunft der Sch\u00fclerinnen und Sch\u00fcler.<br data-rich-text-line-break=\"true\">Wo staatliche Mittel nicht ausreichen, unterst\u00fctzen wir die Schulfamilie finanziell und verbessern so die Lernbedingungen sowohl f\u00fcr die Hofecker Grund- und Mittelsch\u00fcler.<br data-rich-text-line-break=\"true\">Durch Mittel des F\u00f6rdervereins konnte bereits schon viel bewegt werden:<\/p>\n\n\n<p><strong>Mittelschule:<\/strong><\/p>\n\n\n\n<ul class=\"wp-block-list\"><li>Musikinstrumente f\u00fcr die Schulband<\/li><li>Geschenke f\u00fcr die Jahrgangsbesten<\/li><li>Zusch\u00fcsse zu den Klassenfahrten<\/li><li>Zusch\u00fcsse zur PC-Ausstattung in Klassenzimmern<\/li><li>Lizenz f\u00fcr \u201eGeographie interaktiv\u201c<\/li><li>Zusch\u00fcsse zu Theaterbesuchen<\/li><\/ul>\n\n\n\n<p><strong>Grundschule:<\/strong><\/p>\n\n\n\n<ul class=\"wp-block-list\"><li>Lekt\u00fcren f\u00fcr den Deutschunterricht im Klassensatz<\/li><li>Nikolausbesuch f\u00fcr die 1. Jahrgangsstufe<\/li><li>Orffinstrumente im Klassensatz<\/li><li>Material f\u00fcr Freiarbeit<\/li><\/ul>\n\n\n\n<p>Um weitere Ziele umsetzen zu k\u00f6nnen, tun wir was!<\/p>\n\n\n\n<p class=\"has-text-align-center has-cyan-bluish-gray-color has-vivid-red-background-color has-text-color has-background\"> <strong>So k\u00f6nnen Sie uns unterst\u00fctzen:<\/strong> <\/p>\n\n\n\n<div data-wp-interactive=\"core\/file\" class=\"wp-block-file\"><object data-wp-bind--hidden=\"!state.hasPdfPreview\" hidden class=\"wp-block-file__embed\" data=\"https:\/\/mittelschule-hofeck.de\/wordpress\/wp-content\/uploads\/2022\/10\/Infoschreiben_Foerderverein.pdf\" type=\"application\/pdf\" style=\"width:100%;height:400px\" aria-label=\"Einbettung von Einbettung von Infoschreiben_Foerderverein..\"><\/object><a id=\"wp-block-file--media-83b045e5-5769-4e84-a8ff-5148510c7d71\" href=\"https:\/\/mittelschule-hofeck.de\/wordpress\/wp-content\/uploads\/2022\/10\/Infoschreiben_Foerderverein.pdf\">Infoschreiben_Foerderverein<\/a><a href=\"https:\/\/mittelschule-hofeck.de\/wordpress\/wp-content\/uploads\/2022\/10\/Infoschreiben_Foerderverein.pdf\" class=\"wp-block-file__button\" download aria-describedby=\"wp-block-file--media-83b045e5-5769-4e84-a8ff-5148510c7d71\">Herunterladen<\/a><\/div>\n","protected":false},"excerpt":{"rendered":"<p>F\u00f6rderverein der Hofecker Schulen e.V. Gemeinsam k\u00f6nnen wir viel f\u00fcr unsere Schule erreichen \u2013 das sind unsere Ziele:Das Wohl unserer Kinder liegt uns am Herzen. Mit gezielten F\u00f6rderungen investieren wir in die schulische Ausbildung und damit in die Zukunft der Sch\u00fclerinnen und Sch\u00fcler.Wo staatliche Mittel nicht ausreichen, unterst\u00fctzen wir die Schulfamilie finanziell und verbessern so&#8230;<\/p>\n","protected":false},"author":1,"featured_media":0,"parent":0,"menu_order":0,"comment_status":"closed","ping_status":"closed","template":"","meta":{"footnotes":""},"class_list":["post-2580","page","type-page","status-publish","hentry"],"_links":{"self":[{"href":"https:\/\/mittelschule-hofeck.de\/wordpress\/wp-json\/wp\/v2\/pages\/2580","targetHints":{"allow":["GET"]}}],"collection":[{"href":"https:\/\/mittelschule-hofeck.de\/wordpress\/wp-json\/wp\/v2\/pages"}],"about":[{"href":"https:\/\/mittelschule-hofeck.de\/wordpress\/wp-json\/wp\/v2\/types\/page"}],"author":[{"embeddable":true,"href":"https:\/\/mittelschule-hofeck.de\/wordpress\/wp-json\/wp\/v2\/users\/1"}],"replies":[{"embeddable":true,"href":"https:\/\/mittelschule-hofeck.de\/wordpress\/wp-json\/wp\/v2\/comments?post=2580"}],"version-history":[{"count":13,"href":"https:\/\/mittelschule-hofeck.de\/wordpress\/wp-json\/wp\/v2\/pages\/2580\/revisions"}],"predecessor-version":[{"id":9269,"href":"https:\/\/mittelschule-hofeck.de\/wordpress\/wp-json\/wp\/v2\/pages\/2580\/revisions\/9269"}],"wp:attachment":[{"href":"https:\/\/mittelschule-hofeck.de\/wordpress\/wp-json\/wp\/v2\/media?parent=2580"}],"curies":[{"name":"wp","href":"https:\/\/api.w.org\/{rel}","templated":true}]}}