{"id":2575,"date":"2019-10-30T18:00:57","date_gmt":"2019-10-30T16:00:57","guid":{"rendered":"https:\/\/mittelschule-hofeck.de\/wordpress\/?page_id=2575"},"modified":"2025-09-18T14:59:12","modified_gmt":"2025-09-18T13:59:12","slug":"offene-ganztagsschule","status":"publish","type":"page","link":"https:\/\/mittelschule-hofeck.de\/wordpress\/offene-ganztagsschule\/","title":{"rendered":"Offene Ganztagsschule"},"content":{"rendered":"\n<hr class=\"wp-block-separator has-css-opacity\"\/>\n\n\n\n<p><strong>Hier k\u00f6nnen Sie Ihr Kind zur OGS (Offenen Ganztagsbetreuung) an der Hofecker-Mittelschule anmelden:<\/strong><\/p>\n\n\n\n<div class=\"wp-block-file\"><a id=\"wp-block-file--media-5ad88a11-c0ba-43c4-8802-1b451c527f86\" href=\"https:\/\/mittelschule-hofeck.de\/wordpress\/wp-content\/uploads\/2025\/06\/Anmeldungsformular-OGS-Schuljahr-2025-2026.pdf\">Anmeldungsformular OGS Schuljahr 2025-2026<\/a><a href=\"https:\/\/mittelschule-hofeck.de\/wordpress\/wp-content\/uploads\/2025\/06\/Anmeldungsformular-OGS-Schuljahr-2025-2026.pdf\" class=\"wp-block-file__button wp-element-button\" download aria-describedby=\"wp-block-file--media-5ad88a11-c0ba-43c4-8802-1b451c527f86\">Herunterladen<\/a><\/div>\n\n\n\n<div class=\"wp-block-file\"><a id=\"wp-block-file--media-67ef89d1-7085-4f00-89a1-73341efcec0d\" href=\"https:\/\/mittelschule-hofeck.de\/wordpress\/wp-content\/uploads\/2025\/06\/ANLAGE_6a_Anmeldeformular_MITTELSCHULE_Original.pdf\">ANLAGE_6a_Anmeldeformular_MITTELSCHULE_(Original)<\/a><a href=\"https:\/\/mittelschule-hofeck.de\/wordpress\/wp-content\/uploads\/2025\/06\/ANLAGE_6a_Anmeldeformular_MITTELSCHULE_Original.pdf\" class=\"wp-block-file__button wp-element-button\" download aria-describedby=\"wp-block-file--media-67ef89d1-7085-4f00-89a1-73341efcec0d\">Herunterladen<\/a><\/div>\n\n\n\n<div class=\"wp-block-file\"><a id=\"wp-block-file--media-48840f5c-631b-4312-88cf-dd77d5c18066\" href=\"https:\/\/mittelschule-hofeck.de\/wordpress\/wp-content\/uploads\/2022\/03\/Neu-Essenzuschuss-Stadt-Hof-Formular.pdf\">Essenzuschuss-Stadt-Hof-Formular<\/a><a href=\"https:\/\/mittelschule-hofeck.de\/wordpress\/wp-content\/uploads\/2022\/03\/Neu-Essenzuschuss-Stadt-Hof-Formular.pdf\" class=\"wp-block-file__button wp-element-button\" download aria-describedby=\"wp-block-file--media-48840f5c-631b-4312-88cf-dd77d5c18066\">Herunterladen<\/a><\/div>\n\n\n\n<div class=\"wp-block-file\"><a id=\"wp-block-file--media-06dcd75b-86fd-47db-a9c5-dd18762356e5\" href=\"https:\/\/mittelschule-hofeck.de\/wordpress\/wp-content\/uploads\/2022\/03\/Neu-Essenszuschuss-Landkreis-Hof-Formular.pdf\">Essenszuschuss-Landkreis-Hof-Formular<\/a><a href=\"https:\/\/mittelschule-hofeck.de\/wordpress\/wp-content\/uploads\/2022\/03\/Neu-Essenszuschuss-Landkreis-Hof-Formular.pdf\" class=\"wp-block-file__button wp-element-button\" download aria-describedby=\"wp-block-file--media-06dcd75b-86fd-47db-a9c5-dd18762356e5\">Herunterladen<\/a><\/div>\n\n\n\n<div class=\"wp-block-file\"><a id=\"wp-block-file--media-8d87f9e5-c72f-4271-a3fd-b35691baa981\" href=\"https:\/\/mittelschule-hofeck.de\/wordpress\/wp-content\/uploads\/2021\/03\/Flyer-Ganztagsschule-Hofecker-2021-komprimiert.pdf\">Flyer-Ganztagsschule-Hofecker-2021<\/a><a href=\"https:\/\/mittelschule-hofeck.de\/wordpress\/wp-content\/uploads\/2021\/03\/Flyer-Ganztagsschule-Hofecker-2021-komprimiert.pdf\" class=\"wp-block-file__button wp-element-button\" download aria-describedby=\"wp-block-file--media-8d87f9e5-c72f-4271-a3fd-b35691baa981\">Herunterladen<\/a><\/div>\n\n\n\n<div class=\"wp-block-file\"><a id=\"wp-block-file--media-76d2226b-a0c2-47a1-92b0-cf9a5728fa56\" href=\"https:\/\/mittelschule-hofeck.de\/wordpress\/wp-content\/uploads\/2021\/03\/Flyer-Schuelerbetreuung-Jugendverbaendehaus-Bahnhof-Neuhof.pdf\">Flyer-Schuelerbetreuung-Jugendverbaendehaus-Bahnhof-Neuhof<\/a><a href=\"https:\/\/mittelschule-hofeck.de\/wordpress\/wp-content\/uploads\/2021\/03\/Flyer-Schuelerbetreuung-Jugendverbaendehaus-Bahnhof-Neuhof.pdf\" class=\"wp-block-file__button wp-element-button\" download aria-describedby=\"wp-block-file--media-76d2226b-a0c2-47a1-92b0-cf9a5728fa56\">Herunterladen<\/a><\/div>\n\n\n\n<hr class=\"wp-block-separator has-css-opacity\"\/>\n\n\n\n<p>Wir bieten Ihnen und Ihren Kindern nachmittags die M\u00f6glichkeit an der Offenen Ganztagsbetreuung teilzunehmen. Daf\u00fcr stehen Ihnen <strong>zwei M\u00f6glichkeiten<\/strong> zur Verf\u00fcgung: <\/p>\n\n\n\n<figure class=\"wp-block-table\"><table><tbody><tr><td><strong>Gruppe Hofecker-Mittelschule<\/strong><\/td><td><strong>Gruppe Bahnhof-Neuhof<\/strong><\/td><\/tr><tr><td>Betreuung durch die <br>VHS Landkreis Hof <br>im Geb\u00e4ude <strong>Hofecker-MS<\/strong><br><br>Montag \u2013 Donnerstag<br>13.00 \u2013 16.00 Uhr <br>(bei Bedarf bis 16.30 Uhr) <\/td><td>Betreuung durch den <br>Stadtjugendring <br>im Geb\u00e4ude <br><strong>Bahnhof Neuhof<\/strong><br><br>Montag \u2013 Freitag<br>11.30 \u2013 16.30 Uhr <\/td><\/tr><\/tbody><\/table><\/figure>\n\n\n\n<p class=\"has-text-align-center has-cyan-bluish-gray-color has-vivid-red-background-color has-text-color has-background\"><strong>Hier stellt sich das Team der Hofecker Ganztagsschule vor<\/strong><\/p>\n\n\n\n<figure class=\"wp-block-image size-large\"><img loading=\"lazy\" decoding=\"async\" width=\"935\" height=\"1024\" src=\"https:\/\/mittelschule-hofeck.de\/wordpress\/wp-content\/uploads\/2025\/09\/2025-4-OGTS-935x1024.jpg\" alt=\"\" class=\"wp-image-11219\" srcset=\"https:\/\/mittelschule-hofeck.de\/wordpress\/wp-content\/uploads\/2025\/09\/2025-4-OGTS-935x1024.jpg 935w, https:\/\/mittelschule-hofeck.de\/wordpress\/wp-content\/uploads\/2025\/09\/2025-4-OGTS-274x300.jpg 274w, https:\/\/mittelschule-hofeck.de\/wordpress\/wp-content\/uploads\/2025\/09\/2025-4-OGTS-768x841.jpg 768w, https:\/\/mittelschule-hofeck.de\/wordpress\/wp-content\/uploads\/2025\/09\/2025-4-OGTS-1403x1536.jpg 1403w, https:\/\/mittelschule-hofeck.de\/wordpress\/wp-content\/uploads\/2025\/09\/2025-4-OGTS-1870x2048.jpg 1870w, https:\/\/mittelschule-hofeck.de\/wordpress\/wp-content\/uploads\/2025\/09\/2025-4-OGTS-300x329.jpg 300w, https:\/\/mittelschule-hofeck.de\/wordpress\/wp-content\/uploads\/2025\/09\/2025-4-OGTS-850x931.jpg 850w\" sizes=\"auto, (max-width: 935px) 100vw, 935px\" \/><\/figure>\n\n\n\n<p class=\"has-text-align-center has-cyan-bluish-gray-color has-vivid-red-background-color has-text-color has-background\"><strong>Und so soll unser Nachmittag aussehen:<\/strong><\/p>\n\n\n\n<p><strong>13 bis 14 Uhr:<\/strong> <strong>Gemeinsames\nMittagessen<\/strong><\/p>\n\n\n\n<p>Ein gemeinsames Mittagessen ist Teil\nunseres p\u00e4dagogischen Konzepts. Es ist ein Ritual in unserem t\u00e4glichen\nZusammenleben und f\u00f6rdert das Erlernen von Tischsitten. Die Sch\u00fclerinnen und Sch\u00fcler\nk\u00f6nnen hier ihre Sozialkompetenz verbessern, auch im Hinblick auf ihr\n\u201esp\u00e4teres\u201c Leben, und sie erfahren gegenseitige R\u00fccksichtnahme, Vertrauen,\nGeborgenheit und Stetigkeit.<\/p>\n\n\n\n<p>Erfahrungsgem\u00e4\u00df gelingen ein\nkonzentriertes, ausdauerndes Arbeiten und ein friedliches Miteinander nur dann,\nwenn die Grundbed\u00fcrfnisse &#8211; Essen und Trinken &#8211; gestillt sind. <\/p>\n\n\n\n<p><strong>14 bis 15 Uhr: Erledigung der\nHausaufgaben<\/strong> (kein Nachhilfeunterricht)<\/p>\n\n\n\n<p>Eine Kontrolle der Hausaufgaben ist\nwegen der K\u00fcrze der Zeit und der Anzahl der Sch\u00fcler nur teilweise m\u00f6glich.\nBitte beachten Sie t\u00e4glich die Eintragungen im Hausaufgabenheft!<\/p>\n\n\n\n<p><strong>15 bis 16 Uhr: Freizeit- und Besch\u00e4ftigungsangebote <\/strong>in\ndenverschiedensten Bereichen wie\nkreatives Gestalten, Sport, Spiele, Backen, Ausfl\u00fcge und dergleichen mehr.<\/p>\n\n\n\n<hr class=\"wp-block-separator has-alpha-channel-opacity\"\/>\n\n\n\n<p><\/p>\n\n\n\n<figure class=\"wp-block-image size-large\"><img loading=\"lazy\" decoding=\"async\" width=\"1024\" height=\"576\" src=\"https:\/\/mittelschule-hofeck.de\/wordpress\/wp-content\/uploads\/2023\/04\/Flyer-OGS-Bahnhof-Neuhof-23-24-1024x576.jpg\" alt=\"\" class=\"wp-image-9660\" srcset=\"https:\/\/mittelschule-hofeck.de\/wordpress\/wp-content\/uploads\/2023\/04\/Flyer-OGS-Bahnhof-Neuhof-23-24-1024x576.jpg 1024w, https:\/\/mittelschule-hofeck.de\/wordpress\/wp-content\/uploads\/2023\/04\/Flyer-OGS-Bahnhof-Neuhof-23-24-300x169.jpg 300w, https:\/\/mittelschule-hofeck.de\/wordpress\/wp-content\/uploads\/2023\/04\/Flyer-OGS-Bahnhof-Neuhof-23-24-768x432.jpg 768w, https:\/\/mittelschule-hofeck.de\/wordpress\/wp-content\/uploads\/2023\/04\/Flyer-OGS-Bahnhof-Neuhof-23-24-1536x863.jpg 1536w, https:\/\/mittelschule-hofeck.de\/wordpress\/wp-content\/uploads\/2023\/04\/Flyer-OGS-Bahnhof-Neuhof-23-24-850x478.jpg 850w, https:\/\/mittelschule-hofeck.de\/wordpress\/wp-content\/uploads\/2023\/04\/Flyer-OGS-Bahnhof-Neuhof-23-24.jpg 1555w\" sizes=\"auto, (max-width: 1024px) 100vw, 1024px\" \/><\/figure>\n","protected":false},"excerpt":{"rendered":"<p>Hier k\u00f6nnen Sie Ihr Kind zur OGS (Offenen Ganztagsbetreuung) an der Hofecker-Mittelschule anmelden: Wir bieten Ihnen und Ihren Kindern nachmittags die M\u00f6glichkeit an der Offenen Ganztagsbetreuung teilzunehmen. Daf\u00fcr stehen Ihnen zwei M\u00f6glichkeiten zur Verf\u00fcgung: Gruppe Hofecker-Mittelschule Gruppe Bahnhof-Neuhof Betreuung durch die VHS Landkreis Hof im Geb\u00e4ude Hofecker-MS Montag \u2013 Donnerstag13.00 \u2013 16.00 Uhr (bei Bedarf&#8230;<\/p>\n","protected":false},"author":1,"featured_media":0,"parent":0,"menu_order":0,"comment_status":"closed","ping_status":"closed","template":"","meta":{"footnotes":""},"class_list":["post-2575","page","type-page","status-publish","hentry"],"_links":{"self":[{"href":"https:\/\/mittelschule-hofeck.de\/wordpress\/wp-json\/wp\/v2\/pages\/2575","targetHints":{"allow":["GET"]}}],"collection":[{"href":"https:\/\/mittelschule-hofeck.de\/wordpress\/wp-json\/wp\/v2\/pages"}],"about":[{"href":"https:\/\/mittelschule-hofeck.de\/wordpress\/wp-json\/wp\/v2\/types\/page"}],"author":[{"embeddable":true,"href":"https:\/\/mittelschule-hofeck.de\/wordpress\/wp-json\/wp\/v2\/users\/1"}],"replies":[{"embeddable":true,"href":"https:\/\/mittelschule-hofeck.de\/wordpress\/wp-json\/wp\/v2\/comments?post=2575"}],"version-history":[{"count":21,"href":"https:\/\/mittelschule-hofeck.de\/wordpress\/wp-json\/wp\/v2\/pages\/2575\/revisions"}],"predecessor-version":[{"id":11220,"href":"https:\/\/mittelschule-hofeck.de\/wordpress\/wp-json\/wp\/v2\/pages\/2575\/revisions\/11220"}],"wp:attachment":[{"href":"https:\/\/mittelschule-hofeck.de\/wordpress\/wp-json\/wp\/v2\/media?parent=2575"}],"curies":[{"name":"wp","href":"https:\/\/api.w.org\/{rel}","templated":true}]}}