{"id":2572,"date":"2019-10-30T17:44:02","date_gmt":"2019-10-30T15:44:02","guid":{"rendered":"https:\/\/mittelschule-hofeck.de\/wordpress\/?page_id=2572"},"modified":"2023-09-14T08:19:19","modified_gmt":"2023-09-14T07:19:19","slug":"jas","status":"publish","type":"page","link":"https:\/\/mittelschule-hofeck.de\/wordpress\/jas\/","title":{"rendered":"Jugendsozialarbeit an Schulen"},"content":{"rendered":"\n<div class=\"wp-block-buttons is-layout-flex wp-block-buttons-is-layout-flex\"><\/div>\n\n\n<div class=\"wp-block-image\">\n<figure class=\"aligncenter\"><img loading=\"lazy\" decoding=\"async\" width=\"300\" height=\"162\" src=\"https:\/\/mittelschule-hofeck.de\/wordpress\/wp-content\/uploads\/2016\/09\/JaS_Logo_rgb_gross-300x162.jpg\" alt=\"jas_logo_rgb_gross\" class=\"wp-image-358\" srcset=\"https:\/\/mittelschule-hofeck.de\/wordpress\/wp-content\/uploads\/2016\/09\/JaS_Logo_rgb_gross-300x162.jpg 300w, https:\/\/mittelschule-hofeck.de\/wordpress\/wp-content\/uploads\/2016\/09\/JaS_Logo_rgb_gross.jpg 521w\" sizes=\"auto, (max-width: 300px) 100vw, 300px\" \/><\/figure>\n<\/div>\n\n\n<p><strong>JaS ist eine Jugendhilfema\u00dfnahme direkt am Ort Schule, eigenst\u00e4ndig in der Zielsetzung und im methodischen Vorgehen, aber in enger Kooperation mit der Schule und deren Zielsetzung.<\/strong><\/p>\n\n\n\n<p>Seit 2010 bin ich, Stefanie Pohl (Diplom-Sozialp\u00e4dagogin (FH)), an der Hofecker-Mittelschule die Jugendsozialarbeiterin.<\/p>\n\n\n\n<p>Wof\u00fcr bin ich da:<\/p>\n\n\n\n<ul class=\"wp-block-list\">\n<li>Ich nehme jeden ernst, h\u00f6re zu, berate, unterst\u00fctze bei was auch immer, motiviere und begleite, wenn es gew\u00fcnscht ist.<\/li>\n\n\n\n<li>Ich suche mit allen, die freiwillig zu mir kommen, nach L\u00f6sungen von Problemen in der Schule, im Freundeskreis oder in der Familie.<\/li>\n\n\n\n<li>Ich behandle alles Besprochene vertraulich (es sei denn, es steht eine Gefahr im Raum)<\/li>\n\n\n\n<li>Zu mir kommen k\u00f6nnen alle Kinder und Jugendliche dieser Schule, sowie Eltern und auch Lehrer\/Lehrerinnen<\/li>\n\n\n\n<li>Des Weiteren vermittle ich zu anderen Institutionen, die Hilfe anbieten (wie z. B. Beratungsstellen)<\/li>\n<\/ul>\n\n\n\n<p>Ob jemand zu mir kommt, entscheidet jeder selbst (<strong>absolut freiwillig<\/strong>).<\/p>\n\n\n\n<p><strong>Ich bin von Montag bis Donnerstag von 7:45 bis 16:00 Uhr und am Freitag von 7:45 bis 13:00 Uhr erreichbar.<\/strong><\/p>\n\n\n\n<p>Mein B\u00fcro befindet sich seit kurzem im Zimmer 355 ebenfalls im 2. Stock (n\u00e4he Kunstsaal).<\/p>\n\n\n\n<p><strong>Telefonnummer: 09281\/815-3129<\/strong><\/p>\n\n\n\n<p><strong>Mobil: 0171\/3607061<\/strong><\/p>\n\n\n\n<p><strong>E-Mail: Stefanie.Pohl [at] diakonie-hochfranken.de<\/strong><\/p>\n\n\n\n<p>Bitte nicht scheuen, einfach mal durchzurufen, nach einem Termin zu fragen oder vorbeizuschauen.<\/p>\n\n\n\n<p>Seit September 2023 unterst\u00fctzt mich unser Schulhund Stella bei der Arbeit:<\/p>\n\n\n\n<figure class=\"wp-block-embed is-type-wp-embed is-provider-einbetten wp-block-embed-einbetten\"><div class=\"wp-block-embed__wrapper\">\n<blockquote class=\"wp-embedded-content\" data-secret=\"VBzNxWsSzj\"><a href=\"https:\/\/mittelschule-hofeck.de\/wordpress\/schulhund\/\">Schulhund<\/a><\/blockquote><iframe loading=\"lazy\" class=\"wp-embedded-content\" sandbox=\"allow-scripts\" security=\"restricted\" style=\"position: absolute; clip: rect(1px, 1px, 1px, 1px);\" title=\"&#8222;Schulhund&#8220; &#8212; \" src=\"https:\/\/mittelschule-hofeck.de\/wordpress\/schulhund\/embed\/#?secret=g0Mm19iA8c#?secret=VBzNxWsSzj\" data-secret=\"VBzNxWsSzj\" width=\"600\" height=\"338\" frameborder=\"0\" marginwidth=\"0\" marginheight=\"0\" scrolling=\"no\"><\/iframe>\n<\/div><\/figure>\n\n\n\n<p><\/p>\n\n\n\n<p>Gr\u00fc\u00dfe<\/p>\n\n\n\n<p><em>Stefanie Pohl<\/em><\/p>\n\n\n\n<p>Weitere Infos zu JaS erhalten Sie <a href=\"https:\/\/www.diakonie-hochfranken.de\/kinder-familien\/jugend-und-familienhilfe-betreuung-und-erziehung\/jugendsozialarbeit-an-schulen\/\" target=\"_blank\" rel=\"noreferrer noopener\"><strong>hier.<\/strong><\/a><\/p>\n\n\n\n<figure class=\"wp-block-image size-large\"><img loading=\"lazy\" decoding=\"async\" width=\"1024\" height=\"502\" src=\"https:\/\/mittelschule-hofeck.de\/wordpress\/wp-content\/uploads\/2021\/06\/Foerderhinweis-JaS-1024x502.jpg\" alt=\"\" class=\"wp-image-8049\" srcset=\"https:\/\/mittelschule-hofeck.de\/wordpress\/wp-content\/uploads\/2021\/06\/Foerderhinweis-JaS-1024x502.jpg 1024w, https:\/\/mittelschule-hofeck.de\/wordpress\/wp-content\/uploads\/2021\/06\/Foerderhinweis-JaS-300x147.jpg 300w, https:\/\/mittelschule-hofeck.de\/wordpress\/wp-content\/uploads\/2021\/06\/Foerderhinweis-JaS-768x377.jpg 768w, https:\/\/mittelschule-hofeck.de\/wordpress\/wp-content\/uploads\/2021\/06\/Foerderhinweis-JaS-1536x754.jpg 1536w, https:\/\/mittelschule-hofeck.de\/wordpress\/wp-content\/uploads\/2021\/06\/Foerderhinweis-JaS-2048x1005.jpg 2048w\" sizes=\"auto, (max-width: 1024px) 100vw, 1024px\" \/><\/figure>\n\n\n\n<p><\/p>\n","protected":false},"excerpt":{"rendered":"<p>JaS ist eine Jugendhilfema\u00dfnahme direkt am Ort Schule, eigenst\u00e4ndig in der Zielsetzung und im methodischen Vorgehen, aber in enger Kooperation mit der Schule und deren Zielsetzung. Seit 2010 bin ich, Stefanie Pohl (Diplom-Sozialp\u00e4dagogin (FH)), an der Hofecker-Mittelschule die Jugendsozialarbeiterin. Wof\u00fcr bin ich da: Ob jemand zu mir kommt, entscheidet jeder selbst (absolut freiwillig). Ich bin&#8230;<\/p>\n","protected":false},"author":1,"featured_media":0,"parent":0,"menu_order":0,"comment_status":"closed","ping_status":"closed","template":"","meta":{"footnotes":""},"class_list":["post-2572","page","type-page","status-publish","hentry"],"_links":{"self":[{"href":"https:\/\/mittelschule-hofeck.de\/wordpress\/wp-json\/wp\/v2\/pages\/2572","targetHints":{"allow":["GET"]}}],"collection":[{"href":"https:\/\/mittelschule-hofeck.de\/wordpress\/wp-json\/wp\/v2\/pages"}],"about":[{"href":"https:\/\/mittelschule-hofeck.de\/wordpress\/wp-json\/wp\/v2\/types\/page"}],"author":[{"embeddable":true,"href":"https:\/\/mittelschule-hofeck.de\/wordpress\/wp-json\/wp\/v2\/users\/1"}],"replies":[{"embeddable":true,"href":"https:\/\/mittelschule-hofeck.de\/wordpress\/wp-json\/wp\/v2\/comments?post=2572"}],"version-history":[{"count":15,"href":"https:\/\/mittelschule-hofeck.de\/wordpress\/wp-json\/wp\/v2\/pages\/2572\/revisions"}],"predecessor-version":[{"id":9846,"href":"https:\/\/mittelschule-hofeck.de\/wordpress\/wp-json\/wp\/v2\/pages\/2572\/revisions\/9846"}],"wp:attachment":[{"href":"https:\/\/mittelschule-hofeck.de\/wordpress\/wp-json\/wp\/v2\/media?parent=2572"}],"curies":[{"name":"wp","href":"https:\/\/api.w.org\/{rel}","templated":true}]}}