{"id":2565,"date":"2019-10-30T08:37:41","date_gmt":"2019-10-30T06:37:41","guid":{"rendered":"https:\/\/mittelschule-hofeck.de\/wordpress\/?page_id=2565"},"modified":"2023-10-03T09:11:53","modified_gmt":"2023-10-03T08:11:53","slug":"leitbild","status":"publish","type":"page","link":"https:\/\/mittelschule-hofeck.de\/wordpress\/leitbild\/","title":{"rendered":"Leitbild"},"content":{"rendered":"\n<p>Im Schuljahr 2022-2023 haben wir unser Leitbild und unser Schulentwicklungsprogramm neu \u00fcberarbeitet. Dabei haben uns Schulentwicklungsmoderatoren unterst\u00fctzt und uns bei der Findung unserer Leits\u00e4tze begleitet. Die Leits\u00e4tze sollen uns bei unserer Arbeit und der gemeinsamen Entwicklung unserer Schule helfen, Bew\u00e4hrtes zu bewahren und neue Ziele zu erreichen. <\/p>\n\n\n\n<p>Unser Schulmotto lautet: <\/p>\n\n\n\n<p class=\"has-text-align-center has-very-light-gray-to-cyan-bluish-gray-gradient-background has-background has-medium-font-size\"><strong><mark style=\"background-color:rgba(0, 0, 0, 0)\" class=\"has-inline-color has-vivid-red-color\">\u201eAus der Schule- in die Praxis.\u201c<\/mark><\/strong><\/p>\n\n\n\n<p>Das sind die Leits\u00e4tze der Hofecker-Mittelschule:<\/p>\n\n\n\n<p class=\"has-text-align-center has-cyan-bluish-gray-background-color has-background\"><strong>Lehren und Lernen:<\/strong><\/p>\n\n\n\n<p>Wir fordern und f\u00f6rdern Lernende ziel- und kompetenzorientiert in individuellen Lernsituationen.<\/p>\n\n\n\n<p class=\"has-text-align-center has-cyan-bluish-gray-background-color has-background\"><strong>Schulleben:<\/strong><\/p>\n\n\n\n<p>In unserer Schule planen, verwirklichen und pflegen wir verschiedene bereichernde Angebote f\u00fcr Sch\u00fclerinnen und Sch\u00fcler sowie f\u00fcr die ganze Schulfamilie.<\/p>\n\n\n\n<p class=\"has-text-align-center has-cyan-bluish-gray-background-color has-background\"><strong>Interne Zusammenarbeit:<\/strong><\/p>\n\n\n\n<p>Wir streben eine konstruktive und wertsch\u00e4tzende Zusammenarbeit an, die auf Vertrauen, Respekt und Transparenz basiert.<\/p>\n\n\n\n<p class=\"has-text-align-center has-cyan-bluish-gray-background-color has-background\"><strong>Digitale Transformation:<\/strong><\/p>\n\n\n\n<p>An unserer Schule machen wir uns stark f\u00fcr einen unterst\u00fctzenden und gewinnbringenden Medieneinsatz sowie einen reflektierten Umgang mit digitalen Herausforderungen der Gegenwart und Zukunft.<\/p>\n\n\n\n<p class=\"has-text-align-center has-cyan-bluish-gray-background-color has-background\"><strong>KESCH:<\/strong><\/p>\n\n\n\n<p>In Zusammenarbeit mit dem Elternhaus schaffen wir ein Lernumfeld voller Vertrauen, Austausch und beidseitiger Wertsch\u00e4tzung.<\/p>\n\n\n\n<p class=\"has-text-align-center has-cyan-bluish-gray-background-color has-background\"><strong>Externe Zusammenarbeit:<\/strong><\/p>\n\n\n\n<p>Wir streben einen vertrauensvollen und konstruktiven Austausch mit unseren externen Partnern an, um mehr Transparenz zu schaffen und Unterst\u00fctzungs- und Informationsangebote fr\u00fchzeitig wahrnehmen zu k\u00f6nnen.<\/p>\n\n\n\n<p class=\"has-text-align-center has-cyan-bluish-gray-background-color has-background\"><strong>Erziehung und Werte:<\/strong><\/p>\n\n\n\n<p>Wir unterst\u00fctzen die Sch\u00fclerinnen und Sch\u00fcler anhand gemeinsam festgelegter Strukturen ein demokratisches Werteverst\u00e4ndnis zu entwickeln und schaffen gen\u00fcg Zeit und Raum f\u00fcr die Reifung zu eigenst\u00e4ndigen, empathief\u00e4higen und respektvollen Pers\u00f6nlichkeiten.<\/p>\n","protected":false},"excerpt":{"rendered":"<p>Im Schuljahr 2022-2023 haben wir unser Leitbild und unser Schulentwicklungsprogramm neu \u00fcberarbeitet. Dabei haben uns Schulentwicklungsmoderatoren unterst\u00fctzt und uns bei der Findung unserer Leits\u00e4tze begleitet. Die Leits\u00e4tze sollen uns bei unserer Arbeit und der gemeinsamen Entwicklung unserer Schule helfen, Bew\u00e4hrtes zu bewahren und neue Ziele zu erreichen. Unser Schulmotto lautet: \u201eAus der Schule- in die&#8230;<\/p>\n","protected":false},"author":1,"featured_media":0,"parent":0,"menu_order":0,"comment_status":"closed","ping_status":"closed","template":"","meta":{"footnotes":""},"class_list":["post-2565","page","type-page","status-publish","hentry"],"_links":{"self":[{"href":"https:\/\/mittelschule-hofeck.de\/wordpress\/wp-json\/wp\/v2\/pages\/2565","targetHints":{"allow":["GET"]}}],"collection":[{"href":"https:\/\/mittelschule-hofeck.de\/wordpress\/wp-json\/wp\/v2\/pages"}],"about":[{"href":"https:\/\/mittelschule-hofeck.de\/wordpress\/wp-json\/wp\/v2\/types\/page"}],"author":[{"embeddable":true,"href":"https:\/\/mittelschule-hofeck.de\/wordpress\/wp-json\/wp\/v2\/users\/1"}],"replies":[{"embeddable":true,"href":"https:\/\/mittelschule-hofeck.de\/wordpress\/wp-json\/wp\/v2\/comments?post=2565"}],"version-history":[{"count":4,"href":"https:\/\/mittelschule-hofeck.de\/wordpress\/wp-json\/wp\/v2\/pages\/2565\/revisions"}],"predecessor-version":[{"id":9897,"href":"https:\/\/mittelschule-hofeck.de\/wordpress\/wp-json\/wp\/v2\/pages\/2565\/revisions\/9897"}],"wp:attachment":[{"href":"https:\/\/mittelschule-hofeck.de\/wordpress\/wp-json\/wp\/v2\/media?parent=2565"}],"curies":[{"name":"wp","href":"https:\/\/api.w.org\/{rel}","templated":true}]}}