{"id":2527,"date":"2019-10-28T17:44:33","date_gmt":"2019-10-28T15:44:33","guid":{"rendered":"https:\/\/mittelschule-hofeck.de\/wordpress\/?page_id=2527"},"modified":"2026-02-27T10:57:38","modified_gmt":"2026-02-27T09:57:38","slug":"smv","status":"publish","type":"page","link":"https:\/\/mittelschule-hofeck.de\/wordpress\/smv\/","title":{"rendered":"SMV"},"content":{"rendered":"\n<p class=\"has-text-align-left\">Auch in diesem Schuljahr haben wir wieder eine aktive SMV.<\/p>\n\n\n\n<hr class=\"wp-block-separator has-css-opacity\"\/>\n\n\n\n<p>Als <strong>Sch\u00fclersprecher <\/strong>wurden dieses Jahr gew\u00e4hlt:<\/p>\n\n\n\n<ol class=\"wp-block-list\">\n<li>Sch\u00fclersprecherin: Zinat Yusuf 9bM<\/li>\n\n\n\n<li>Sch\u00fclersprecher: Lennox Hager 6a<\/li>\n\n\n\n<li>Sch\u00fclersprecherin: Emine Rexhaj 8bM<\/li>\n<\/ol>\n\n\n<div class=\"wp-block-image\">\n<figure class=\"aligncenter size-full is-resized\"><img loading=\"lazy\" decoding=\"async\" width=\"531\" height=\"736\" src=\"https:\/\/mittelschule-hofeck.de\/wordpress\/wp-content\/uploads\/2025\/11\/2025-SMV.jpg\" alt=\"\" class=\"wp-image-11296\" style=\"width:429px;height:auto\" srcset=\"https:\/\/mittelschule-hofeck.de\/wordpress\/wp-content\/uploads\/2025\/11\/2025-SMV.jpg 531w, https:\/\/mittelschule-hofeck.de\/wordpress\/wp-content\/uploads\/2025\/11\/2025-SMV-216x300.jpg 216w, https:\/\/mittelschule-hofeck.de\/wordpress\/wp-content\/uploads\/2025\/11\/2025-SMV-300x416.jpg 300w\" sizes=\"auto, (max-width: 531px) 100vw, 531px\" \/><\/figure>\n<\/div>\n\n\n<p class=\"has-text-align-center\"><\/p>\n\n\n\n<hr class=\"wp-block-separator has-css-opacity\"\/>\n\n\n\n<p class=\"has-text-align-center\">Als <strong>Verbindungslehrer <\/strong>2025\/2026 wurden Frau Meisel und Herr Wagner gew\u00e4hlt.<\/p>\n\n\n<div class=\"wp-block-image\">\n<figure class=\"aligncenter size-full is-resized\"><img loading=\"lazy\" decoding=\"async\" width=\"644\" height=\"702\" src=\"https:\/\/mittelschule-hofeck.de\/wordpress\/wp-content\/uploads\/2023\/10\/2023-VErbindungslehrer.jpg\" alt=\"\" class=\"wp-image-9963\" style=\"aspect-ratio:0.9173789173789174;width:426px;height:auto\" srcset=\"https:\/\/mittelschule-hofeck.de\/wordpress\/wp-content\/uploads\/2023\/10\/2023-VErbindungslehrer.jpg 644w, https:\/\/mittelschule-hofeck.de\/wordpress\/wp-content\/uploads\/2023\/10\/2023-VErbindungslehrer-275x300.jpg 275w, https:\/\/mittelschule-hofeck.de\/wordpress\/wp-content\/uploads\/2023\/10\/2023-VErbindungslehrer-300x327.jpg 300w\" sizes=\"auto, (max-width: 644px) 100vw, 644px\" \/><\/figure>\n<\/div>\n\n\n<hr class=\"wp-block-separator has-css-opacity\"\/>\n\n\n\n<p class=\"has-text-align-center\">Unsere <strong>SMV-Koordinatorin<\/strong> ist Frau Meisel.<\/p>\n\n\n\n<p class=\"has-text-align-center has-cyan-bluish-gray-color has-vivid-red-background-color has-text-color has-background\"><strong>Die Aufgaben der SMV auf einen Blick <\/strong><\/p>\n\n\n\n<ul class=\"wp-block-list\">\n<li>Mitgestaltung von Schule und Unterricht nach euren Vorstellungen.<\/li>\n\n\n\n<li>Zusammen demokratische Strukturen erlernen, d . h., gemeinsam diskutieren und entscheiden und niemanden ausschlie\u00dfen.<\/li>\n\n\n\n<li>Vermittlung zwischen verschiedenen Parteien wie z. B. Sch\u00fcler &#8211; Sch\u00fcler; Sch\u00fcler &#8211; Lehrer.<\/li>\n<\/ul>\n\n\n\n<p class=\"has-text-align-center has-cyan-bluish-gray-color has-vivid-red-background-color has-text-color has-background\"><strong>Aktionen der SMV <\/strong><\/p>\n\n\n<blockquote class=\"wp-embedded-content\" data-secret=\"vvhNKFx2mS\"><p><a href=\"https:\/\/mittelschule-hofeck.de\/wordpress\/11457\/\">Weihnachtsp\u00e4ckchenaktion der SMV<\/a><\/p><\/blockquote>\n<p><iframe loading=\"lazy\" class=\"wp-embedded-content\" sandbox=\"allow-scripts\" security=\"restricted\" style=\"position: absolute; visibility: hidden;\" title=\"&#8222;Weihnachtsp\u00e4ckchenaktion der SMV&#8220; &#8211; Hofecker Mittelschule\" src=\"https:\/\/mittelschule-hofeck.de\/wordpress\/11457\/embed\/#?secret=1Zr1m4U1v2#?secret=vvhNKFx2mS\" data-secret=\"vvhNKFx2mS\" width=\"600\" height=\"338\" frameborder=\"0\" marginwidth=\"0\" marginheight=\"0\" scrolling=\"no\"><\/iframe><\/p>\n\n\n<blockquote class=\"wp-embedded-content\" data-secret=\"XHzz62bSYq\"><p><a href=\"https:\/\/mittelschule-hofeck.de\/wordpress\/11298\/\">Bericht SMV-Tag 18.11.2025<\/a><\/p><\/blockquote>\n<p><iframe loading=\"lazy\" class=\"wp-embedded-content\" sandbox=\"allow-scripts\" security=\"restricted\" style=\"position: absolute; visibility: hidden;\" title=\"&#8222;Bericht SMV-Tag 18.11.2025&#8220; &#8212; Hofecker Mittelschule\" src=\"https:\/\/mittelschule-hofeck.de\/wordpress\/11298\/embed\/#?secret=SkbStrlNX7#?secret=XHzz62bSYq\" data-secret=\"XHzz62bSYq\" width=\"600\" height=\"338\" frameborder=\"0\" marginwidth=\"0\" marginheight=\"0\" scrolling=\"no\"><\/iframe><\/p>\n\n\n<blockquote class=\"wp-embedded-content\" data-secret=\"0UbTW584nU\"><p><a href=\"https:\/\/mittelschule-hofeck.de\/wordpress\/10829\/\">Valentinstag SMV-Aktion<\/a><\/p><\/blockquote>\n<p><iframe loading=\"lazy\" class=\"wp-embedded-content\" sandbox=\"allow-scripts\" security=\"restricted\" style=\"position: absolute; visibility: hidden;\" title=\"&#8222;Valentinstag SMV-Aktion&#8220; &#8212; Hofecker Mittelschule\" src=\"https:\/\/mittelschule-hofeck.de\/wordpress\/10829\/embed\/#?secret=gksmLHBJdW#?secret=0UbTW584nU\" data-secret=\"0UbTW584nU\" width=\"600\" height=\"338\" frameborder=\"0\" marginwidth=\"0\" marginheight=\"0\" scrolling=\"no\"><\/iframe><\/p>\n\n\n<blockquote class=\"wp-embedded-content\" data-secret=\"lXlUpS47AJ\"><p><a href=\"https:\/\/mittelschule-hofeck.de\/wordpress\/10656\/\">Gemeinsam! Einfach! Stark!<\/a><\/p><\/blockquote>\n<p><iframe loading=\"lazy\" class=\"wp-embedded-content\" sandbox=\"allow-scripts\" security=\"restricted\" style=\"position: absolute; visibility: hidden;\" title=\"&#8222;Gemeinsam! Einfach! Stark!&#8220; &#8212; Hofecker Mittelschule\" src=\"https:\/\/mittelschule-hofeck.de\/wordpress\/10656\/embed\/#?secret=d8raAz9wks#?secret=lXlUpS47AJ\" data-secret=\"lXlUpS47AJ\" width=\"600\" height=\"338\" frameborder=\"0\" marginwidth=\"0\" marginheight=\"0\" scrolling=\"no\"><\/iframe><\/p>\n\n\n<blockquote class=\"wp-embedded-content\" data-secret=\"MSaCGwTK9R\"><p><a href=\"https:\/\/mittelschule-hofeck.de\/wordpress\/10303\/\">Kennenlernen &#8211; Planen &#8211; Gemeinsam Zeit verbringen<\/a><\/p><\/blockquote>\n<p><iframe loading=\"lazy\" class=\"wp-embedded-content\" sandbox=\"allow-scripts\" security=\"restricted\" style=\"position: absolute; visibility: hidden;\" title=\"&#8222;Kennenlernen &#8211; Planen &#8211; Gemeinsam Zeit verbringen&#8220; &#8212; Hofecker Mittelschule\" src=\"https:\/\/mittelschule-hofeck.de\/wordpress\/10303\/embed\/#?secret=FswQsUp1ec#?secret=MSaCGwTK9R\" data-secret=\"MSaCGwTK9R\" width=\"600\" height=\"338\" frameborder=\"0\" marginwidth=\"0\" marginheight=\"0\" scrolling=\"no\"><\/iframe><\/p>\n\n\n<blockquote class=\"wp-embedded-content\" data-secret=\"kgEwG6F0FP\"><p><a href=\"https:\/\/mittelschule-hofeck.de\/wordpress\/9587\/\">Faschingskost\u00fcm-Challenge<\/a><\/p><\/blockquote>\n<p><iframe loading=\"lazy\" class=\"wp-embedded-content\" sandbox=\"allow-scripts\" security=\"restricted\" style=\"position: absolute; visibility: hidden;\" title=\"&#8222;Faschingskost\u00fcm-Challenge&#8220; &#8212; Hofecker Mittelschule\" src=\"https:\/\/mittelschule-hofeck.de\/wordpress\/9587\/embed\/#?secret=Dp48zU1S5H#?secret=kgEwG6F0FP\" data-secret=\"kgEwG6F0FP\" width=\"600\" height=\"338\" frameborder=\"0\" marginwidth=\"0\" marginheight=\"0\" scrolling=\"no\"><\/iframe><\/p>\n\n\n<blockquote class=\"wp-embedded-content\" data-secret=\"YRttzmrRFT\"><p><a href=\"https:\/\/mittelschule-hofeck.de\/wordpress\/9578\/\">Blumenherzen zum Valentinstag<\/a><\/p><\/blockquote>\n<p><iframe loading=\"lazy\" class=\"wp-embedded-content\" sandbox=\"allow-scripts\" security=\"restricted\" style=\"position: absolute; visibility: hidden;\" title=\"&#8222;Blumenherzen zum Valentinstag&#8220; &#8212; Hofecker Mittelschule\" src=\"https:\/\/mittelschule-hofeck.de\/wordpress\/9578\/embed\/#?secret=Oqzy3B23F0#?secret=YRttzmrRFT\" data-secret=\"YRttzmrRFT\" width=\"600\" height=\"338\" frameborder=\"0\" marginwidth=\"0\" marginheight=\"0\" scrolling=\"no\"><\/iframe><\/p>\n\n\n<blockquote class=\"wp-embedded-content\" data-secret=\"XdsHxygIhK\"><p><a href=\"https:\/\/mittelschule-hofeck.de\/wordpress\/9509\/\">\u201eEine runde Sache\u201c \u2013 die Nikolausaktion der SMV<\/a><\/p><\/blockquote>\n<p><iframe loading=\"lazy\" class=\"wp-embedded-content\" sandbox=\"allow-scripts\" security=\"restricted\" style=\"position: absolute; visibility: hidden;\" title=\"&#8222;\u201eEine runde Sache\u201c \u2013 die Nikolausaktion der SMV&#8220; &#8212; Hofecker Mittelschule\" src=\"https:\/\/mittelschule-hofeck.de\/wordpress\/9509\/embed\/#?secret=UNpZnegU2C#?secret=XdsHxygIhK\" data-secret=\"XdsHxygIhK\" width=\"600\" height=\"338\" frameborder=\"0\" marginwidth=\"0\" marginheight=\"0\" scrolling=\"no\"><\/iframe><\/p>\n","protected":false},"excerpt":{"rendered":"<p>Auch in diesem Schuljahr haben wir wieder eine aktive SMV. Als Sch\u00fclersprecher wurden dieses Jahr gew\u00e4hlt: Als Verbindungslehrer 2025\/2026 wurden Frau Meisel und Herr Wagner gew\u00e4hlt. Unsere SMV-Koordinatorin ist Frau Meisel. Die Aufgaben der SMV auf einen Blick Aktionen der SMV<\/p>\n","protected":false},"author":1,"featured_media":0,"parent":0,"menu_order":0,"comment_status":"closed","ping_status":"closed","template":"","meta":{"footnotes":""},"class_list":["post-2527","page","type-page","status-publish","hentry"],"_links":{"self":[{"href":"https:\/\/mittelschule-hofeck.de\/wordpress\/wp-json\/wp\/v2\/pages\/2527","targetHints":{"allow":["GET"]}}],"collection":[{"href":"https:\/\/mittelschule-hofeck.de\/wordpress\/wp-json\/wp\/v2\/pages"}],"about":[{"href":"https:\/\/mittelschule-hofeck.de\/wordpress\/wp-json\/wp\/v2\/types\/page"}],"author":[{"embeddable":true,"href":"https:\/\/mittelschule-hofeck.de\/wordpress\/wp-json\/wp\/v2\/users\/1"}],"replies":[{"embeddable":true,"href":"https:\/\/mittelschule-hofeck.de\/wordpress\/wp-json\/wp\/v2\/comments?post=2527"}],"version-history":[{"count":36,"href":"https:\/\/mittelschule-hofeck.de\/wordpress\/wp-json\/wp\/v2\/pages\/2527\/revisions"}],"predecessor-version":[{"id":11460,"href":"https:\/\/mittelschule-hofeck.de\/wordpress\/wp-json\/wp\/v2\/pages\/2527\/revisions\/11460"}],"wp:attachment":[{"href":"https:\/\/mittelschule-hofeck.de\/wordpress\/wp-json\/wp\/v2\/media?parent=2527"}],"curies":[{"name":"wp","href":"https:\/\/api.w.org\/{rel}","templated":true}]}}