{"id":2502,"date":"2019-10-28T11:25:14","date_gmt":"2019-10-28T09:25:14","guid":{"rendered":"https:\/\/mittelschule-hofeck.de\/wordpress\/?page_id=2502"},"modified":"2025-04-02T05:36:52","modified_gmt":"2025-04-02T04:36:52","slug":"berufsorientierende-zweige","status":"publish","type":"page","link":"https:\/\/mittelschule-hofeck.de\/wordpress\/berusforientierung\/berufsorientierende-zweige\/","title":{"rendered":"Berufsorientierende Zweige"},"content":{"rendered":"<p><!--StartFragment--><\/p>\n\n\n<p>Wir wollen unsere Sch\u00fcler f\u00fcr die Berufswelt optimal vorbereiten. Deshalb haben wir in der 7. Klasse f\u00fcr alle Sch\u00fcler folgende drei F\u00e4cher: Wirtschaft und Kommuniktion (WiK), Technik (Te) sowie Ern\u00e4hrung und Soziales (ES). Die F\u00e4cher stellen sich untern genauer vor.<\/p>\n\n\n\n<p>Ab der 8. Klasse k\u00f6nnne unsere Sch\u00fcler ein Fach w\u00e4hlen, das sie 4-st\u00fcndig haben und in dem sie am Ende dewr 9. Klasse auch ihren Qualifizierenden Abschluss machen k\u00f6nnen.<\/p>\n\n\n<p style=\"text-align: center;\"><strong>Infoflyer WiK<\/strong><\/p>\n\n\n<div data-wp-interactive=\"core\/file\" class=\"wp-block-file\"><object data-wp-bind--hidden=\"!state.hasPdfPreview\" hidden class=\"wp-block-file__embed\" data=\"https:\/\/mittelschule-hofeck.de\/wordpress\/wp-content\/uploads\/2025\/04\/Flyer_WIK_BOZFach-1.pdf\" type=\"application\/pdf\" style=\"width:100%;height:600px\" aria-label=\"Einbettung von Flyer_WIK_BOZFach.\"><\/object><a id=\"wp-block-file--media-373dddb6-a64d-49c6-8ed5-ba6e665c7da5\" href=\"https:\/\/mittelschule-hofeck.de\/wordpress\/wp-content\/uploads\/2025\/04\/Flyer_WIK_BOZFach-1.pdf\">Flyer_WIK_BOZFach<\/a><a href=\"https:\/\/mittelschule-hofeck.de\/wordpress\/wp-content\/uploads\/2025\/04\/Flyer_WIK_BOZFach-1.pdf\" class=\"wp-block-file__button wp-element-button\" download aria-describedby=\"wp-block-file--media-373dddb6-a64d-49c6-8ed5-ba6e665c7da5\">Herunterladen<\/a><\/div>\n\n\n<p style=\"text-align: center;\"><strong>Infoflyer ES<\/strong><\/p>\n\n\n<div data-wp-interactive=\"core\/file\" class=\"wp-block-file\"><object data-wp-bind--hidden=\"!state.hasPdfPreview\" hidden class=\"wp-block-file__embed\" data=\"https:\/\/mittelschule-hofeck.de\/wordpress\/wp-content\/uploads\/2025\/04\/FLYER-Boz-ES.pdf\" type=\"application\/pdf\" style=\"width:100%;height:600px\" aria-label=\"Einbettung von FLYER Boz ES.\"><\/object><a id=\"wp-block-file--media-c761a486-e1be-40dd-aa07-1352ef9e62ce\" href=\"https:\/\/mittelschule-hofeck.de\/wordpress\/wp-content\/uploads\/2025\/04\/FLYER-Boz-ES.pdf\">FLYER Boz ES<\/a><a href=\"https:\/\/mittelschule-hofeck.de\/wordpress\/wp-content\/uploads\/2025\/04\/FLYER-Boz-ES.pdf\" class=\"wp-block-file__button wp-element-button\" download aria-describedby=\"wp-block-file--media-c761a486-e1be-40dd-aa07-1352ef9e62ce\">Herunterladen<\/a><\/div>\n\n\n<p style=\"text-align: center;\"><strong>Infoflyer Technik<\/strong><\/p>\n\n\n<div data-wp-interactive=\"core\/file\" class=\"wp-block-file\"><object data-wp-bind--hidden=\"!state.hasPdfPreview\" hidden class=\"wp-block-file__embed\" data=\"https:\/\/mittelschule-hofeck.de\/wordpress\/wp-content\/uploads\/2025\/04\/FLYER-Boz-Technik.pdf\" type=\"application\/pdf\" style=\"width:100%;height:600px\" aria-label=\"Einbettung von FLYER Boz Technik.\"><\/object><a id=\"wp-block-file--media-cc220c60-aaba-4d81-ba57-54baf5c84bd4\" href=\"https:\/\/mittelschule-hofeck.de\/wordpress\/wp-content\/uploads\/2025\/04\/FLYER-Boz-Technik.pdf\">FLYER Boz Technik<\/a><a href=\"https:\/\/mittelschule-hofeck.de\/wordpress\/wp-content\/uploads\/2025\/04\/FLYER-Boz-Technik.pdf\" class=\"wp-block-file__button wp-element-button\" download aria-describedby=\"wp-block-file--media-cc220c60-aaba-4d81-ba57-54baf5c84bd4\">Herunterladen<\/a><\/div>\n","protected":false},"excerpt":{"rendered":"<p>Wir wollen unsere Sch\u00fcler f\u00fcr die Berufswelt optimal vorbereiten. Deshalb haben wir in der 7. Klasse f\u00fcr alle Sch\u00fcler folgende drei F\u00e4cher: Wirtschaft und Kommuniktion (WiK), Technik (Te) sowie Ern\u00e4hrung und Soziales (ES). Die F\u00e4cher stellen sich untern genauer vor. Ab der 8. Klasse k\u00f6nnne unsere Sch\u00fcler ein Fach w\u00e4hlen, das sie 4-st\u00fcndig haben und&#8230;<\/p>\n","protected":false},"author":1,"featured_media":0,"parent":2250,"menu_order":0,"comment_status":"closed","ping_status":"closed","template":"","meta":{"footnotes":""},"class_list":["post-2502","page","type-page","status-publish","hentry"],"_links":{"self":[{"href":"https:\/\/mittelschule-hofeck.de\/wordpress\/wp-json\/wp\/v2\/pages\/2502","targetHints":{"allow":["GET"]}}],"collection":[{"href":"https:\/\/mittelschule-hofeck.de\/wordpress\/wp-json\/wp\/v2\/pages"}],"about":[{"href":"https:\/\/mittelschule-hofeck.de\/wordpress\/wp-json\/wp\/v2\/types\/page"}],"author":[{"embeddable":true,"href":"https:\/\/mittelschule-hofeck.de\/wordpress\/wp-json\/wp\/v2\/users\/1"}],"replies":[{"embeddable":true,"href":"https:\/\/mittelschule-hofeck.de\/wordpress\/wp-json\/wp\/v2\/comments?post=2502"}],"version-history":[{"count":10,"href":"https:\/\/mittelschule-hofeck.de\/wordpress\/wp-json\/wp\/v2\/pages\/2502\/revisions"}],"predecessor-version":[{"id":10976,"href":"https:\/\/mittelschule-hofeck.de\/wordpress\/wp-json\/wp\/v2\/pages\/2502\/revisions\/10976"}],"up":[{"embeddable":true,"href":"https:\/\/mittelschule-hofeck.de\/wordpress\/wp-json\/wp\/v2\/pages\/2250"}],"wp:attachment":[{"href":"https:\/\/mittelschule-hofeck.de\/wordpress\/wp-json\/wp\/v2\/media?parent=2502"}],"curies":[{"name":"wp","href":"https:\/\/api.w.org\/{rel}","templated":true}]}}