{"id":2323,"date":"2019-10-07T12:12:58","date_gmt":"2019-10-07T10:12:58","guid":{"rendered":"https:\/\/mittelschule-hofeck.de\/wordpress\/?page_id=2323"},"modified":"2025-09-01T15:07:18","modified_gmt":"2025-09-01T14:07:18","slug":"schulprofil","status":"publish","type":"page","link":"https:\/\/mittelschule-hofeck.de\/wordpress\/schulprofil\/","title":{"rendered":"Schulprofil"},"content":{"rendered":"\n<p>Die Hofecker-Mittelschule ist eine von drei gro\u00dfen\nStadtschulen in Hof. Im Schuljahr 2010\/11 wurden wir zur Mittelschule ernannt,\nda wir die daf\u00fcr vorgesehenen Voraussetzungen m\u00fchelos erf\u00fcllen k\u00f6nnen. Wir\ngeh\u00f6ren dem Schulverbund Hof-Bayerisches Vogtland an.<\/p>\n\n\n\n<p>Als Rektorin steht Frau Laila Pedall der Mittelschule vor, unterst\u00fctzt wird sie von Herrn Dominik Sch\u00f6ffel als Konrektor.<\/p>\n\n\n\n<p>Zusammen mit der Hofecker-Grundschule, die eine eigene\nSchule mit eigener Schulleitung ist, befinden wir uns im Quetschenweg 4 in Hof.\nVon 2009-2015 wurde das Geb\u00e4ude komplett saniert und erweitert. Seitdem stehen\nuns moderne und technisch gut ausgestattete R\u00e4ume, eine Doppelturnhalle und ein\nfreundlich gestalteter Pausenhof zur Verf\u00fcgung.<\/p>\n\n\n\n<p>Im Schuljahr 2024\/25 haben wir 15 Klassen mit rund 319 Sch\u00fclern, die von 15 Klassenlehrkr\u00e4ften und 25 Fachlehrern betreut werden. Zus\u00e4tzlich arbeiten wir mit au\u00dferschulischen Partnern zusammen, deren p\u00e4dagogisch ausgebildete Fachkr\u00e4fte in den Praxisklassen und in der Offenen Ganztagsbetreuung zum Einsatz kommen.<\/p>\n\n\n\n<p>Unser Angebot ist vielf\u00e4ltig: Es umfasst neben einem voll ausgebauten M-Zug, der die Sch\u00fcler zum Mittleren Schulabschluss f\u00fchrt, Regelklassen, die einen erfolgreichen und einen qualifizierenden Abschluss der Mittelschule erm\u00f6glichen, zwei Fu\u00dfballklassen, zwei Gitarrenklassen, eine Alphabetisierungsklasse, eine eCn-Klasse sowie zwei Praxisklassen und eine Offene Ganztagsbetreuung, die alle Jahrgangsstufen umfasst.<\/p>\n\n\n\n<p>Die Hofecker-Mittelschule bietet allen Sch\u00fclern ein\nbegabungsgerechtes Lernangebot und begabungsgerechte Abschl\u00fcsse mit dem\nSchwerpunkt im praktischen Bereich. Seit Jahren arbeiten wir im Rahmen von\nBetriebserkundungen und Praktika sehr intensiv mit Partnern aus Wirtschaft,\nHandwerk und Industrie zusammen. Besonders im Bereich unserer Praxisklassen pflegen\nwir enge Kontakte mit der heimischen Wirtschaft.<\/p>\n\n\n\n<p>Wir sind t\u00e4glich f\u00fcr unsere Sch\u00fcler da!<\/p>\n\n\n<div class=\"wp-block-image\">\n<figure class=\"aligncenter size-full\"><img loading=\"lazy\" decoding=\"async\" width=\"634\" height=\"935\" src=\"https:\/\/mittelschule-hofeck.de\/wordpress\/wp-content\/uploads\/2024\/02\/2024-Schulprofil.jpg\" alt=\"\" class=\"wp-image-10235\" srcset=\"https:\/\/mittelschule-hofeck.de\/wordpress\/wp-content\/uploads\/2024\/02\/2024-Schulprofil.jpg 634w, https:\/\/mittelschule-hofeck.de\/wordpress\/wp-content\/uploads\/2024\/02\/2024-Schulprofil-203x300.jpg 203w, https:\/\/mittelschule-hofeck.de\/wordpress\/wp-content\/uploads\/2024\/02\/2024-Schulprofil-300x442.jpg 300w\" sizes=\"auto, (max-width: 634px) 100vw, 634px\" \/><\/figure>\n<\/div>","protected":false},"excerpt":{"rendered":"<p>Die Hofecker-Mittelschule ist eine von drei gro\u00dfen Stadtschulen in Hof. Im Schuljahr 2010\/11 wurden wir zur Mittelschule ernannt, da wir die daf\u00fcr vorgesehenen Voraussetzungen m\u00fchelos erf\u00fcllen k\u00f6nnen. Wir geh\u00f6ren dem Schulverbund Hof-Bayerisches Vogtland an. Als Rektorin steht Frau Laila Pedall der Mittelschule vor, unterst\u00fctzt wird sie von Herrn Dominik Sch\u00f6ffel als Konrektor. Zusammen mit der&#8230;<\/p>\n","protected":false},"author":1,"featured_media":0,"parent":0,"menu_order":0,"comment_status":"closed","ping_status":"closed","template":"","meta":{"footnotes":""},"class_list":["post-2323","page","type-page","status-publish","hentry"],"_links":{"self":[{"href":"https:\/\/mittelschule-hofeck.de\/wordpress\/wp-json\/wp\/v2\/pages\/2323","targetHints":{"allow":["GET"]}}],"collection":[{"href":"https:\/\/mittelschule-hofeck.de\/wordpress\/wp-json\/wp\/v2\/pages"}],"about":[{"href":"https:\/\/mittelschule-hofeck.de\/wordpress\/wp-json\/wp\/v2\/types\/page"}],"author":[{"embeddable":true,"href":"https:\/\/mittelschule-hofeck.de\/wordpress\/wp-json\/wp\/v2\/users\/1"}],"replies":[{"embeddable":true,"href":"https:\/\/mittelschule-hofeck.de\/wordpress\/wp-json\/wp\/v2\/comments?post=2323"}],"version-history":[{"count":14,"href":"https:\/\/mittelschule-hofeck.de\/wordpress\/wp-json\/wp\/v2\/pages\/2323\/revisions"}],"predecessor-version":[{"id":11188,"href":"https:\/\/mittelschule-hofeck.de\/wordpress\/wp-json\/wp\/v2\/pages\/2323\/revisions\/11188"}],"wp:attachment":[{"href":"https:\/\/mittelschule-hofeck.de\/wordpress\/wp-json\/wp\/v2\/media?parent=2323"}],"curies":[{"name":"wp","href":"https:\/\/api.w.org\/{rel}","templated":true}]}}