{"id":2319,"date":"2019-10-07T12:12:17","date_gmt":"2019-10-07T10:12:17","guid":{"rendered":"https:\/\/mittelschule-hofeck.de\/wordpress\/?page_id=2319"},"modified":"2020-01-30T19:18:51","modified_gmt":"2020-01-30T18:18:51","slug":"hausmeister","status":"publish","type":"page","link":"https:\/\/mittelschule-hofeck.de\/wordpress\/hausmeister\/","title":{"rendered":"Hausmeister"},"content":{"rendered":"\n<p>Unseren Hausmeister Herrn Hohenberger findet man entweder in seinem B\u00fcro am Haupteingang, in den Pausen beim Pausenverkauf oder allgemein im Schulhaus.<\/p>\n\n\n\n<p>Er ist Ansprechpartner f\u00fcr alle Klassenr\u00e4ume, Nebenr\u00e4ume, den Pausenhof, die Turnhalle- eben alle Dinge, die mit dem Geb\u00e4ude zu tun haben.<\/p>\n\n\n\n<figure class=\"wp-block-gallery columns-2 is-cropped wp-block-gallery-1 is-layout-flex wp-block-gallery-is-layout-flex\"><ul class=\"blocks-gallery-grid\"><li class=\"blocks-gallery-item\"><figure><img loading=\"lazy\" decoding=\"async\" width=\"768\" height=\"1024\" src=\"https:\/\/mittelschule-hofeck.de\/wordpress\/wp-content\/uploads\/2020\/01\/IMG_20200129_170055_resized_20200130_071607087-768x1024.jpg\" alt=\"\" data-id=\"3002\" class=\"wp-image-3002\" srcset=\"https:\/\/mittelschule-hofeck.de\/wordpress\/wp-content\/uploads\/2020\/01\/IMG_20200129_170055_resized_20200130_071607087-768x1024.jpg 768w, https:\/\/mittelschule-hofeck.de\/wordpress\/wp-content\/uploads\/2020\/01\/IMG_20200129_170055_resized_20200130_071607087-225x300.jpg 225w, https:\/\/mittelschule-hofeck.de\/wordpress\/wp-content\/uploads\/2020\/01\/IMG_20200129_170055_resized_20200130_071607087.jpg 864w\" sizes=\"auto, (max-width: 768px) 100vw, 768px\" \/><\/figure><\/li><li class=\"blocks-gallery-item\"><figure><img loading=\"lazy\" decoding=\"async\" width=\"1024\" height=\"768\" src=\"https:\/\/mittelschule-hofeck.de\/wordpress\/wp-content\/uploads\/2020\/01\/IMG_20200129_170119_resized_20200130_071607936-1024x768.jpg\" alt=\"\" data-id=\"3003\" data-full-url=\"https:\/\/mittelschule-hofeck.de\/wordpress\/wp-content\/uploads\/2020\/01\/IMG_20200129_170119_resized_20200130_071607936.jpg\" data-link=\"https:\/\/mittelschule-hofeck.de\/wordpress\/hausmeister\/img_20200129_170119_resized_20200130_071607936\/#main\" class=\"wp-image-3003\" srcset=\"https:\/\/mittelschule-hofeck.de\/wordpress\/wp-content\/uploads\/2020\/01\/IMG_20200129_170119_resized_20200130_071607936-1024x768.jpg 1024w, https:\/\/mittelschule-hofeck.de\/wordpress\/wp-content\/uploads\/2020\/01\/IMG_20200129_170119_resized_20200130_071607936-300x225.jpg 300w, https:\/\/mittelschule-hofeck.de\/wordpress\/wp-content\/uploads\/2020\/01\/IMG_20200129_170119_resized_20200130_071607936-768x576.jpg 768w, https:\/\/mittelschule-hofeck.de\/wordpress\/wp-content\/uploads\/2020\/01\/IMG_20200129_170119_resized_20200130_071607936.jpg 1152w\" sizes=\"auto, (max-width: 1024px) 100vw, 1024px\" \/><\/figure><\/li><\/ul><\/figure>\n","protected":false},"excerpt":{"rendered":"<p>Unseren Hausmeister Herrn Hohenberger findet man entweder in seinem B\u00fcro am Haupteingang, in den Pausen beim Pausenverkauf oder allgemein im Schulhaus. Er ist Ansprechpartner f\u00fcr alle Klassenr\u00e4ume, Nebenr\u00e4ume, den Pausenhof, die Turnhalle- eben alle Dinge, die mit dem Geb\u00e4ude zu tun haben.<\/p>\n","protected":false},"author":1,"featured_media":0,"parent":0,"menu_order":0,"comment_status":"closed","ping_status":"closed","template":"","meta":{"footnotes":""},"class_list":["post-2319","page","type-page","status-publish","hentry"],"_links":{"self":[{"href":"https:\/\/mittelschule-hofeck.de\/wordpress\/wp-json\/wp\/v2\/pages\/2319","targetHints":{"allow":["GET"]}}],"collection":[{"href":"https:\/\/mittelschule-hofeck.de\/wordpress\/wp-json\/wp\/v2\/pages"}],"about":[{"href":"https:\/\/mittelschule-hofeck.de\/wordpress\/wp-json\/wp\/v2\/types\/page"}],"author":[{"embeddable":true,"href":"https:\/\/mittelschule-hofeck.de\/wordpress\/wp-json\/wp\/v2\/users\/1"}],"replies":[{"embeddable":true,"href":"https:\/\/mittelschule-hofeck.de\/wordpress\/wp-json\/wp\/v2\/comments?post=2319"}],"version-history":[{"count":5,"href":"https:\/\/mittelschule-hofeck.de\/wordpress\/wp-json\/wp\/v2\/pages\/2319\/revisions"}],"predecessor-version":[{"id":3004,"href":"https:\/\/mittelschule-hofeck.de\/wordpress\/wp-json\/wp\/v2\/pages\/2319\/revisions\/3004"}],"wp:attachment":[{"href":"https:\/\/mittelschule-hofeck.de\/wordpress\/wp-json\/wp\/v2\/media?parent=2319"}],"curies":[{"name":"wp","href":"https:\/\/api.w.org\/{rel}","templated":true}]}}