{"id":1648,"date":"2018-06-06T22:23:17","date_gmt":"2018-06-06T20:23:17","guid":{"rendered":"http:\/\/mittelschule-hofeck.de\/wordpress\/?page_id=1648"},"modified":"2018-06-06T23:35:00","modified_gmt":"2018-06-06T21:35:00","slug":"datenschutzerklaerung-der-hofecker-mittelschule","status":"publish","type":"page","link":"https:\/\/mittelschule-hofeck.de\/wordpress\/impressum\/datenschutzerklaerung-der-hofecker-mittelschule\/","title":{"rendered":"Datenschutzerkl\u00e4rung der Hofecker-Mittelschule"},"content":{"rendered":"<h2>Allgemein<\/h2>\n<p>Die Adresse unserer Website ist: https:\/\/mittelschule-hofeck.de\/wordpress.<\/p>\n<p>Verantwortlicher und Datenschutzbeauftragter<br \/>\nVerantwortlicher gem. Art. 4 Abs. 7 EU-Datenschutz-Grundverordnung (EU-DSGVO) ist<\/p>\n<table style=\"height: 35px;\" border=\"0\" width=\"857\">\n<tbody>\n<tr>\n<td align=\"left\" valign=\"top\" width=\"200\"><b>Seifert, Klaus Max<\/b><br \/>\nSophien-Grundschule Hof<\/td>\n<td align=\"left\" valign=\"top\" width=\"200\">W\u00f6rthstr. 21<br \/>\n95028 Hof<\/td>\n<td align=\"left\" valign=\"top\" width=\"200\"><\/td>\n<td align=\"left\" valign=\"top\" width=\"200\"><\/td>\n<\/tr>\n<\/tbody>\n<\/table>\n<p>Unseren Datenschutzbeauftragten der Grund- und Mittelschulen der Stadt Hof erreichen Sie unter <a href=\"mailto:datensch.vs_hof_stadt@web.de\">datensch.vs_hof_stadt@web.de<\/a>, Tel.: 09281 140090. Der Dienstanbieter dieser Homepage ist der Freistaat Bayern, da Landesbedienstete die Inhalte gestalten und redaktionell bearbeiten.<\/p>\n<h2>Welche personenbezogenen Daten wir sammeln und warum wir sie sammeln<\/h2>\n<h3>Kommentare<\/h3>\n<p>Wenn Besucher Kommentare auf der Website schreiben, sammeln wir die Daten, die im Kommentar-Formular angezeigt werden, au\u00dferdem die IP-Adresse des Besuchers und den User-Agent-String (damit wird der Browser identifiziert), um die Erkennung von Spam zu unterst\u00fctzen.<\/p>\n<p>Aus deiner E-Mail-Adresse kann eine anonymisierte Zeichenfolge erstellt (auch Hash genannt) und dem Gravatar-Dienst \u00fcbergeben werden, um zu pr\u00fcfen, ob du diesen benutzt. Die Datenschutzerkl\u00e4rung des Gravatar-Dienstes findest du hier: https:\/\/automattic.com\/privacy\/. Nachdem dein Kommentar freigegeben wurde, ist dein Profilbild \u00f6ffentlich im Kontext deines Kommentars sichtbar.<\/p>\n<h3>Medien<\/h3>\n<p>Wenn du ein registrierter Benutzer bist und Fotos auf diese Website l\u00e4dst, solltest du vermeiden, Fotos mit einem EXIF-GPS-Standort hochzuladen. Besucher dieser Website k\u00f6nnten Fotos, die auf dieser Website gespeichert sind, herunterladen und deren Standort-Informationen extrahieren.<\/p>\n<h3>Kontaktaufnahme<\/h3>\n<p>Information \u00fcber die Erhebung personenbezogener Daten, Speicherdauer.<\/p>\n<p>Im Folgenden informieren wir \u00fcber die Erhebung personenbezogener Daten bei Nutzung unserer Website. Personenbezogene Daten sind alle Daten, die auf Sie pers\u00f6nlich beziehbar sind, z. B. Na-me, Adresse, E-Mail-Adressen, Nutzerverhalten.<br \/>\nBei Ihrer Kontaktaufnahme mit uns per E-Mail oder \u00fcber ein Kontaktformular werden die von Ihnen mitgeteilten Daten (Ihre E-Mail-Adresse, ggf. Ihr Name und Ihre Telefonnummer) von uns gespeichert, um Ihre Fragen zu beantworten. Die in diesem Zusammenhang anfallenden Daten l\u00f6schen wir, nach-dem die Speicherung nicht mehr erforderlich ist, oder schr\u00e4nken die Verarbeitung ein, falls gesetzliche Aufbewahrungspflichten bestehen.<br \/>\nFalls wir f\u00fcr einzelne Funktionen unseres Angebots auf beauftragte Dienstleister zur\u00fcckgreifen, werden wir Sie untenstehend im Detail \u00fcber die jeweiligen Vorg\u00e4nge informieren. Dabei nennen wir auch die festgelegten Kriterien der Speicherdauer.<\/p>\n<h3>Ihre Rechte<\/h3>\n<p>Sie haben gegen\u00fcber uns folgende Rechte hinsichtlich der Sie betreffenden personenbezogenen Daten:<br \/>\n\u2013 Recht auf Auskunft,<br \/>\n\u2013 Recht auf Berichtigung oder L\u00f6schung,<br \/>\n\u2013 Recht auf Einschr\u00e4nkung der Verarbeitung,<br \/>\n\u2013 Recht auf Widerspruch gegen die Verarbeitung,<br \/>\n\u2013 Recht auf Daten\u00fcbertragbarkeit.<br \/>\nSie haben zudem das Recht, sich bei einer Datenschutz-Aufsichtsbeh\u00f6rde \u00fcber die Verarbeitung Ihrer personenbezogenen Daten durch uns zu beschweren.<\/p>\n<p>Die Datenschutzaufsichtsbeh\u00f6rde ist Der Bayerische Landesbeauftragte f\u00fcr den Datenschutz<\/p>\n<p>Prof. Dr. Thomas Petri,<br \/>\nWagm\u00fcllerstra\u00dfe 18, 80538 M\u00fcnchen,<br \/>\nE-Mail: poststelle@datenschutz-bayern.de<br \/>\nTelefon: 089 212672-0<\/p>\n<p>Werden personenbezogene Daten an ein Drittland oder an eine internationale Organisation<br \/>\n\u00fcbermittelt, so haben Sie das Recht, \u00fcber die geeigneten Garantien gem\u00e4\u00df Art. 46 EU-DSGVO im Zusammenhang mit der \u00dcbermittlung unterrichtet zu werden.<\/p>\n<h3>Erhebung und Zweck personenbezogener Daten bei Besuch unserer Website<\/h3>\n<p>Bei der blo\u00df informatorischen Nutzung der Website, also wenn Sie sich nicht registrieren oder uns anderweitig Informationen \u00fcbermitteln, erheben wir nur die personenbezogenen Daten, die Ihr Brow-ser an unseren Server \u00fcbermittelt. Wenn Sie unsere Website betrachten m\u00f6chten, erheben wir die folgenden Daten, die f\u00fcr uns technisch erforderlich sind, um Ihnen unsere Website anzuzeigen und die Stabilit\u00e4t und Sicherheit zu gew\u00e4hrleisten (Rechtsgrundlage ist Art. 6 Abs. 1 S. 1 lit. f EU-DSGVO):<\/p>\n<p>&#8211; IP-Adresse<br \/>\n&#8211; Datum und Uhrzeit der Anfrage<br \/>\n&#8211; Zeitzonendifferenz zur Greenwich Mean Time (GMT)<br \/>\n&#8211; Inhalt der Anforderung (konkrete Seite)<br \/>\n&#8211; Zugriffsstatus\/HTTP-Statuscode<br \/>\n&#8211; jeweils \u00fcbertragene Datenmenge<br \/>\n&#8211; Website, von der die Anforderung kommt<br \/>\n&#8211; Betriebssystem und dessen Oberfl\u00e4che<br \/>\n&#8211; Browsertyp, Sprache und Version der Browsersoftware.<\/p>\n<h3>Cookies<\/h3>\n<p>Zus\u00e4tzlich zu den zuvor genannten Daten werden bei Ihrer Nutzung unserer Website Cookies auf Ihrem Rechner gespeichert. Bei Cookies handelt es sich um kleine Textdateien, die auf Ihrer Festplat-te dem von Ihnen verwendeten Browser zugeordnet gespeichert werden und durch welche der Stelle, die den Cookie setzt (hier durch uns), bestimmte Informationen zuflie\u00dfen. Cookies k\u00f6nnen keine Pro-gramme ausf\u00fchren oder Viren auf Ihren Computer \u00fcbertragen. Sie dienen dazu, das Internetangebot insgesamt nutzerfreundlicher und effektiver zu machen.<br \/>\nEinsatz von Cookies 1:<br \/>\na) Diese Website nutzt folgende Arten von Cookies, deren Umfang und Funktionsweise im Fol-genden erl\u00e4utert werden:<br \/>\n\u2013 Transiente Cookies (dazu b)<br \/>\n\u2013 Persistente Cookies (dazu c).<br \/>\nb) Transiente Cookies werden automatisiert gel\u00f6scht, wenn Sie den Browser schlie\u00dfen. Dazu z\u00e4h-len insbesondere die Session-Cookies. Diese speichern eine sogenannte Session-ID, mit wel-cher sich verschiedene Anfragen Ihres Browsers der gemeinsamen Sitzung zuordnen lassen. Dadurch kann Ihr Rechner wiedererkannt werden, wenn Sie auf unsere Website zur\u00fcckkehren. Die Session-Cookies werden gel\u00f6scht, wenn Sie sich ausloggen oder den Browser schlie\u00dfen.<br \/>\nc) Persistente Cookies werden automatisiert nach einer vorgegebenen Dauer gel\u00f6scht, die sich je nach Cookie unterscheiden kann. Sie k\u00f6nnen die Cookies in den Sicherheitseinstellungen Ihres Browsers jederzeit l\u00f6schen.<br \/>\nd) Sie k\u00f6nnen Ihre Browser-Einstellung entsprechend Ihren W\u00fcnschen konfigurieren und z. B. die Annahme von Third-Party-Cookies oder allen Cookies ablehnen. Wir weisen Sie darauf hin, dass Sie eventuell nicht alle Funktionen dieser Website nutzen k\u00f6nnen.<br \/>\ne) [Wir setzen Cookies ein, um Sie f\u00fcr Folgebesuche identifizieren zu k\u00f6nnen, falls Sie \u00fcber einen Account bei uns verf\u00fcgen. Andernfalls m\u00fcssten Sie sich f\u00fcr jeden Besuch erneut einloggen.]<br \/>\nf) [Die genutzten Flash-Cookies werden nicht durch Ihren Browser erfasst, sondern durch Ihr Flash-Plug-in. Weiterhin nutzen wir HTML5 storage objects, die auf Ihrem Endger\u00e4t abgelegt werden. Diese Objekte speichern die erforderlichen Daten unabh\u00e4ngig von Ihrem verwendeten Browser und haben kein automatisches Ablaufdatum. Wenn Sie keine Verarbeitung der Flash-Cookies w\u00fcnschen, m\u00fcssen Sie ein entsprechendes Add-On installieren, z. B. \u201eBetter Privacy\u201c f\u00fcr Mozilla Firefox (https:\/\/addons.mozilla.org\/de\/firefox\/addon\/betterprivacy\/) oder das Adobe-Flash-Killer-Cookie f\u00fcr Google Chrome. Die Nutzung von HTML5 storage objects k\u00f6nnen Sie verhindern, indem Sie in Ihrem Browser den privaten Modus einsetzen. Zudem empfehlen wir, regelm\u00e4\u00dfig Ihre Cookies und den Browser-Verlauf manuell zu l\u00f6schen.]<\/p>\n<h3>Eingebettete Inhalte von anderen Websites<\/h3>\n<p>Beitr\u00e4ge auf dieser Website k\u00f6nnen eingebettete Inhalte beinhalten (z.\u00a0B. Videos, Bilder, Beitr\u00e4ge etc.). Eingebettete Inhalte von anderen Websites verhalten sich exakt so, als ob der Besucher die andere Website besucht h\u00e4tte.<\/p>\n<p>Diese Websites k\u00f6nnen Daten \u00fcber Sie sammeln, Cookies benutzen, zus\u00e4tzliche Tracking-Dienste von Dritten einbetten und deine Interaktion mit diesem eingebetteten Inhalt aufzeichnen, inklusive deiner Interaktion mit dem eingebetteten Inhalt, falls du ein Konto hast und auf dieser Website angemeldet bist.<\/p>\n<h3>Wie lange wir deine Daten speichern<\/h3>\n<p>Wenn du einen Kommentar schreibst, wird dieser inklusive Metadaten zeitlich unbegrenzt gespeichert. Auf diese Art k\u00f6nnen wir Folgekommentare automatisch erkennen und freigeben, anstelle sie in einer Moderations-Warteschlange festzuhalten.<\/p>\n<p>F\u00fcr Benutzer, die sich auf unserer Website registrieren, speichern wir zus\u00e4tzlich die pers\u00f6nlichen Informationen, die sie in ihren Benutzerprofilen angeben. Alle Benutzer k\u00f6nnen jederzeit ihre pers\u00f6nlichen Informationen einsehen, ver\u00e4ndern oder l\u00f6schen (der Benutzername kann nicht ver\u00e4ndert werden). Administratoren der Website k\u00f6nnen diese Informationen ebenfalls einsehen und ver\u00e4ndern.<\/p>\n<h3>Wohin wir deine Daten senden<\/h3>\n<p>Besucher-Kommentare k\u00f6nnten von einem automatisierten Dienst zur Spam-Erkennung untersucht werden.<\/p>\n","protected":false},"excerpt":{"rendered":"<p>Allgemein Die Adresse unserer Website ist: https:\/\/mittelschule-hofeck.de\/wordpress. Verantwortlicher und Datenschutzbeauftragter Verantwortlicher gem. Art. 4 Abs. 7 EU-Datenschutz-Grundverordnung (EU-DSGVO) ist Seifert, Klaus Max Sophien-Grundschule Hof W\u00f6rthstr. 21 95028 Hof Unseren Datenschutzbeauftragten der Grund- und Mittelschulen der Stadt Hof erreichen Sie unter datensch.vs_hof_stadt@web.de, Tel.: 09281 140090. Der Dienstanbieter dieser Homepage ist der Freistaat Bayern, da Landesbedienstete die&#8230;<\/p>\n","protected":false},"author":1,"featured_media":0,"parent":403,"menu_order":0,"comment_status":"closed","ping_status":"closed","template":"","meta":{"footnotes":""},"class_list":["post-1648","page","type-page","status-publish","hentry"],"_links":{"self":[{"href":"https:\/\/mittelschule-hofeck.de\/wordpress\/wp-json\/wp\/v2\/pages\/1648","targetHints":{"allow":["GET"]}}],"collection":[{"href":"https:\/\/mittelschule-hofeck.de\/wordpress\/wp-json\/wp\/v2\/pages"}],"about":[{"href":"https:\/\/mittelschule-hofeck.de\/wordpress\/wp-json\/wp\/v2\/types\/page"}],"author":[{"embeddable":true,"href":"https:\/\/mittelschule-hofeck.de\/wordpress\/wp-json\/wp\/v2\/users\/1"}],"replies":[{"embeddable":true,"href":"https:\/\/mittelschule-hofeck.de\/wordpress\/wp-json\/wp\/v2\/comments?post=1648"}],"version-history":[{"count":5,"href":"https:\/\/mittelschule-hofeck.de\/wordpress\/wp-json\/wp\/v2\/pages\/1648\/revisions"}],"predecessor-version":[{"id":1663,"href":"https:\/\/mittelschule-hofeck.de\/wordpress\/wp-json\/wp\/v2\/pages\/1648\/revisions\/1663"}],"up":[{"embeddable":true,"href":"https:\/\/mittelschule-hofeck.de\/wordpress\/wp-json\/wp\/v2\/pages\/403"}],"wp:attachment":[{"href":"https:\/\/mittelschule-hofeck.de\/wordpress\/wp-json\/wp\/v2\/media?parent=1648"}],"curies":[{"name":"wp","href":"https:\/\/api.w.org\/{rel}","templated":true}]}}