{"id":11283,"date":"2025-11-16T10:29:40","date_gmt":"2025-11-16T09:29:40","guid":{"rendered":"https:\/\/mittelschule-hofeck.de\/wordpress\/?page_id=11283"},"modified":"2025-11-16T10:29:40","modified_gmt":"2025-11-16T09:29:40","slug":"startchancen-schule","status":"publish","type":"page","link":"https:\/\/mittelschule-hofeck.de\/wordpress\/startchancen-schule\/","title":{"rendered":"Startchancen-Schule"},"content":{"rendered":"\n<p>Mit dem Schuljahr 2025-2026 wurden wir in das Startchancen-Programm des Bundesministeriums f\u00fcr Bildung und Forschung aufganommen. Das Startchancen-Programm des BMBF unterst\u00fctzt Schulen mit einem hohen Anteil sozial benachteiligter Sch\u00fclerinnen und Sch\u00fcler. Es ist das gr\u00f6\u00dfte und langfristigste Bildungsprogramm in der Geschichte der Bundesrepublik Deutschland.<\/p>\n\n\n\n<figure class=\"wp-block-image size-full\"><img loading=\"lazy\" decoding=\"async\" width=\"1000\" height=\"508\" src=\"https:\/\/mittelschule-hofeck.de\/wordpress\/wp-content\/uploads\/2025\/11\/startchancen-logo.png\" alt=\"\" class=\"wp-image-11284\" srcset=\"https:\/\/mittelschule-hofeck.de\/wordpress\/wp-content\/uploads\/2025\/11\/startchancen-logo.png 1000w, https:\/\/mittelschule-hofeck.de\/wordpress\/wp-content\/uploads\/2025\/11\/startchancen-logo-300x152.png 300w, https:\/\/mittelschule-hofeck.de\/wordpress\/wp-content\/uploads\/2025\/11\/startchancen-logo-768x390.png 768w, https:\/\/mittelschule-hofeck.de\/wordpress\/wp-content\/uploads\/2025\/11\/startchancen-logo-850x432.png 850w\" sizes=\"auto, (max-width: 1000px) 100vw, 1000px\" \/><\/figure>\n\n\n\n<p>Folgende Chancen bietet das Startchancen-Programm:<\/p>\n\n\n\n<ul class=\"wp-block-list\">\n<li><strong>Chancengerechtigkeit<\/strong><\/li>\n\n\n\n<li><strong>St\u00e4rkung der Basiskompetenzen<\/strong><\/li>\n\n\n\n<li><strong>Impulse geben und Neues erm\u00f6glichen<\/strong><\/li>\n\n\n\n<li><strong>Zukunftsinvestition<\/strong><\/li>\n<\/ul>\n\n\n\n<p>Dies soll erreicht werden durch die St\u00e4rkung der Basis- und Zukunftskompetenzen und die Unterst\u00fctzung der Schulentwicklung. Daf\u00fcr werden 3 Programms\u00e4ulen finanziert:<\/p>\n\n\n\n<ul class=\"wp-block-list\">\n<li><strong>S\u00e4ule 1: Investition in eine zeitgem\u00e4\u00dfe lernf\u00f6rderliche Umgebung<\/strong><\/li>\n\n\n\n<li><strong>S\u00e4ule 2: Chancenbudget f\u00fcr bedarfsgerechte L\u00f6sungen in der Schule<\/strong><\/li>\n\n\n\n<li><strong>S\u00e4ule 3: Personal zur St\u00e4rkung multiprofessioneller Teams<\/strong><\/li>\n<\/ul>\n\n\n\n<p><\/p>\n","protected":false},"excerpt":{"rendered":"<p>Mit dem Schuljahr 2025-2026 wurden wir in das Startchancen-Programm des Bundesministeriums f\u00fcr Bildung und Forschung aufganommen. Das Startchancen-Programm des BMBF unterst\u00fctzt Schulen mit einem hohen Anteil sozial benachteiligter Sch\u00fclerinnen und Sch\u00fcler. Es ist das gr\u00f6\u00dfte und langfristigste Bildungsprogramm in der Geschichte der Bundesrepublik Deutschland. Folgende Chancen bietet das Startchancen-Programm: Dies soll erreicht werden durch die&#8230;<\/p>\n","protected":false},"author":1,"featured_media":0,"parent":0,"menu_order":0,"comment_status":"closed","ping_status":"closed","template":"","meta":{"footnotes":""},"class_list":["post-11283","page","type-page","status-publish","hentry"],"_links":{"self":[{"href":"https:\/\/mittelschule-hofeck.de\/wordpress\/wp-json\/wp\/v2\/pages\/11283","targetHints":{"allow":["GET"]}}],"collection":[{"href":"https:\/\/mittelschule-hofeck.de\/wordpress\/wp-json\/wp\/v2\/pages"}],"about":[{"href":"https:\/\/mittelschule-hofeck.de\/wordpress\/wp-json\/wp\/v2\/types\/page"}],"author":[{"embeddable":true,"href":"https:\/\/mittelschule-hofeck.de\/wordpress\/wp-json\/wp\/v2\/users\/1"}],"replies":[{"embeddable":true,"href":"https:\/\/mittelschule-hofeck.de\/wordpress\/wp-json\/wp\/v2\/comments?post=11283"}],"version-history":[{"count":1,"href":"https:\/\/mittelschule-hofeck.de\/wordpress\/wp-json\/wp\/v2\/pages\/11283\/revisions"}],"predecessor-version":[{"id":11285,"href":"https:\/\/mittelschule-hofeck.de\/wordpress\/wp-json\/wp\/v2\/pages\/11283\/revisions\/11285"}],"wp:attachment":[{"href":"https:\/\/mittelschule-hofeck.de\/wordpress\/wp-json\/wp\/v2\/media?parent=11283"}],"curies":[{"name":"wp","href":"https:\/\/api.w.org\/{rel}","templated":true}]}}