{"id":11239,"date":"2025-10-02T13:22:37","date_gmt":"2025-10-02T12:22:37","guid":{"rendered":"https:\/\/mittelschule-hofeck.de\/wordpress\/?page_id=11239"},"modified":"2025-10-02T13:22:37","modified_gmt":"2025-10-02T12:22:37","slug":"schulsozialpaedagogin","status":"publish","type":"page","link":"https:\/\/mittelschule-hofeck.de\/wordpress\/schulsozialpaedagogin\/","title":{"rendered":"Schulsozialp\u00e4dagogin"},"content":{"rendered":"\n<p>Seit dem 01.10.2025 haben wir eine Schulsozialp\u00e4dagogin an unserer Schule. Amy Brunner unterst\u00fctzt uns mit pr\u00e4ventiven Gruppenangeboten und erg\u00e4nzt damit das sozialp\u00e4dagogische Angebot. Damit haben wir nun JaS (Jugendsozialarbeit an Schulen) und Schulsozialarbeit an unserer Schule.<\/p>\n\n\n<div class=\"wp-block-image\">\n<figure class=\"aligncenter size-large\"><img loading=\"lazy\" decoding=\"async\" width=\"724\" height=\"1024\" src=\"https:\/\/mittelschule-hofeck.de\/wordpress\/wp-content\/uploads\/2025\/10\/Steckbrief-Amy-_20251002_140308_0000-724x1024.jpg\" alt=\"\" class=\"wp-image-11240\" srcset=\"https:\/\/mittelschule-hofeck.de\/wordpress\/wp-content\/uploads\/2025\/10\/Steckbrief-Amy-_20251002_140308_0000-724x1024.jpg 724w, https:\/\/mittelschule-hofeck.de\/wordpress\/wp-content\/uploads\/2025\/10\/Steckbrief-Amy-_20251002_140308_0000-212x300.jpg 212w, https:\/\/mittelschule-hofeck.de\/wordpress\/wp-content\/uploads\/2025\/10\/Steckbrief-Amy-_20251002_140308_0000-768x1086.jpg 768w, https:\/\/mittelschule-hofeck.de\/wordpress\/wp-content\/uploads\/2025\/10\/Steckbrief-Amy-_20251002_140308_0000-1086x1536.jpg 1086w, https:\/\/mittelschule-hofeck.de\/wordpress\/wp-content\/uploads\/2025\/10\/Steckbrief-Amy-_20251002_140308_0000-1448x2048.jpg 1448w, https:\/\/mittelschule-hofeck.de\/wordpress\/wp-content\/uploads\/2025\/10\/Steckbrief-Amy-_20251002_140308_0000-300x424.jpg 300w, https:\/\/mittelschule-hofeck.de\/wordpress\/wp-content\/uploads\/2025\/10\/Steckbrief-Amy-_20251002_140308_0000-850x1202.jpg 850w, https:\/\/mittelschule-hofeck.de\/wordpress\/wp-content\/uploads\/2025\/10\/Steckbrief-Amy-_20251002_140308_0000.jpg 1587w\" sizes=\"auto, (max-width: 724px) 100vw, 724px\" \/><\/figure>\n<\/div>","protected":false},"excerpt":{"rendered":"<p>Seit dem 01.10.2025 haben wir eine Schulsozialp\u00e4dagogin an unserer Schule. Amy Brunner unterst\u00fctzt uns mit pr\u00e4ventiven Gruppenangeboten und erg\u00e4nzt damit das sozialp\u00e4dagogische Angebot. Damit haben wir nun JaS (Jugendsozialarbeit an Schulen) und Schulsozialarbeit an unserer Schule.<\/p>\n","protected":false},"author":1,"featured_media":0,"parent":0,"menu_order":0,"comment_status":"closed","ping_status":"closed","template":"","meta":{"footnotes":""},"class_list":["post-11239","page","type-page","status-publish","hentry"],"_links":{"self":[{"href":"https:\/\/mittelschule-hofeck.de\/wordpress\/wp-json\/wp\/v2\/pages\/11239","targetHints":{"allow":["GET"]}}],"collection":[{"href":"https:\/\/mittelschule-hofeck.de\/wordpress\/wp-json\/wp\/v2\/pages"}],"about":[{"href":"https:\/\/mittelschule-hofeck.de\/wordpress\/wp-json\/wp\/v2\/types\/page"}],"author":[{"embeddable":true,"href":"https:\/\/mittelschule-hofeck.de\/wordpress\/wp-json\/wp\/v2\/users\/1"}],"replies":[{"embeddable":true,"href":"https:\/\/mittelschule-hofeck.de\/wordpress\/wp-json\/wp\/v2\/comments?post=11239"}],"version-history":[{"count":1,"href":"https:\/\/mittelschule-hofeck.de\/wordpress\/wp-json\/wp\/v2\/pages\/11239\/revisions"}],"predecessor-version":[{"id":11241,"href":"https:\/\/mittelschule-hofeck.de\/wordpress\/wp-json\/wp\/v2\/pages\/11239\/revisions\/11241"}],"wp:attachment":[{"href":"https:\/\/mittelschule-hofeck.de\/wordpress\/wp-json\/wp\/v2\/media?parent=11239"}],"curies":[{"name":"wp","href":"https:\/\/api.w.org\/{rel}","templated":true}]}}