{"id":10388,"date":"2024-06-12T15:32:16","date_gmt":"2024-06-12T14:32:16","guid":{"rendered":"https:\/\/mittelschule-hofeck.de\/wordpress\/?page_id=10388"},"modified":"2025-09-18T14:33:11","modified_gmt":"2025-09-18T13:33:11","slug":"gitarrenklasse","status":"publish","type":"page","link":"https:\/\/mittelschule-hofeck.de\/wordpress\/gitarrenklasse\/","title":{"rendered":"Gitarrenklasse"},"content":{"rendered":"\n<p>Ab dem Schuljahr 2024\/25 haben unsere F\u00fcnft- und sp\u00e4ter Sechstkl\u00e4ssler die M\u00f6glichkeit die Gitarrenklasse zu besuchen. Damit m\u00f6chten wir die musikalische F\u00f6rderung unserer Sch\u00fcler, neben der bereits bestehenden sportlichen und praxisorientierten F\u00f6rderung, in den Fokus stellen.<\/p>\n\n\n\n<figure class=\"wp-block-image size-large\"><img loading=\"lazy\" decoding=\"async\" width=\"1024\" height=\"702\" src=\"https:\/\/mittelschule-hofeck.de\/wordpress\/wp-content\/uploads\/2024\/07\/Gitarrenklasse-Logo-1024x702.jpg\" alt=\"\" class=\"wp-image-10445\" srcset=\"https:\/\/mittelschule-hofeck.de\/wordpress\/wp-content\/uploads\/2024\/07\/Gitarrenklasse-Logo-1024x702.jpg 1024w, https:\/\/mittelschule-hofeck.de\/wordpress\/wp-content\/uploads\/2024\/07\/Gitarrenklasse-Logo-300x206.jpg 300w, https:\/\/mittelschule-hofeck.de\/wordpress\/wp-content\/uploads\/2024\/07\/Gitarrenklasse-Logo-768x527.jpg 768w, https:\/\/mittelschule-hofeck.de\/wordpress\/wp-content\/uploads\/2024\/07\/Gitarrenklasse-Logo-850x583.jpg 850w, https:\/\/mittelschule-hofeck.de\/wordpress\/wp-content\/uploads\/2024\/07\/Gitarrenklasse-Logo.jpg 1094w\" sizes=\"auto, (max-width: 1024px) 100vw, 1024px\" \/><\/figure>\n\n\n\n<p>In der Gitarrenklasse werden die Sch\u00fclerinnen und Sch\u00fcler zus\u00e4tzlich zum regul\u00e4ren Musikunterricht einen qualifizierten Gitarrenunterricht erhalten und das Spielen dieses Instruments erlernen.<br>Damit alle Sch\u00fcler unserer Schule, unabh\u00e4ngig von der finanziellen Situation des Elternhauses, die M\u00f6glichkeit erhalten, dieses Angebot wahrzunehmen, gibt es kostenlose Leihinstrumente, welche an die Sch\u00fclerinnen und Sch\u00fcler ausgegeben werden.<\/p>\n\n\n\n<p>Unsere Gitarrenklasse ist ein besonderes Angebot, denn das Erlernen eines Instruments f\u00f6rdert durch das Zusammenspiel aus Bewegung, Intellekt und Emotion die geistige Entwicklung der Kinder und Jugendlichen. Gleichzeitig soll die Gitarrenklasse einen Impuls f\u00fcr eine sinnvolle Freizeitgestaltung geben, was in der heutigen Zeit wichtiger denn je ist. Dies m\u00f6chten wir unseren Sch\u00fclerinnen und Sch\u00fclern erm\u00f6glichen, unabh\u00e4ngig von ihrer sozialen Herkunft.<\/p>\n\n\n\n<figure class=\"wp-block-image size-large\"><a href=\"https:\/\/www.klasse-im-puls.de\/\" target=\"_blank\" rel=\" noreferrer noopener\"><img loading=\"lazy\" decoding=\"async\" width=\"1024\" height=\"366\" src=\"https:\/\/mittelschule-hofeck.de\/wordpress\/wp-content\/uploads\/2025\/09\/kimp_logo-1024x366.jpg\" alt=\"\" class=\"wp-image-11204\" srcset=\"https:\/\/mittelschule-hofeck.de\/wordpress\/wp-content\/uploads\/2025\/09\/kimp_logo-1024x366.jpg 1024w, https:\/\/mittelschule-hofeck.de\/wordpress\/wp-content\/uploads\/2025\/09\/kimp_logo-300x107.jpg 300w, https:\/\/mittelschule-hofeck.de\/wordpress\/wp-content\/uploads\/2025\/09\/kimp_logo-768x275.jpg 768w, https:\/\/mittelschule-hofeck.de\/wordpress\/wp-content\/uploads\/2025\/09\/kimp_logo-850x304.jpg 850w, https:\/\/mittelschule-hofeck.de\/wordpress\/wp-content\/uploads\/2025\/09\/kimp_logo.jpg 1400w\" sizes=\"auto, (max-width: 1024px) 100vw, 1024px\" \/><\/a><\/figure>\n\n\n\n<p>Seit dem Schuljahr 2025-2026 wurden wir in das F\u00f6rderprogramm klasse.im.puls aufgenommen. Dadurch werden wir von der Friedrich-Alexander-Universit\u00e4t Erlangen-N\u00fcrnberg und dem F\u00f6rderverein klasse.im.puls e.V. unterst\u00fctzt und fachlich beraten. Wir danken ebenfalls der Sparkasse-Hochfranken f\u00fcr ihre finanzielle Unterst\u00fctzung. des klasse.im.puls F\u00f6rderprogramms.<\/p>\n\n\n\n<hr class=\"wp-block-separator has-alpha-channel-opacity\"\/>\n\n\n\n<figure class=\"wp-block-embed is-type-wp-embed is-provider-hofecker-mittelschule wp-block-embed-hofecker-mittelschule\"><div class=\"wp-block-embed__wrapper\">\n<blockquote class=\"wp-embedded-content\" data-secret=\"gbzZ9W0N1F\"><a href=\"https:\/\/mittelschule-hofeck.de\/wordpress\/10934\/\">Unterst\u00fctzung der Gitarrenklasse durch die Dr. Hans Vie\u00dfmann-Stiftung, Hof<\/a><\/blockquote><iframe loading=\"lazy\" class=\"wp-embedded-content\" sandbox=\"allow-scripts\" security=\"restricted\" style=\"position: absolute; visibility: hidden;\" title=\"&#8222;Unterst\u00fctzung der Gitarrenklasse durch die Dr. Hans Vie\u00dfmann-Stiftung, Hof&#8220; &#8212; Hofecker Mittelschule\" src=\"https:\/\/mittelschule-hofeck.de\/wordpress\/10934\/embed\/#?secret=cjF0wbGv10#?secret=gbzZ9W0N1F\" data-secret=\"gbzZ9W0N1F\" width=\"600\" height=\"338\" frameborder=\"0\" marginwidth=\"0\" marginheight=\"0\" scrolling=\"no\"><\/iframe>\n<\/div><\/figure>\n\n\n\n<figure class=\"wp-block-embed aligncenter is-type-wp-embed is-provider-hofecker-mittelschule wp-block-embed-hofecker-mittelschule\"><div class=\"wp-block-embed__wrapper\">\n<blockquote class=\"wp-embedded-content\" data-secret=\"NrGY69u5af\"><a href=\"https:\/\/mittelschule-hofeck.de\/wordpress\/10390\/\">Unterst\u00fctzung der Gitarrenklasse durch die von Leitner-Grimm Sch\u00fclerstiftung<\/a><\/blockquote><iframe loading=\"lazy\" class=\"wp-embedded-content\" sandbox=\"allow-scripts\" security=\"restricted\" style=\"position: absolute; visibility: hidden;\" title=\"&#8222;Unterst\u00fctzung der Gitarrenklasse durch die von Leitner-Grimm Sch\u00fclerstiftung&#8220; &#8212; Hofecker Mittelschule\" src=\"https:\/\/mittelschule-hofeck.de\/wordpress\/10390\/embed\/#?secret=9RdvLtNRp0#?secret=NrGY69u5af\" data-secret=\"NrGY69u5af\" width=\"600\" height=\"338\" frameborder=\"0\" marginwidth=\"0\" marginheight=\"0\" scrolling=\"no\"><\/iframe>\n<\/div><\/figure>\n\n\n<blockquote class=\"wp-embedded-content\" data-secret=\"5xg6XIl9ug\"><p><a href=\"https:\/\/mittelschule-hofeck.de\/wordpress\/10498\/\">Sachspende von der Hans Thomann-Stiftung<\/a><\/p><\/blockquote>\n<p><iframe loading=\"lazy\" class=\"wp-embedded-content\" sandbox=\"allow-scripts\" security=\"restricted\" style=\"position: absolute; visibility: hidden;\" title=\"&#8222;Sachspende von der Hans Thomann-Stiftung&#8220; &#8212; Hofecker Mittelschule\" src=\"https:\/\/mittelschule-hofeck.de\/wordpress\/10498\/embed\/#?secret=9lL5zpNERb#?secret=5xg6XIl9ug\" data-secret=\"5xg6XIl9ug\" width=\"600\" height=\"338\" frameborder=\"0\" marginwidth=\"0\" marginheight=\"0\" scrolling=\"no\"><\/iframe><\/p>\n\n\n\n<hr class=\"wp-block-separator has-alpha-channel-opacity\"\/>\n\n\n\n<p>Wir danken unseren Sponsoren:<\/p>\n\n\n\n<div class=\"wp-block-group\"><div class=\"wp-block-group__inner-container is-layout-constrained wp-block-group-is-layout-constrained\">\n<ul class=\"wp-block-list\">\n<li>Dr. Hans Vie\u00dfmann-Stiftung<\/li>\n\n\n\n<li>Thomann-Stiftung<\/li>\n\n\n\n<li>von-Leitner-Grimm-Stiftung<\/li>\n<\/ul>\n<\/div><\/div>\n\n\n\n<figure class=\"wp-block-gallery has-nested-images columns-default is-cropped wp-block-gallery-1 is-layout-flex wp-block-gallery-is-layout-flex\">\n<figure class=\"wp-block-image size-large\"><img loading=\"lazy\" decoding=\"async\" width=\"695\" height=\"458\" data-id=\"10441\" src=\"https:\/\/mittelschule-hofeck.de\/wordpress\/wp-content\/uploads\/2024\/07\/Gitarrenklasse-Zeitung-e1719848236719.jpg\" alt=\"\" class=\"wp-image-10441\" srcset=\"https:\/\/mittelschule-hofeck.de\/wordpress\/wp-content\/uploads\/2024\/07\/Gitarrenklasse-Zeitung-e1719848236719.jpg 695w, https:\/\/mittelschule-hofeck.de\/wordpress\/wp-content\/uploads\/2024\/07\/Gitarrenklasse-Zeitung-e1719848236719-300x198.jpg 300w, https:\/\/mittelschule-hofeck.de\/wordpress\/wp-content\/uploads\/2024\/07\/Gitarrenklasse-Zeitung-e1719848236719-350x230.jpg 350w\" sizes=\"auto, (max-width: 695px) 100vw, 695px\" \/><\/figure>\n<\/figure>\n\n\n\n<p>Frankenpost vom 01.07.2024<\/p>\n","protected":false},"excerpt":{"rendered":"<p>Ab dem Schuljahr 2024\/25 haben unsere F\u00fcnft- und sp\u00e4ter Sechstkl\u00e4ssler die M\u00f6glichkeit die Gitarrenklasse zu besuchen. Damit m\u00f6chten wir die musikalische F\u00f6rderung unserer Sch\u00fcler, neben der bereits bestehenden sportlichen und praxisorientierten F\u00f6rderung, in den Fokus stellen. In der Gitarrenklasse werden die Sch\u00fclerinnen und Sch\u00fcler zus\u00e4tzlich zum regul\u00e4ren Musikunterricht einen qualifizierten Gitarrenunterricht erhalten und das Spielen&#8230;<\/p>\n","protected":false},"author":1,"featured_media":0,"parent":0,"menu_order":0,"comment_status":"closed","ping_status":"closed","template":"","meta":{"footnotes":""},"class_list":["post-10388","page","type-page","status-publish","hentry"],"_links":{"self":[{"href":"https:\/\/mittelschule-hofeck.de\/wordpress\/wp-json\/wp\/v2\/pages\/10388","targetHints":{"allow":["GET"]}}],"collection":[{"href":"https:\/\/mittelschule-hofeck.de\/wordpress\/wp-json\/wp\/v2\/pages"}],"about":[{"href":"https:\/\/mittelschule-hofeck.de\/wordpress\/wp-json\/wp\/v2\/types\/page"}],"author":[{"embeddable":true,"href":"https:\/\/mittelschule-hofeck.de\/wordpress\/wp-json\/wp\/v2\/users\/1"}],"replies":[{"embeddable":true,"href":"https:\/\/mittelschule-hofeck.de\/wordpress\/wp-json\/wp\/v2\/comments?post=10388"}],"version-history":[{"count":12,"href":"https:\/\/mittelschule-hofeck.de\/wordpress\/wp-json\/wp\/v2\/pages\/10388\/revisions"}],"predecessor-version":[{"id":11210,"href":"https:\/\/mittelschule-hofeck.de\/wordpress\/wp-json\/wp\/v2\/pages\/10388\/revisions\/11210"}],"wp:attachment":[{"href":"https:\/\/mittelschule-hofeck.de\/wordpress\/wp-json\/wp\/v2\/media?parent=10388"}],"curies":[{"name":"wp","href":"https:\/\/api.w.org\/{rel}","templated":true}]}}